{"id":205,"date":"2025-05-08T06:05:53","date_gmt":"2025-05-08T06:05:53","guid":{"rendered":"https:\/\/planbet.cafe\/fo\/?page_id=205"},"modified":"2025-10-14T18:04:17","modified_gmt":"2025-10-14T18:04:17","slug":"apk","status":"publish","type":"page","link":"https:\/\/planbet.cafe\/fo\/apk\/","title":{"rendered":"Apk"},"content":{"rendered":"","protected":false},"excerpt":{"rendered":"","protected":false},"author":1,"featured_media":0,"parent":0,"menu_order":0,"comment_status":"closed","ping_status":"closed","template":"","meta":{"footnotes":""},"class_list":["post-205","page","type-page","status-publish","hentry"],"yoast_head":"<!-- This site is optimized with the Yoast SEO plugin v25.0 - https:\/\/yoast.com\/wordpress\/plugins\/seo\/ -->\n<title>S\u00e6kja PlanBet APK | Ve\u00f0ja \u00e1 \u00cdtr\u00f3tti &amp; Spila Spilav\u00edti Leiki .<\/title>\n<meta name=\"description\" content=\"Heinta PlanBet appina til Android (APK) og nj\u00f3t skj\u00f3tt, trygt og hent fartelefon veddingar og spilav\u00edtisp\u00f8l. F\u00e1 n\u00fdggjastu \u00fatg\u00e1vuna og byrja at sp\u00e6la \u00ed dag!\" \/>\n<meta name=\"robots\" content=\"index, follow, max-snippet:-1, max-image-preview:large, max-video-preview:-1\" \/>\n<meta property=\"og:locale\" content=\"fo_FO\" \/>\n<meta property=\"og:type\" content=\"article\" \/>\n<meta property=\"og:title\" content=\"S\u00e6kja PlanBet APK | Ve\u00f0ja \u00e1 \u00cdtr\u00f3tti &amp; Spila Spilav\u00edti Leiki .\" \/>\n<meta property=\"og:description\" content=\"Heinta PlanBet appina til Android (APK) og nj\u00f3t skj\u00f3tt, trygt og hent fartelefon veddingar og spilav\u00edtisp\u00f8l. F\u00e1 n\u00fdggjastu \u00fatg\u00e1vuna og byrja at sp\u00e6la \u00ed dag!\" \/>\n<meta property=\"og:url\" content=\"https:\/\/planbet.cafe\/fo\/apk\/\" \/>\n<meta property=\"og:site_name\" content=\"Planbet FO\" \/>\n<meta property=\"article:modified_time\" content=\"2025-10-14T18:04:17+00:00\" \/>\n<meta name=\"twitter:card\" content=\"summary_large_image\" \/>\n<script type=\"application\/ld+json\" class=\"yoast-schema-graph\">{\"@context\":\"https:\/\/schema.org\",\"@graph\":[{\"@type\":\"WebPage\",\"@id\":\"https:\/\/planbet.cafe\/fo\/apk\/\",\"url\":\"https:\/\/planbet.cafe\/fo\/apk\/\",\"name\":\"S\u00e6kja PlanBet APK | Ve\u00f0ja \u00e1 \u00cdtr\u00f3tti & Spila Spilav\u00edti Leiki .\",\"isPartOf\":{\"@id\":\"https:\/\/planbet.cafe\/fo\/#website\"},\"datePublished\":\"2025-05-08T06:05:53+00:00\",\"dateModified\":\"2025-10-14T18:04:17+00:00\",\"description\":\"Heinta PlanBet appina til Android (APK) og nj\u00f3t skj\u00f3tt, trygt og hent fartelefon veddingar og spilav\u00edtisp\u00f8l. F\u00e1 n\u00fdggjastu \u00fatg\u00e1vuna og byrja at sp\u00e6la \u00ed dag!\",\"breadcrumb\":{\"@id\":\"https:\/\/planbet.cafe\/fo\/apk\/#breadcrumb\"},\"inLanguage\":\"fo\",\"potentialAction\":[{\"@type\":\"ReadAction\",\"target\":[\"https:\/\/planbet.cafe\/fo\/apk\/\"]}]},{\"@type\":\"BreadcrumbList\",\"@id\":\"https:\/\/planbet.cafe\/fo\/apk\/#breadcrumb\",\"itemListElement\":[{\"@type\":\"ListItem\",\"position\":1,\"name\":\"Home\",\"item\":\"https:\/\/planbet.cafe\/fo\/\"},{\"@type\":\"ListItem\",\"position\":2,\"name\":\"Apk\"}]},{\"@type\":\"WebSite\",\"@id\":\"https:\/\/planbet.cafe\/fo\/#website\",\"url\":\"https:\/\/planbet.cafe\/fo\/\",\"name\":\"Planbet FO\",\"description\":\"My WordPress Blog\",\"potentialAction\":[{\"@type\":\"SearchAction\",\"target\":{\"@type\":\"EntryPoint\",\"urlTemplate\":\"https:\/\/planbet.cafe\/fo\/?s={search_term_string}\"},\"query-input\":{\"@type\":\"PropertyValueSpecification\",\"valueRequired\":true,\"valueName\":\"search_term_string\"}}],\"inLanguage\":\"fo\"}]}<\/script>\n<!-- \/ Yoast SEO plugin. -->","yoast_head_json":{"title":"S\u00e6kja PlanBet APK | Ve\u00f0ja \u00e1 \u00cdtr\u00f3tti & Spila Spilav\u00edti Leiki .","description":"Heinta PlanBet appina til Android (APK) og nj\u00f3t skj\u00f3tt, trygt og hent fartelefon veddingar og spilav\u00edtisp\u00f8l. F\u00e1 n\u00fdggjastu \u00fatg\u00e1vuna og byrja at sp\u00e6la \u00ed dag!","robots":{"index":"index","follow":"follow","max-snippet":"max-snippet:-1","max-image-preview":"max-image-preview:large","max-video-preview":"max-video-preview:-1"},"og_locale":"fo_FO","og_type":"article","og_title":"S\u00e6kja PlanBet APK | Ve\u00f0ja \u00e1 \u00cdtr\u00f3tti & Spila Spilav\u00edti Leiki .","og_description":"Heinta PlanBet appina til Android (APK) og nj\u00f3t skj\u00f3tt, trygt og hent fartelefon veddingar og spilav\u00edtisp\u00f8l. F\u00e1 n\u00fdggjastu \u00fatg\u00e1vuna og byrja at sp\u00e6la \u00ed dag!","og_url":"https:\/\/planbet.cafe\/fo\/apk\/","og_site_name":"Planbet FO","article_modified_time":"2025-10-14T18:04:17+00:00","twitter_card":"summary_large_image","schema":{"@context":"https:\/\/schema.org","@graph":[{"@type":"WebPage","@id":"https:\/\/planbet.cafe\/fo\/apk\/","url":"https:\/\/planbet.cafe\/fo\/apk\/","name":"S\u00e6kja PlanBet APK | Ve\u00f0ja \u00e1 \u00cdtr\u00f3tti & Spila Spilav\u00edti Leiki .","isPartOf":{"@id":"https:\/\/planbet.cafe\/fo\/#website"},"datePublished":"2025-05-08T06:05:53+00:00","dateModified":"2025-10-14T18:04:17+00:00","description":"Heinta PlanBet appina til Android (APK) og nj\u00f3t skj\u00f3tt, trygt og hent fartelefon veddingar og spilav\u00edtisp\u00f8l. F\u00e1 n\u00fdggjastu \u00fatg\u00e1vuna og byrja at sp\u00e6la \u00ed dag!","breadcrumb":{"@id":"https:\/\/planbet.cafe\/fo\/apk\/#breadcrumb"},"inLanguage":"fo","potentialAction":[{"@type":"ReadAction","target":["https:\/\/planbet.cafe\/fo\/apk\/"]}]},{"@type":"BreadcrumbList","@id":"https:\/\/planbet.cafe\/fo\/apk\/#breadcrumb","itemListElement":[{"@type":"ListItem","position":1,"name":"Home","item":"https:\/\/planbet.cafe\/fo\/"},{"@type":"ListItem","position":2,"name":"Apk"}]},{"@type":"WebSite","@id":"https:\/\/planbet.cafe\/fo\/#website","url":"https:\/\/planbet.cafe\/fo\/","name":"Planbet FO","description":"My WordPress Blog","potentialAction":[{"@type":"SearchAction","target":{"@type":"EntryPoint","urlTemplate":"https:\/\/planbet.cafe\/fo\/?s={search_term_string}"},"query-input":{"@type":"PropertyValueSpecification","valueRequired":true,"valueName":"search_term_string"}}],"inLanguage":"fo"}]}},"_links":{"self":[{"href":"https:\/\/planbet.cafe\/fo\/wp-json\/wp\/v2\/pages\/205","targetHints":{"allow":["GET"]}}],"collection":[{"href":"https:\/\/planbet.cafe\/fo\/wp-json\/wp\/v2\/pages"}],"about":[{"href":"https:\/\/planbet.cafe\/fo\/wp-json\/wp\/v2\/types\/page"}],"author":[{"embeddable":true,"href":"https:\/\/planbet.cafe\/fo\/wp-json\/wp\/v2\/users\/1"}],"replies":[{"embeddable":true,"href":"https:\/\/planbet.cafe\/fo\/wp-json\/wp\/v2\/comments?post=205"}],"version-history":[{"count":8,"href":"https:\/\/planbet.cafe\/fo\/wp-json\/wp\/v2\/pages\/205\/revisions"}],"predecessor-version":[{"id":470,"href":"https:\/\/planbet.cafe\/fo\/wp-json\/wp\/v2\/pages\/205\/revisions\/470"}],"wp:attachment":[{"href":"https:\/\/planbet.cafe\/fo\/wp-json\/wp\/v2\/media?parent=205"}],"curies":[{"name":"wp","href":"https:\/\/api.w.org\/{rel}","templated":true}]}}