{"id":2,"date":"2023-05-18T17:18:34","date_gmt":"2023-05-18T17:18:34","guid":{"rendered":"http:\/\/planbet.cafe\/fo\/?page_id=2"},"modified":"2025-09-30T04:29:55","modified_gmt":"2025-09-30T04:29:55","slug":"sample-page","status":"publish","type":"page","link":"https:\/\/planbet.cafe\/fo\/","title":{"rendered":"Heima"},"content":{"rendered":"","protected":false},"excerpt":{"rendered":"","protected":false},"author":1,"featured_media":0,"parent":0,"menu_order":0,"comment_status":"closed","ping_status":"open","template":"","meta":{"footnotes":""},"class_list":["post-2","page","type-page","status-publish","hentry"],"yoast_head":"<!-- This site is optimized with the Yoast SEO plugin v25.0 - https:\/\/yoast.com\/wordpress\/plugins\/seo\/ -->\n<title>PlanBet 2025 | N\u00fdggjur pallur til \u00cdtr\u00f3ttarveddingar og spilav\u00edtisp\u00f8l .<\/title>\n<meta name=\"description\" content=\"PlanBet (2025) er n\u00fdggja happingarsta\u00f0urin \u00e1 netinum til \u00edtr\u00f3ttarveddingar og spilav\u00edtissp\u00f8l. Ver vi\u00f0 \u00ed 150.000 n\u00f8gdum sp\u00e6larum og uppliv premium t\u00e6nastu og r\u00famligar bonus.\" \/>\n<meta name=\"robots\" content=\"index, follow, max-snippet:-1, max-image-preview:large, max-video-preview:-1\" \/>\n<meta property=\"og:locale\" content=\"fo_FO\" \/>\n<meta property=\"og:type\" content=\"article\" \/>\n<meta property=\"og:title\" content=\"PlanBet 2025 | N\u00fdggjur pallur til \u00cdtr\u00f3ttarveddingar og spilav\u00edtisp\u00f8l .\" \/>\n<meta property=\"og:description\" content=\"PlanBet (2025) er n\u00fdggja happingarsta\u00f0urin \u00e1 netinum til \u00edtr\u00f3ttarveddingar og spilav\u00edtissp\u00f8l. Ver vi\u00f0 \u00ed 150.000 n\u00f8gdum sp\u00e6larum og uppliv premium t\u00e6nastu og r\u00famligar bonus.\" \/>\n<meta property=\"og:url\" content=\"https:\/\/planbet.cafe\/fo\/\" \/>\n<meta property=\"og:site_name\" content=\"Planbet FO\" \/>\n<meta property=\"article:modified_time\" content=\"2025-09-30T04:29:55+00:00\" \/>\n<meta name=\"twitter:card\" content=\"summary_large_image\" \/>\n<script type=\"application\/ld+json\" class=\"yoast-schema-graph\">{\"@context\":\"https:\/\/schema.org\",\"@graph\":[{\"@type\":\"WebPage\",\"@id\":\"https:\/\/planbet.cafe\/fo\/\",\"url\":\"https:\/\/planbet.cafe\/fo\/\",\"name\":\"PlanBet 2025 | N\u00fdggjur pallur til \u00cdtr\u00f3ttarveddingar og spilav\u00edtisp\u00f8l .\",\"isPartOf\":{\"@id\":\"https:\/\/planbet.cafe\/fo\/#website\"},\"datePublished\":\"2023-05-18T17:18:34+00:00\",\"dateModified\":\"2025-09-30T04:29:55+00:00\",\"description\":\"PlanBet (2025) er n\u00fdggja happingarsta\u00f0urin \u00e1 netinum til \u00edtr\u00f3ttarveddingar og spilav\u00edtissp\u00f8l. Ver vi\u00f0 \u00ed 150.000 n\u00f8gdum sp\u00e6larum og uppliv premium t\u00e6nastu og r\u00famligar bonus.\",\"breadcrumb\":{\"@id\":\"https:\/\/planbet.cafe\/fo\/#breadcrumb\"},\"inLanguage\":\"fo\",\"potentialAction\":[{\"@type\":\"ReadAction\",\"target\":[\"https:\/\/planbet.cafe\/fo\/\"]}]},{\"@type\":\"BreadcrumbList\",\"@id\":\"https:\/\/planbet.cafe\/fo\/#breadcrumb\",\"itemListElement\":[{\"@type\":\"ListItem\",\"position\":1,\"name\":\"Home\",\"item\":\"https:\/\/planbet.cafe\/fo\/\"},{\"@type\":\"ListItem\",\"position\":2,\"name\":\"Heima\"}]},{\"@type\":\"WebSite\",\"@id\":\"https:\/\/planbet.cafe\/fo\/#website\",\"url\":\"https:\/\/planbet.cafe\/fo\/\",\"name\":\"Planbet FO\",\"description\":\"My WordPress Blog\",\"potentialAction\":[{\"@type\":\"SearchAction\",\"target\":{\"@type\":\"EntryPoint\",\"urlTemplate\":\"https:\/\/planbet.cafe\/fo\/?s={search_term_string}\"},\"query-input\":{\"@type\":\"PropertyValueSpecification\",\"valueRequired\":true,\"valueName\":\"search_term_string\"}}],\"inLanguage\":\"fo\"}]}<\/script>\n<!-- \/ Yoast SEO plugin. -->","yoast_head_json":{"title":"PlanBet 2025 | N\u00fdggjur pallur til \u00cdtr\u00f3ttarveddingar og spilav\u00edtisp\u00f8l .","description":"PlanBet (2025) er n\u00fdggja happingarsta\u00f0urin \u00e1 netinum til \u00edtr\u00f3ttarveddingar og spilav\u00edtissp\u00f8l. Ver vi\u00f0 \u00ed 150.000 n\u00f8gdum sp\u00e6larum og uppliv premium t\u00e6nastu og r\u00famligar bonus.","robots":{"index":"index","follow":"follow","max-snippet":"max-snippet:-1","max-image-preview":"max-image-preview:large","max-video-preview":"max-video-preview:-1"},"og_locale":"fo_FO","og_type":"article","og_title":"PlanBet 2025 | N\u00fdggjur pallur til \u00cdtr\u00f3ttarveddingar og spilav\u00edtisp\u00f8l .","og_description":"PlanBet (2025) er n\u00fdggja happingarsta\u00f0urin \u00e1 netinum til \u00edtr\u00f3ttarveddingar og spilav\u00edtissp\u00f8l. Ver vi\u00f0 \u00ed 150.000 n\u00f8gdum sp\u00e6larum og uppliv premium t\u00e6nastu og r\u00famligar bonus.","og_url":"https:\/\/planbet.cafe\/fo\/","og_site_name":"Planbet FO","article_modified_time":"2025-09-30T04:29:55+00:00","twitter_card":"summary_large_image","schema":{"@context":"https:\/\/schema.org","@graph":[{"@type":"WebPage","@id":"https:\/\/planbet.cafe\/fo\/","url":"https:\/\/planbet.cafe\/fo\/","name":"PlanBet 2025 | N\u00fdggjur pallur til \u00cdtr\u00f3ttarveddingar og spilav\u00edtisp\u00f8l .","isPartOf":{"@id":"https:\/\/planbet.cafe\/fo\/#website"},"datePublished":"2023-05-18T17:18:34+00:00","dateModified":"2025-09-30T04:29:55+00:00","description":"PlanBet (2025) er n\u00fdggja happingarsta\u00f0urin \u00e1 netinum til \u00edtr\u00f3ttarveddingar og spilav\u00edtissp\u00f8l. Ver vi\u00f0 \u00ed 150.000 n\u00f8gdum sp\u00e6larum og uppliv premium t\u00e6nastu og r\u00famligar bonus.","breadcrumb":{"@id":"https:\/\/planbet.cafe\/fo\/#breadcrumb"},"inLanguage":"fo","potentialAction":[{"@type":"ReadAction","target":["https:\/\/planbet.cafe\/fo\/"]}]},{"@type":"BreadcrumbList","@id":"https:\/\/planbet.cafe\/fo\/#breadcrumb","itemListElement":[{"@type":"ListItem","position":1,"name":"Home","item":"https:\/\/planbet.cafe\/fo\/"},{"@type":"ListItem","position":2,"name":"Heima"}]},{"@type":"WebSite","@id":"https:\/\/planbet.cafe\/fo\/#website","url":"https:\/\/planbet.cafe\/fo\/","name":"Planbet FO","description":"My WordPress Blog","potentialAction":[{"@type":"SearchAction","target":{"@type":"EntryPoint","urlTemplate":"https:\/\/planbet.cafe\/fo\/?s={search_term_string}"},"query-input":{"@type":"PropertyValueSpecification","valueRequired":true,"valueName":"search_term_string"}}],"inLanguage":"fo"}]}},"_links":{"self":[{"href":"https:\/\/planbet.cafe\/fo\/wp-json\/wp\/v2\/pages\/2","targetHints":{"allow":["GET"]}}],"collection":[{"href":"https:\/\/planbet.cafe\/fo\/wp-json\/wp\/v2\/pages"}],"about":[{"href":"https:\/\/planbet.cafe\/fo\/wp-json\/wp\/v2\/types\/page"}],"author":[{"embeddable":true,"href":"https:\/\/planbet.cafe\/fo\/wp-json\/wp\/v2\/users\/1"}],"replies":[{"embeddable":true,"href":"https:\/\/planbet.cafe\/fo\/wp-json\/wp\/v2\/comments?post=2"}],"version-history":[{"count":31,"href":"https:\/\/planbet.cafe\/fo\/wp-json\/wp\/v2\/pages\/2\/revisions"}],"predecessor-version":[{"id":489,"href":"https:\/\/planbet.cafe\/fo\/wp-json\/wp\/v2\/pages\/2\/revisions\/489"}],"wp:attachment":[{"href":"https:\/\/planbet.cafe\/fo\/wp-json\/wp\/v2\/media?parent=2"}],"curies":[{"name":"wp","href":"https:\/\/api.w.org\/{rel}","templated":true}]}}