{"id":675,"date":"2026-03-27T07:00:10","date_gmt":"2026-03-27T07:00:10","guid":{"rendered":"https:\/\/planbet.cafe\/es\/?page_id=675"},"modified":"2026-04-09T13:59:51","modified_gmt":"2026-04-09T13:59:51","slug":"vip-cashback","status":"publish","type":"page","link":"https:\/\/planbet.cafe\/es\/bonus\/vip-cashback\/","title":{"rendered":"Reembolso VIP"},"content":{"rendered":"","protected":false},"excerpt":{"rendered":"","protected":false},"author":1,"featured_media":0,"parent":237,"menu_order":0,"comment_status":"closed","ping_status":"closed","template":"","meta":{"footnotes":""},"class_list":["post-675","page","type-page","status-publish","hentry"],"yoast_head":"<!-- This site is optimized with the Yoast SEO plugin v25.0 - https:\/\/yoast.com\/wordpress\/plugins\/seo\/ -->\n<title>Planbet Reembolso VIP \u2014Programa de fidelizaci\u00f3n y recompensas<\/title>\n<meta name=\"description\" content=\"\u00danete al programa de reembolsos VIP de Planbet y gana recompensas mientras juegas. Juega m\u00e1s, sube de nivel y aumenta tu reembolso con recompensas y ventajas exclusivas.\" \/>\n<meta name=\"robots\" content=\"index, follow, max-snippet:-1, max-image-preview:large, max-video-preview:-1\" \/>\n<meta property=\"og:locale\" content=\"es_ES\" \/>\n<meta property=\"og:type\" content=\"article\" \/>\n<meta property=\"og:title\" content=\"Planbet Reembolso VIP \u2014Programa de fidelizaci\u00f3n y recompensas\" \/>\n<meta property=\"og:description\" content=\"\u00danete al programa de reembolsos VIP de Planbet y gana recompensas mientras juegas. Juega m\u00e1s, sube de nivel y aumenta tu reembolso con recompensas y ventajas exclusivas.\" \/>\n<meta property=\"og:url\" content=\"https:\/\/planbet.cafe\/es\/bonus\/vip-cashback\/\" \/>\n<meta property=\"og:site_name\" content=\"Planbet ES\" \/>\n<meta property=\"article:modified_time\" content=\"2026-04-09T13:59:51+00:00\" \/>\n<meta name=\"twitter:card\" content=\"summary_large_image\" \/>\n<script type=\"application\/ld+json\" class=\"yoast-schema-graph\">{\"@context\":\"https:\/\/schema.org\",\"@graph\":[{\"@type\":\"WebPage\",\"@id\":\"https:\/\/planbet.cafe\/es\/bonus\/vip-cashback\/\",\"url\":\"https:\/\/planbet.cafe\/es\/bonus\/vip-cashback\/\",\"name\":\"Planbet Reembolso VIP \u2014Programa de fidelizaci\u00f3n y recompensas\",\"isPartOf\":{\"@id\":\"https:\/\/planbet.cafe\/es\/#website\"},\"datePublished\":\"2026-03-27T07:00:10+00:00\",\"dateModified\":\"2026-04-09T13:59:51+00:00\",\"description\":\"\u00danete al programa de reembolsos VIP de Planbet y gana recompensas mientras juegas. Juega m\u00e1s, sube de nivel y aumenta tu reembolso con recompensas y ventajas exclusivas.\",\"breadcrumb\":{\"@id\":\"https:\/\/planbet.cafe\/es\/bonus\/vip-cashback\/#breadcrumb\"},\"inLanguage\":\"es\",\"potentialAction\":[{\"@type\":\"ReadAction\",\"target\":[\"https:\/\/planbet.cafe\/es\/bonus\/vip-cashback\/\"]}]},{\"@type\":\"BreadcrumbList\",\"@id\":\"https:\/\/planbet.cafe\/es\/bonus\/vip-cashback\/#breadcrumb\",\"itemListElement\":[{\"@type\":\"ListItem\",\"position\":1,\"name\":\"Home\",\"item\":\"https:\/\/planbet.cafe\/es\/\"},{\"@type\":\"ListItem\",\"position\":2,\"name\":\"Bonificaci\u00f3n\",\"item\":\"https:\/\/planbet.cafe\/es\/bonus\/\"},{\"@type\":\"ListItem\",\"position\":3,\"name\":\"Reembolso VIP\"}]},{\"@type\":\"WebSite\",\"@id\":\"https:\/\/planbet.cafe\/es\/#website\",\"url\":\"https:\/\/planbet.cafe\/es\/\",\"name\":\"Planbet ES\",\"description\":\"My WordPress Blog\",\"potentialAction\":[{\"@type\":\"SearchAction\",\"target\":{\"@type\":\"EntryPoint\",\"urlTemplate\":\"https:\/\/planbet.cafe\/es\/?s={search_term_string}\"},\"query-input\":{\"@type\":\"PropertyValueSpecification\",\"valueRequired\":true,\"valueName\":\"search_term_string\"}}],\"inLanguage\":\"es\"}]}<\/script>\n<!-- \/ Yoast SEO plugin. -->","yoast_head_json":{"title":"Planbet Reembolso VIP \u2014Programa de fidelizaci\u00f3n y recompensas","description":"\u00danete al programa de reembolsos VIP de Planbet y gana recompensas mientras juegas. Juega m\u00e1s, sube de nivel y aumenta tu reembolso con recompensas y ventajas exclusivas.","robots":{"index":"index","follow":"follow","max-snippet":"max-snippet:-1","max-image-preview":"max-image-preview:large","max-video-preview":"max-video-preview:-1"},"og_locale":"es_ES","og_type":"article","og_title":"Planbet Reembolso VIP \u2014Programa de fidelizaci\u00f3n y recompensas","og_description":"\u00danete al programa de reembolsos VIP de Planbet y gana recompensas mientras juegas. Juega m\u00e1s, sube de nivel y aumenta tu reembolso con recompensas y ventajas exclusivas.","og_url":"https:\/\/planbet.cafe\/es\/bonus\/vip-cashback\/","og_site_name":"Planbet ES","article_modified_time":"2026-04-09T13:59:51+00:00","twitter_card":"summary_large_image","schema":{"@context":"https:\/\/schema.org","@graph":[{"@type":"WebPage","@id":"https:\/\/planbet.cafe\/es\/bonus\/vip-cashback\/","url":"https:\/\/planbet.cafe\/es\/bonus\/vip-cashback\/","name":"Planbet Reembolso VIP \u2014Programa de fidelizaci\u00f3n y recompensas","isPartOf":{"@id":"https:\/\/planbet.cafe\/es\/#website"},"datePublished":"2026-03-27T07:00:10+00:00","dateModified":"2026-04-09T13:59:51+00:00","description":"\u00danete al programa de reembolsos VIP de Planbet y gana recompensas mientras juegas. Juega m\u00e1s, sube de nivel y aumenta tu reembolso con recompensas y ventajas exclusivas.","breadcrumb":{"@id":"https:\/\/planbet.cafe\/es\/bonus\/vip-cashback\/#breadcrumb"},"inLanguage":"es","potentialAction":[{"@type":"ReadAction","target":["https:\/\/planbet.cafe\/es\/bonus\/vip-cashback\/"]}]},{"@type":"BreadcrumbList","@id":"https:\/\/planbet.cafe\/es\/bonus\/vip-cashback\/#breadcrumb","itemListElement":[{"@type":"ListItem","position":1,"name":"Home","item":"https:\/\/planbet.cafe\/es\/"},{"@type":"ListItem","position":2,"name":"Bonificaci\u00f3n","item":"https:\/\/planbet.cafe\/es\/bonus\/"},{"@type":"ListItem","position":3,"name":"Reembolso VIP"}]},{"@type":"WebSite","@id":"https:\/\/planbet.cafe\/es\/#website","url":"https:\/\/planbet.cafe\/es\/","name":"Planbet ES","description":"My WordPress Blog","potentialAction":[{"@type":"SearchAction","target":{"@type":"EntryPoint","urlTemplate":"https:\/\/planbet.cafe\/es\/?s={search_term_string}"},"query-input":{"@type":"PropertyValueSpecification","valueRequired":true,"valueName":"search_term_string"}}],"inLanguage":"es"}]}},"_links":{"self":[{"href":"https:\/\/planbet.cafe\/es\/wp-json\/wp\/v2\/pages\/675","targetHints":{"allow":["GET"]}}],"collection":[{"href":"https:\/\/planbet.cafe\/es\/wp-json\/wp\/v2\/pages"}],"about":[{"href":"https:\/\/planbet.cafe\/es\/wp-json\/wp\/v2\/types\/page"}],"author":[{"embeddable":true,"href":"https:\/\/planbet.cafe\/es\/wp-json\/wp\/v2\/users\/1"}],"replies":[{"embeddable":true,"href":"https:\/\/planbet.cafe\/es\/wp-json\/wp\/v2\/comments?post=675"}],"version-history":[{"count":4,"href":"https:\/\/planbet.cafe\/es\/wp-json\/wp\/v2\/pages\/675\/revisions"}],"predecessor-version":[{"id":735,"href":"https:\/\/planbet.cafe\/es\/wp-json\/wp\/v2\/pages\/675\/revisions\/735"}],"up":[{"embeddable":true,"href":"https:\/\/planbet.cafe\/es\/wp-json\/wp\/v2\/pages\/237"}],"wp:attachment":[{"href":"https:\/\/planbet.cafe\/es\/wp-json\/wp\/v2\/media?parent=675"}],"curies":[{"name":"wp","href":"https:\/\/api.w.org\/{rel}","templated":true}]}}