{"id":631,"date":"2026-03-26T13:28:50","date_gmt":"2026-03-26T13:28:50","guid":{"rendered":"https:\/\/planbet.cafe\/es\/?page_id=631"},"modified":"2026-04-09T13:24:50","modified_gmt":"2026-04-09T13:24:50","slug":"betting-week","status":"publish","type":"page","link":"https:\/\/planbet.cafe\/es\/bonus\/betting-week\/","title":{"rendered":"Semana de las apuestas"},"content":{"rendered":"","protected":false},"excerpt":{"rendered":"","protected":false},"author":1,"featured_media":0,"parent":237,"menu_order":0,"comment_status":"closed","ping_status":"closed","template":"","meta":{"footnotes":""},"class_list":["post-631","page","type-page","status-publish","hentry"],"yoast_head":"<!-- This site is optimized with the Yoast SEO plugin v25.0 - https:\/\/yoast.com\/wordpress\/plugins\/seo\/ -->\n<title>PlanBet Semana de las apuestas \u2014 Apuestas gratis<\/title>\n<meta name=\"description\" content=\"\u00danete a la semana de apuestas de PlanBet, realiza apuestas en la NBA a partir de 5 \u20ac y consigue apuestas gratis cada semana. Descubre c\u00f3mo funciona la promoci\u00f3n y c\u00f3mo participar.\" \/>\n<meta name=\"robots\" content=\"index, follow, max-snippet:-1, max-image-preview:large, max-video-preview:-1\" \/>\n<meta property=\"og:locale\" content=\"es_ES\" \/>\n<meta property=\"og:type\" content=\"article\" \/>\n<meta property=\"og:title\" content=\"PlanBet Semana de las apuestas \u2014 Apuestas gratis\" \/>\n<meta property=\"og:description\" content=\"\u00danete a la semana de apuestas de PlanBet, realiza apuestas en la NBA a partir de 5 \u20ac y consigue apuestas gratis cada semana. Descubre c\u00f3mo funciona la promoci\u00f3n y c\u00f3mo participar.\" \/>\n<meta property=\"og:url\" content=\"https:\/\/planbet.cafe\/es\/bonus\/betting-week\/\" \/>\n<meta property=\"og:site_name\" content=\"Planbet ES\" \/>\n<meta property=\"article:modified_time\" content=\"2026-04-09T13:24:50+00:00\" \/>\n<meta name=\"twitter:card\" content=\"summary_large_image\" \/>\n<script type=\"application\/ld+json\" class=\"yoast-schema-graph\">{\"@context\":\"https:\/\/schema.org\",\"@graph\":[{\"@type\":\"WebPage\",\"@id\":\"https:\/\/planbet.cafe\/es\/bonus\/betting-week\/\",\"url\":\"https:\/\/planbet.cafe\/es\/bonus\/betting-week\/\",\"name\":\"PlanBet Semana de las apuestas \u2014 Apuestas gratis\",\"isPartOf\":{\"@id\":\"https:\/\/planbet.cafe\/es\/#website\"},\"datePublished\":\"2026-03-26T13:28:50+00:00\",\"dateModified\":\"2026-04-09T13:24:50+00:00\",\"description\":\"\u00danete a la semana de apuestas de PlanBet, realiza apuestas en la NBA a partir de 5 \u20ac y consigue apuestas gratis cada semana. Descubre c\u00f3mo funciona la promoci\u00f3n y c\u00f3mo participar.\",\"breadcrumb\":{\"@id\":\"https:\/\/planbet.cafe\/es\/bonus\/betting-week\/#breadcrumb\"},\"inLanguage\":\"es\",\"potentialAction\":[{\"@type\":\"ReadAction\",\"target\":[\"https:\/\/planbet.cafe\/es\/bonus\/betting-week\/\"]}]},{\"@type\":\"BreadcrumbList\",\"@id\":\"https:\/\/planbet.cafe\/es\/bonus\/betting-week\/#breadcrumb\",\"itemListElement\":[{\"@type\":\"ListItem\",\"position\":1,\"name\":\"Home\",\"item\":\"https:\/\/planbet.cafe\/es\/\"},{\"@type\":\"ListItem\",\"position\":2,\"name\":\"Bonificaci\u00f3n\",\"item\":\"https:\/\/planbet.cafe\/es\/bonus\/\"},{\"@type\":\"ListItem\",\"position\":3,\"name\":\"Semana de las apuestas\"}]},{\"@type\":\"WebSite\",\"@id\":\"https:\/\/planbet.cafe\/es\/#website\",\"url\":\"https:\/\/planbet.cafe\/es\/\",\"name\":\"Planbet ES\",\"description\":\"My WordPress Blog\",\"potentialAction\":[{\"@type\":\"SearchAction\",\"target\":{\"@type\":\"EntryPoint\",\"urlTemplate\":\"https:\/\/planbet.cafe\/es\/?s={search_term_string}\"},\"query-input\":{\"@type\":\"PropertyValueSpecification\",\"valueRequired\":true,\"valueName\":\"search_term_string\"}}],\"inLanguage\":\"es\"}]}<\/script>\n<!-- \/ Yoast SEO plugin. -->","yoast_head_json":{"title":"PlanBet Semana de las apuestas \u2014 Apuestas gratis","description":"\u00danete a la semana de apuestas de PlanBet, realiza apuestas en la NBA a partir de 5 \u20ac y consigue apuestas gratis cada semana. Descubre c\u00f3mo funciona la promoci\u00f3n y c\u00f3mo participar.","robots":{"index":"index","follow":"follow","max-snippet":"max-snippet:-1","max-image-preview":"max-image-preview:large","max-video-preview":"max-video-preview:-1"},"og_locale":"es_ES","og_type":"article","og_title":"PlanBet Semana de las apuestas \u2014 Apuestas gratis","og_description":"\u00danete a la semana de apuestas de PlanBet, realiza apuestas en la NBA a partir de 5 \u20ac y consigue apuestas gratis cada semana. Descubre c\u00f3mo funciona la promoci\u00f3n y c\u00f3mo participar.","og_url":"https:\/\/planbet.cafe\/es\/bonus\/betting-week\/","og_site_name":"Planbet ES","article_modified_time":"2026-04-09T13:24:50+00:00","twitter_card":"summary_large_image","schema":{"@context":"https:\/\/schema.org","@graph":[{"@type":"WebPage","@id":"https:\/\/planbet.cafe\/es\/bonus\/betting-week\/","url":"https:\/\/planbet.cafe\/es\/bonus\/betting-week\/","name":"PlanBet Semana de las apuestas \u2014 Apuestas gratis","isPartOf":{"@id":"https:\/\/planbet.cafe\/es\/#website"},"datePublished":"2026-03-26T13:28:50+00:00","dateModified":"2026-04-09T13:24:50+00:00","description":"\u00danete a la semana de apuestas de PlanBet, realiza apuestas en la NBA a partir de 5 \u20ac y consigue apuestas gratis cada semana. Descubre c\u00f3mo funciona la promoci\u00f3n y c\u00f3mo participar.","breadcrumb":{"@id":"https:\/\/planbet.cafe\/es\/bonus\/betting-week\/#breadcrumb"},"inLanguage":"es","potentialAction":[{"@type":"ReadAction","target":["https:\/\/planbet.cafe\/es\/bonus\/betting-week\/"]}]},{"@type":"BreadcrumbList","@id":"https:\/\/planbet.cafe\/es\/bonus\/betting-week\/#breadcrumb","itemListElement":[{"@type":"ListItem","position":1,"name":"Home","item":"https:\/\/planbet.cafe\/es\/"},{"@type":"ListItem","position":2,"name":"Bonificaci\u00f3n","item":"https:\/\/planbet.cafe\/es\/bonus\/"},{"@type":"ListItem","position":3,"name":"Semana de las apuestas"}]},{"@type":"WebSite","@id":"https:\/\/planbet.cafe\/es\/#website","url":"https:\/\/planbet.cafe\/es\/","name":"Planbet ES","description":"My WordPress Blog","potentialAction":[{"@type":"SearchAction","target":{"@type":"EntryPoint","urlTemplate":"https:\/\/planbet.cafe\/es\/?s={search_term_string}"},"query-input":{"@type":"PropertyValueSpecification","valueRequired":true,"valueName":"search_term_string"}}],"inLanguage":"es"}]}},"_links":{"self":[{"href":"https:\/\/planbet.cafe\/es\/wp-json\/wp\/v2\/pages\/631","targetHints":{"allow":["GET"]}}],"collection":[{"href":"https:\/\/planbet.cafe\/es\/wp-json\/wp\/v2\/pages"}],"about":[{"href":"https:\/\/planbet.cafe\/es\/wp-json\/wp\/v2\/types\/page"}],"author":[{"embeddable":true,"href":"https:\/\/planbet.cafe\/es\/wp-json\/wp\/v2\/users\/1"}],"replies":[{"embeddable":true,"href":"https:\/\/planbet.cafe\/es\/wp-json\/wp\/v2\/comments?post=631"}],"version-history":[{"count":5,"href":"https:\/\/planbet.cafe\/es\/wp-json\/wp\/v2\/pages\/631\/revisions"}],"predecessor-version":[{"id":710,"href":"https:\/\/planbet.cafe\/es\/wp-json\/wp\/v2\/pages\/631\/revisions\/710"}],"up":[{"embeddable":true,"href":"https:\/\/planbet.cafe\/es\/wp-json\/wp\/v2\/pages\/237"}],"wp:attachment":[{"href":"https:\/\/planbet.cafe\/es\/wp-json\/wp\/v2\/media?parent=631"}],"curies":[{"name":"wp","href":"https:\/\/api.w.org\/{rel}","templated":true}]}}