{"id":616,"date":"2026-03-06T10:09:27","date_gmt":"2026-03-06T10:09:27","guid":{"rendered":"https:\/\/planbet.cafe\/es\/?page_id=616"},"modified":"2026-04-09T17:19:42","modified_gmt":"2026-04-09T17:19:42","slug":"telegram","status":"publish","type":"page","link":"https:\/\/planbet.cafe\/es\/telegram\/","title":{"rendered":"Telegram"},"content":{"rendered":"","protected":false},"excerpt":{"rendered":"","protected":false},"author":1,"featured_media":0,"parent":0,"menu_order":0,"comment_status":"closed","ping_status":"closed","template":"","meta":{"footnotes":""},"class_list":["post-616","page","type-page","status-publish","hentry"],"yoast_head":"<!-- This site is optimized with the Yoast SEO plugin v25.0 - https:\/\/yoast.com\/wordpress\/plugins\/seo\/ -->\n<title>Canal de Telegram de PlanBet \u2014 bonos y c\u00f3digos promocionales<\/title>\n<meta name=\"description\" content=\"Subscribe to the PlanBet Telegram channel for exclusive promo codes, special offers and betting predictionsSuscr\u00edbete al canal de Telegram de PlanBet para recibir c\u00f3digos promocionales exclusivos, ofertas especiales y pron\u00f3sticos de apuestas \u2014 abril 2026\" \/>\n<meta name=\"robots\" content=\"index, follow, max-snippet:-1, max-image-preview:large, max-video-preview:-1\" \/>\n<meta property=\"og:locale\" content=\"es_ES\" \/>\n<meta property=\"og:type\" content=\"article\" \/>\n<meta property=\"og:title\" content=\"Canal de Telegram de PlanBet \u2014 bonos y c\u00f3digos promocionales\" \/>\n<meta property=\"og:description\" content=\"Subscribe to the PlanBet Telegram channel for exclusive promo codes, special offers and betting predictionsSuscr\u00edbete al canal de Telegram de PlanBet para recibir c\u00f3digos promocionales exclusivos, ofertas especiales y pron\u00f3sticos de apuestas \u2014 abril 2026\" \/>\n<meta property=\"og:url\" content=\"https:\/\/planbet.cafe\/es\/telegram\/\" \/>\n<meta property=\"og:site_name\" content=\"Planbet ES\" \/>\n<meta property=\"article:modified_time\" content=\"2026-04-09T17:19:42+00:00\" \/>\n<meta name=\"twitter:card\" content=\"summary_large_image\" \/>\n<script type=\"application\/ld+json\" class=\"yoast-schema-graph\">{\"@context\":\"https:\/\/schema.org\",\"@graph\":[{\"@type\":\"WebPage\",\"@id\":\"https:\/\/planbet.cafe\/es\/telegram\/\",\"url\":\"https:\/\/planbet.cafe\/es\/telegram\/\",\"name\":\"Canal de Telegram de PlanBet \u2014 bonos y c\u00f3digos promocionales\",\"isPartOf\":{\"@id\":\"https:\/\/planbet.cafe\/es\/#website\"},\"datePublished\":\"2026-03-06T10:09:27+00:00\",\"dateModified\":\"2026-04-09T17:19:42+00:00\",\"description\":\"Subscribe to the PlanBet Telegram channel for exclusive promo codes, special offers and betting predictionsSuscr\u00edbete al canal de Telegram de PlanBet para recibir c\u00f3digos promocionales exclusivos, ofertas especiales y pron\u00f3sticos de apuestas \u2014 abril 2026\",\"breadcrumb\":{\"@id\":\"https:\/\/planbet.cafe\/es\/telegram\/#breadcrumb\"},\"inLanguage\":\"es\",\"potentialAction\":[{\"@type\":\"ReadAction\",\"target\":[\"https:\/\/planbet.cafe\/es\/telegram\/\"]}]},{\"@type\":\"BreadcrumbList\",\"@id\":\"https:\/\/planbet.cafe\/es\/telegram\/#breadcrumb\",\"itemListElement\":[{\"@type\":\"ListItem\",\"position\":1,\"name\":\"Home\",\"item\":\"https:\/\/planbet.cafe\/es\/\"},{\"@type\":\"ListItem\",\"position\":2,\"name\":\"Telegram\"}]},{\"@type\":\"WebSite\",\"@id\":\"https:\/\/planbet.cafe\/es\/#website\",\"url\":\"https:\/\/planbet.cafe\/es\/\",\"name\":\"Planbet ES\",\"description\":\"My WordPress Blog\",\"potentialAction\":[{\"@type\":\"SearchAction\",\"target\":{\"@type\":\"EntryPoint\",\"urlTemplate\":\"https:\/\/planbet.cafe\/es\/?s={search_term_string}\"},\"query-input\":{\"@type\":\"PropertyValueSpecification\",\"valueRequired\":true,\"valueName\":\"search_term_string\"}}],\"inLanguage\":\"es\"}]}<\/script>\n<!-- \/ Yoast SEO plugin. -->","yoast_head_json":{"title":"Canal de Telegram de PlanBet \u2014 bonos y c\u00f3digos promocionales","description":"Subscribe to the PlanBet Telegram channel for exclusive promo codes, special offers and betting predictionsSuscr\u00edbete al canal de Telegram de PlanBet para recibir c\u00f3digos promocionales exclusivos, ofertas especiales y pron\u00f3sticos de apuestas \u2014 abril 2026","robots":{"index":"index","follow":"follow","max-snippet":"max-snippet:-1","max-image-preview":"max-image-preview:large","max-video-preview":"max-video-preview:-1"},"og_locale":"es_ES","og_type":"article","og_title":"Canal de Telegram de PlanBet \u2014 bonos y c\u00f3digos promocionales","og_description":"Subscribe to the PlanBet Telegram channel for exclusive promo codes, special offers and betting predictionsSuscr\u00edbete al canal de Telegram de PlanBet para recibir c\u00f3digos promocionales exclusivos, ofertas especiales y pron\u00f3sticos de apuestas \u2014 abril 2026","og_url":"https:\/\/planbet.cafe\/es\/telegram\/","og_site_name":"Planbet ES","article_modified_time":"2026-04-09T17:19:42+00:00","twitter_card":"summary_large_image","schema":{"@context":"https:\/\/schema.org","@graph":[{"@type":"WebPage","@id":"https:\/\/planbet.cafe\/es\/telegram\/","url":"https:\/\/planbet.cafe\/es\/telegram\/","name":"Canal de Telegram de PlanBet \u2014 bonos y c\u00f3digos promocionales","isPartOf":{"@id":"https:\/\/planbet.cafe\/es\/#website"},"datePublished":"2026-03-06T10:09:27+00:00","dateModified":"2026-04-09T17:19:42+00:00","description":"Subscribe to the PlanBet Telegram channel for exclusive promo codes, special offers and betting predictionsSuscr\u00edbete al canal de Telegram de PlanBet para recibir c\u00f3digos promocionales exclusivos, ofertas especiales y pron\u00f3sticos de apuestas \u2014 abril 2026","breadcrumb":{"@id":"https:\/\/planbet.cafe\/es\/telegram\/#breadcrumb"},"inLanguage":"es","potentialAction":[{"@type":"ReadAction","target":["https:\/\/planbet.cafe\/es\/telegram\/"]}]},{"@type":"BreadcrumbList","@id":"https:\/\/planbet.cafe\/es\/telegram\/#breadcrumb","itemListElement":[{"@type":"ListItem","position":1,"name":"Home","item":"https:\/\/planbet.cafe\/es\/"},{"@type":"ListItem","position":2,"name":"Telegram"}]},{"@type":"WebSite","@id":"https:\/\/planbet.cafe\/es\/#website","url":"https:\/\/planbet.cafe\/es\/","name":"Planbet ES","description":"My WordPress Blog","potentialAction":[{"@type":"SearchAction","target":{"@type":"EntryPoint","urlTemplate":"https:\/\/planbet.cafe\/es\/?s={search_term_string}"},"query-input":{"@type":"PropertyValueSpecification","valueRequired":true,"valueName":"search_term_string"}}],"inLanguage":"es"}]}},"_links":{"self":[{"href":"https:\/\/planbet.cafe\/es\/wp-json\/wp\/v2\/pages\/616","targetHints":{"allow":["GET"]}}],"collection":[{"href":"https:\/\/planbet.cafe\/es\/wp-json\/wp\/v2\/pages"}],"about":[{"href":"https:\/\/planbet.cafe\/es\/wp-json\/wp\/v2\/types\/page"}],"author":[{"embeddable":true,"href":"https:\/\/planbet.cafe\/es\/wp-json\/wp\/v2\/users\/1"}],"replies":[{"embeddable":true,"href":"https:\/\/planbet.cafe\/es\/wp-json\/wp\/v2\/comments?post=616"}],"version-history":[{"count":3,"href":"https:\/\/planbet.cafe\/es\/wp-json\/wp\/v2\/pages\/616\/revisions"}],"predecessor-version":[{"id":759,"href":"https:\/\/planbet.cafe\/es\/wp-json\/wp\/v2\/pages\/616\/revisions\/759"}],"wp:attachment":[{"href":"https:\/\/planbet.cafe\/es\/wp-json\/wp\/v2\/media?parent=616"}],"curies":[{"name":"wp","href":"https:\/\/api.w.org\/{rel}","templated":true}]}}