{"id":332,"date":"2025-06-08T15:01:50","date_gmt":"2025-06-08T15:01:50","guid":{"rendered":"https:\/\/planbet.cafe\/es\/?page_id=332"},"modified":"2026-04-09T13:33:54","modified_gmt":"2026-04-09T13:33:54","slug":"express","status":"publish","type":"page","link":"https:\/\/planbet.cafe\/es\/bonus\/express\/","title":{"rendered":"Expr\u00e9s"},"content":{"rendered":"","protected":false},"excerpt":{"rendered":"","protected":false},"author":1,"featured_media":0,"parent":237,"menu_order":0,"comment_status":"closed","ping_status":"closed","template":"","meta":{"footnotes":""},"class_list":["post-332","page","type-page","status-publish","hentry"],"yoast_head":"<!-- This site is optimized with the Yoast SEO plugin v25.0 - https:\/\/yoast.com\/wordpress\/plugins\/seo\/ -->\n<title>El destacado del d\u00eda PlanBet \u1409 10% \u00a1Bonificaci\u00f3n por ganar!<\/title>\n<meta name=\"description\" content=\"\u00a1Participa en la promoci\u00f3n \u00abApuesta combinada del d\u00eda\u00bb de PlanBet y consigue un bono del 10 % sobre tus ganancias! Solo tienes que elegir una de las apuestas combinadas sugeridas. \u00a1Gana m\u00e1s con una cuota de bonificaci\u00f3n de 1,1 y ll\u00e9vate el premio!\" \/>\n<meta name=\"robots\" content=\"index, follow, max-snippet:-1, max-image-preview:large, max-video-preview:-1\" \/>\n<meta property=\"og:locale\" content=\"es_ES\" \/>\n<meta property=\"og:type\" content=\"article\" \/>\n<meta property=\"og:title\" content=\"El destacado del d\u00eda PlanBet \u1409 10% \u00a1Bonificaci\u00f3n por ganar!\" \/>\n<meta property=\"og:description\" content=\"\u00a1Participa en la promoci\u00f3n \u00abApuesta combinada del d\u00eda\u00bb de PlanBet y consigue un bono del 10 % sobre tus ganancias! Solo tienes que elegir una de las apuestas combinadas sugeridas. \u00a1Gana m\u00e1s con una cuota de bonificaci\u00f3n de 1,1 y ll\u00e9vate el premio!\" \/>\n<meta property=\"og:url\" content=\"https:\/\/planbet.cafe\/es\/bonus\/express\/\" \/>\n<meta property=\"og:site_name\" content=\"Planbet ES\" \/>\n<meta property=\"article:modified_time\" content=\"2026-04-09T13:33:54+00:00\" \/>\n<meta name=\"twitter:card\" content=\"summary_large_image\" \/>\n<script type=\"application\/ld+json\" class=\"yoast-schema-graph\">{\"@context\":\"https:\/\/schema.org\",\"@graph\":[{\"@type\":\"WebPage\",\"@id\":\"https:\/\/planbet.cafe\/es\/bonus\/express\/\",\"url\":\"https:\/\/planbet.cafe\/es\/bonus\/express\/\",\"name\":\"El destacado del d\u00eda PlanBet \u1409 10% \u00a1Bonificaci\u00f3n por ganar!\",\"isPartOf\":{\"@id\":\"https:\/\/planbet.cafe\/es\/#website\"},\"datePublished\":\"2025-06-08T15:01:50+00:00\",\"dateModified\":\"2026-04-09T13:33:54+00:00\",\"description\":\"\u00a1Participa en la promoci\u00f3n \u00abApuesta combinada del d\u00eda\u00bb de PlanBet y consigue un bono del 10 % sobre tus ganancias! Solo tienes que elegir una de las apuestas combinadas sugeridas. \u00a1Gana m\u00e1s con una cuota de bonificaci\u00f3n de 1,1 y ll\u00e9vate el premio!\",\"breadcrumb\":{\"@id\":\"https:\/\/planbet.cafe\/es\/bonus\/express\/#breadcrumb\"},\"inLanguage\":\"es\",\"potentialAction\":[{\"@type\":\"ReadAction\",\"target\":[\"https:\/\/planbet.cafe\/es\/bonus\/express\/\"]}]},{\"@type\":\"BreadcrumbList\",\"@id\":\"https:\/\/planbet.cafe\/es\/bonus\/express\/#breadcrumb\",\"itemListElement\":[{\"@type\":\"ListItem\",\"position\":1,\"name\":\"Home\",\"item\":\"https:\/\/planbet.cafe\/es\/\"},{\"@type\":\"ListItem\",\"position\":2,\"name\":\"Bonificaci\u00f3n\",\"item\":\"https:\/\/planbet.cafe\/es\/bonus\/\"},{\"@type\":\"ListItem\",\"position\":3,\"name\":\"Expr\u00e9s\"}]},{\"@type\":\"WebSite\",\"@id\":\"https:\/\/planbet.cafe\/es\/#website\",\"url\":\"https:\/\/planbet.cafe\/es\/\",\"name\":\"Planbet ES\",\"description\":\"My WordPress Blog\",\"potentialAction\":[{\"@type\":\"SearchAction\",\"target\":{\"@type\":\"EntryPoint\",\"urlTemplate\":\"https:\/\/planbet.cafe\/es\/?s={search_term_string}\"},\"query-input\":{\"@type\":\"PropertyValueSpecification\",\"valueRequired\":true,\"valueName\":\"search_term_string\"}}],\"inLanguage\":\"es\"}]}<\/script>\n<!-- \/ Yoast SEO plugin. -->","yoast_head_json":{"title":"El destacado del d\u00eda PlanBet \u1409 10% \u00a1Bonificaci\u00f3n por ganar!","description":"\u00a1Participa en la promoci\u00f3n \u00abApuesta combinada del d\u00eda\u00bb de PlanBet y consigue un bono del 10 % sobre tus ganancias! Solo tienes que elegir una de las apuestas combinadas sugeridas. \u00a1Gana m\u00e1s con una cuota de bonificaci\u00f3n de 1,1 y ll\u00e9vate el premio!","robots":{"index":"index","follow":"follow","max-snippet":"max-snippet:-1","max-image-preview":"max-image-preview:large","max-video-preview":"max-video-preview:-1"},"og_locale":"es_ES","og_type":"article","og_title":"El destacado del d\u00eda PlanBet \u1409 10% \u00a1Bonificaci\u00f3n por ganar!","og_description":"\u00a1Participa en la promoci\u00f3n \u00abApuesta combinada del d\u00eda\u00bb de PlanBet y consigue un bono del 10 % sobre tus ganancias! Solo tienes que elegir una de las apuestas combinadas sugeridas. \u00a1Gana m\u00e1s con una cuota de bonificaci\u00f3n de 1,1 y ll\u00e9vate el premio!","og_url":"https:\/\/planbet.cafe\/es\/bonus\/express\/","og_site_name":"Planbet ES","article_modified_time":"2026-04-09T13:33:54+00:00","twitter_card":"summary_large_image","schema":{"@context":"https:\/\/schema.org","@graph":[{"@type":"WebPage","@id":"https:\/\/planbet.cafe\/es\/bonus\/express\/","url":"https:\/\/planbet.cafe\/es\/bonus\/express\/","name":"El destacado del d\u00eda PlanBet \u1409 10% \u00a1Bonificaci\u00f3n por ganar!","isPartOf":{"@id":"https:\/\/planbet.cafe\/es\/#website"},"datePublished":"2025-06-08T15:01:50+00:00","dateModified":"2026-04-09T13:33:54+00:00","description":"\u00a1Participa en la promoci\u00f3n \u00abApuesta combinada del d\u00eda\u00bb de PlanBet y consigue un bono del 10 % sobre tus ganancias! Solo tienes que elegir una de las apuestas combinadas sugeridas. \u00a1Gana m\u00e1s con una cuota de bonificaci\u00f3n de 1,1 y ll\u00e9vate el premio!","breadcrumb":{"@id":"https:\/\/planbet.cafe\/es\/bonus\/express\/#breadcrumb"},"inLanguage":"es","potentialAction":[{"@type":"ReadAction","target":["https:\/\/planbet.cafe\/es\/bonus\/express\/"]}]},{"@type":"BreadcrumbList","@id":"https:\/\/planbet.cafe\/es\/bonus\/express\/#breadcrumb","itemListElement":[{"@type":"ListItem","position":1,"name":"Home","item":"https:\/\/planbet.cafe\/es\/"},{"@type":"ListItem","position":2,"name":"Bonificaci\u00f3n","item":"https:\/\/planbet.cafe\/es\/bonus\/"},{"@type":"ListItem","position":3,"name":"Expr\u00e9s"}]},{"@type":"WebSite","@id":"https:\/\/planbet.cafe\/es\/#website","url":"https:\/\/planbet.cafe\/es\/","name":"Planbet ES","description":"My WordPress Blog","potentialAction":[{"@type":"SearchAction","target":{"@type":"EntryPoint","urlTemplate":"https:\/\/planbet.cafe\/es\/?s={search_term_string}"},"query-input":{"@type":"PropertyValueSpecification","valueRequired":true,"valueName":"search_term_string"}}],"inLanguage":"es"}]}},"_links":{"self":[{"href":"https:\/\/planbet.cafe\/es\/wp-json\/wp\/v2\/pages\/332","targetHints":{"allow":["GET"]}}],"collection":[{"href":"https:\/\/planbet.cafe\/es\/wp-json\/wp\/v2\/pages"}],"about":[{"href":"https:\/\/planbet.cafe\/es\/wp-json\/wp\/v2\/types\/page"}],"author":[{"embeddable":true,"href":"https:\/\/planbet.cafe\/es\/wp-json\/wp\/v2\/users\/1"}],"replies":[{"embeddable":true,"href":"https:\/\/planbet.cafe\/es\/wp-json\/wp\/v2\/comments?post=332"}],"version-history":[{"count":5,"href":"https:\/\/planbet.cafe\/es\/wp-json\/wp\/v2\/pages\/332\/revisions"}],"predecessor-version":[{"id":716,"href":"https:\/\/planbet.cafe\/es\/wp-json\/wp\/v2\/pages\/332\/revisions\/716"}],"up":[{"embeddable":true,"href":"https:\/\/planbet.cafe\/es\/wp-json\/wp\/v2\/pages\/237"}],"wp:attachment":[{"href":"https:\/\/planbet.cafe\/es\/wp-json\/wp\/v2\/media?parent=332"}],"curies":[{"name":"wp","href":"https:\/\/api.w.org\/{rel}","templated":true}]}}