{"id":335,"date":"2025-05-28T15:08:26","date_gmt":"2025-05-28T15:08:26","guid":{"rendered":"https:\/\/planbet.cafe\/dk\/?page_id=335"},"modified":"2025-06-25T04:59:19","modified_gmt":"2025-06-25T04:59:19","slug":"cashback","status":"publish","type":"page","link":"https:\/\/planbet.cafe\/dk\/bonus\/cashback\/","title":{"rendered":"Tilbagebetaling"},"content":{"rendered":"","protected":false},"excerpt":{"rendered":"","protected":false},"author":1,"featured_media":0,"parent":237,"menu_order":0,"comment_status":"closed","ping_status":"closed","template":"","meta":{"footnotes":""},"class_list":["post-335","page","type-page","status-publish","hentry"],"yoast_head":"<!-- This site is optimized with the Yoast SEO plugin v25.0 - https:\/\/yoast.com\/wordpress\/plugins\/seo\/ -->\n<title>PlanBet Cashback til sport \u1409 6000 kr. i tilbagebetaling hver uge!<\/title>\n<meta name=\"description\" content=\"Er du blevet v\u00e6k? Ingen grund til bekymring! Med cashback fra PlanBet kan du f\u00e5 op til 6000 kr. tilbage hver uge! F\u00e5 3% af dine tab tilbage, og f\u00e5 en ny chance for at vinde.\" \/>\n<meta name=\"robots\" content=\"index, follow, max-snippet:-1, max-image-preview:large, max-video-preview:-1\" \/>\n<meta property=\"og:locale\" content=\"da_DK\" \/>\n<meta property=\"og:type\" content=\"article\" \/>\n<meta property=\"og:title\" content=\"PlanBet Cashback til sport \u1409 6000 kr. i tilbagebetaling hver uge!\" \/>\n<meta property=\"og:description\" content=\"Er du blevet v\u00e6k? Ingen grund til bekymring! Med cashback fra PlanBet kan du f\u00e5 op til 6000 kr. tilbage hver uge! F\u00e5 3% af dine tab tilbage, og f\u00e5 en ny chance for at vinde.\" \/>\n<meta property=\"og:url\" content=\"https:\/\/planbet.cafe\/dk\/bonus\/cashback\/\" \/>\n<meta property=\"og:site_name\" content=\"Planbet DK\" \/>\n<meta property=\"article:modified_time\" content=\"2025-06-25T04:59:19+00:00\" \/>\n<meta name=\"twitter:card\" content=\"summary_large_image\" \/>\n<script type=\"application\/ld+json\" class=\"yoast-schema-graph\">{\"@context\":\"https:\/\/schema.org\",\"@graph\":[{\"@type\":\"WebPage\",\"@id\":\"https:\/\/planbet.cafe\/dk\/bonus\/cashback\/\",\"url\":\"https:\/\/planbet.cafe\/dk\/bonus\/cashback\/\",\"name\":\"PlanBet Cashback til sport \u1409 6000 kr. i tilbagebetaling hver uge!\",\"isPartOf\":{\"@id\":\"https:\/\/planbet.cafe\/dk\/#website\"},\"datePublished\":\"2025-05-28T15:08:26+00:00\",\"dateModified\":\"2025-06-25T04:59:19+00:00\",\"description\":\"Er du blevet v\u00e6k? Ingen grund til bekymring! Med cashback fra PlanBet kan du f\u00e5 op til 6000 kr. tilbage hver uge! F\u00e5 3% af dine tab tilbage, og f\u00e5 en ny chance for at vinde.\",\"breadcrumb\":{\"@id\":\"https:\/\/planbet.cafe\/dk\/bonus\/cashback\/#breadcrumb\"},\"inLanguage\":\"da-DK\",\"potentialAction\":[{\"@type\":\"ReadAction\",\"target\":[\"https:\/\/planbet.cafe\/dk\/bonus\/cashback\/\"]}]},{\"@type\":\"BreadcrumbList\",\"@id\":\"https:\/\/planbet.cafe\/dk\/bonus\/cashback\/#breadcrumb\",\"itemListElement\":[{\"@type\":\"ListItem\",\"position\":1,\"name\":\"Home\",\"item\":\"https:\/\/planbet.cafe\/dk\/\"},{\"@type\":\"ListItem\",\"position\":2,\"name\":\"Bonus\",\"item\":\"https:\/\/planbet.cafe\/dk\/bonus\/\"},{\"@type\":\"ListItem\",\"position\":3,\"name\":\"Tilbagebetaling\"}]},{\"@type\":\"WebSite\",\"@id\":\"https:\/\/planbet.cafe\/dk\/#website\",\"url\":\"https:\/\/planbet.cafe\/dk\/\",\"name\":\"Planbet DK\",\"description\":\"My WordPress Blog\",\"potentialAction\":[{\"@type\":\"SearchAction\",\"target\":{\"@type\":\"EntryPoint\",\"urlTemplate\":\"https:\/\/planbet.cafe\/dk\/?s={search_term_string}\"},\"query-input\":{\"@type\":\"PropertyValueSpecification\",\"valueRequired\":true,\"valueName\":\"search_term_string\"}}],\"inLanguage\":\"da-DK\"}]}<\/script>\n<!-- \/ Yoast SEO plugin. -->","yoast_head_json":{"title":"PlanBet Cashback til sport \u1409 6000 kr. i tilbagebetaling hver uge!","description":"Er du blevet v\u00e6k? Ingen grund til bekymring! Med cashback fra PlanBet kan du f\u00e5 op til 6000 kr. tilbage hver uge! F\u00e5 3% af dine tab tilbage, og f\u00e5 en ny chance for at vinde.","robots":{"index":"index","follow":"follow","max-snippet":"max-snippet:-1","max-image-preview":"max-image-preview:large","max-video-preview":"max-video-preview:-1"},"og_locale":"da_DK","og_type":"article","og_title":"PlanBet Cashback til sport \u1409 6000 kr. i tilbagebetaling hver uge!","og_description":"Er du blevet v\u00e6k? Ingen grund til bekymring! Med cashback fra PlanBet kan du f\u00e5 op til 6000 kr. tilbage hver uge! F\u00e5 3% af dine tab tilbage, og f\u00e5 en ny chance for at vinde.","og_url":"https:\/\/planbet.cafe\/dk\/bonus\/cashback\/","og_site_name":"Planbet DK","article_modified_time":"2025-06-25T04:59:19+00:00","twitter_card":"summary_large_image","schema":{"@context":"https:\/\/schema.org","@graph":[{"@type":"WebPage","@id":"https:\/\/planbet.cafe\/dk\/bonus\/cashback\/","url":"https:\/\/planbet.cafe\/dk\/bonus\/cashback\/","name":"PlanBet Cashback til sport \u1409 6000 kr. i tilbagebetaling hver uge!","isPartOf":{"@id":"https:\/\/planbet.cafe\/dk\/#website"},"datePublished":"2025-05-28T15:08:26+00:00","dateModified":"2025-06-25T04:59:19+00:00","description":"Er du blevet v\u00e6k? Ingen grund til bekymring! Med cashback fra PlanBet kan du f\u00e5 op til 6000 kr. tilbage hver uge! F\u00e5 3% af dine tab tilbage, og f\u00e5 en ny chance for at vinde.","breadcrumb":{"@id":"https:\/\/planbet.cafe\/dk\/bonus\/cashback\/#breadcrumb"},"inLanguage":"da-DK","potentialAction":[{"@type":"ReadAction","target":["https:\/\/planbet.cafe\/dk\/bonus\/cashback\/"]}]},{"@type":"BreadcrumbList","@id":"https:\/\/planbet.cafe\/dk\/bonus\/cashback\/#breadcrumb","itemListElement":[{"@type":"ListItem","position":1,"name":"Home","item":"https:\/\/planbet.cafe\/dk\/"},{"@type":"ListItem","position":2,"name":"Bonus","item":"https:\/\/planbet.cafe\/dk\/bonus\/"},{"@type":"ListItem","position":3,"name":"Tilbagebetaling"}]},{"@type":"WebSite","@id":"https:\/\/planbet.cafe\/dk\/#website","url":"https:\/\/planbet.cafe\/dk\/","name":"Planbet DK","description":"My WordPress Blog","potentialAction":[{"@type":"SearchAction","target":{"@type":"EntryPoint","urlTemplate":"https:\/\/planbet.cafe\/dk\/?s={search_term_string}"},"query-input":{"@type":"PropertyValueSpecification","valueRequired":true,"valueName":"search_term_string"}}],"inLanguage":"da-DK"}]}},"_links":{"self":[{"href":"https:\/\/planbet.cafe\/dk\/wp-json\/wp\/v2\/pages\/335","targetHints":{"allow":["GET"]}}],"collection":[{"href":"https:\/\/planbet.cafe\/dk\/wp-json\/wp\/v2\/pages"}],"about":[{"href":"https:\/\/planbet.cafe\/dk\/wp-json\/wp\/v2\/types\/page"}],"author":[{"embeddable":true,"href":"https:\/\/planbet.cafe\/dk\/wp-json\/wp\/v2\/users\/1"}],"replies":[{"embeddable":true,"href":"https:\/\/planbet.cafe\/dk\/wp-json\/wp\/v2\/comments?post=335"}],"version-history":[{"count":5,"href":"https:\/\/planbet.cafe\/dk\/wp-json\/wp\/v2\/pages\/335\/revisions"}],"predecessor-version":[{"id":374,"href":"https:\/\/planbet.cafe\/dk\/wp-json\/wp\/v2\/pages\/335\/revisions\/374"}],"up":[{"embeddable":true,"href":"https:\/\/planbet.cafe\/dk\/wp-json\/wp\/v2\/pages\/237"}],"wp:attachment":[{"href":"https:\/\/planbet.cafe\/dk\/wp-json\/wp\/v2\/media?parent=335"}],"curies":[{"name":"wp","href":"https:\/\/api.w.org\/{rel}","templated":true}]}}