{"id":329,"date":"2025-05-28T14:55:51","date_gmt":"2025-05-28T14:55:51","guid":{"rendered":"https:\/\/planbet.cafe\/dk\/?page_id=329"},"modified":"2025-06-25T04:58:32","modified_gmt":"2025-06-25T04:58:32","slug":"welcome-pack","status":"publish","type":"page","link":"https:\/\/planbet.cafe\/dk\/bonus\/welcome-pack\/","title":{"rendered":"Velkomstpakke"},"content":{"rendered":"","protected":false},"excerpt":{"rendered":"","protected":false},"author":1,"featured_media":0,"parent":237,"menu_order":0,"comment_status":"closed","ping_status":"closed","template":"","meta":{"footnotes":""},"class_list":["post-329","page","type-page","status-publish","hentry"],"yoast_head":"<!-- This site is optimized with the Yoast SEO plugin v25.0 - https:\/\/yoast.com\/wordpress\/plugins\/seo\/ -->\n<title>Velkomstpakke hos PlanBet Casino \u1409 10000 kr. + 150 gratis spins<\/title>\n<meta name=\"description\" content=\"Modtag en velkomstpakke til en v\u00e6rdi af op til 10.000 kr. og 150 gratis spins. Fire st\u00e6rke bonusser venter p\u00e5 dig! Hurtig registrering, \u00f8jeblikkelige gevinster - sl\u00e5 til nu, f\u00f8r det er for sent!\" \/>\n<meta name=\"robots\" content=\"index, follow, max-snippet:-1, max-image-preview:large, max-video-preview:-1\" \/>\n<meta property=\"og:locale\" content=\"da_DK\" \/>\n<meta property=\"og:type\" content=\"article\" \/>\n<meta property=\"og:title\" content=\"Velkomstpakke hos PlanBet Casino \u1409 10000 kr. + 150 gratis spins\" \/>\n<meta property=\"og:description\" content=\"Modtag en velkomstpakke til en v\u00e6rdi af op til 10.000 kr. og 150 gratis spins. Fire st\u00e6rke bonusser venter p\u00e5 dig! Hurtig registrering, \u00f8jeblikkelige gevinster - sl\u00e5 til nu, f\u00f8r det er for sent!\" \/>\n<meta property=\"og:url\" content=\"https:\/\/planbet.cafe\/dk\/bonus\/welcome-pack\/\" \/>\n<meta property=\"og:site_name\" content=\"Planbet DK\" \/>\n<meta property=\"article:modified_time\" content=\"2025-06-25T04:58:32+00:00\" \/>\n<meta name=\"twitter:card\" content=\"summary_large_image\" \/>\n<script type=\"application\/ld+json\" class=\"yoast-schema-graph\">{\"@context\":\"https:\/\/schema.org\",\"@graph\":[{\"@type\":\"WebPage\",\"@id\":\"https:\/\/planbet.cafe\/dk\/bonus\/welcome-pack\/\",\"url\":\"https:\/\/planbet.cafe\/dk\/bonus\/welcome-pack\/\",\"name\":\"Velkomstpakke hos PlanBet Casino \u1409 10000 kr. + 150 gratis spins\",\"isPartOf\":{\"@id\":\"https:\/\/planbet.cafe\/dk\/#website\"},\"datePublished\":\"2025-05-28T14:55:51+00:00\",\"dateModified\":\"2025-06-25T04:58:32+00:00\",\"description\":\"Modtag en velkomstpakke til en v\u00e6rdi af op til 10.000 kr. og 150 gratis spins. Fire st\u00e6rke bonusser venter p\u00e5 dig! Hurtig registrering, \u00f8jeblikkelige gevinster - sl\u00e5 til nu, f\u00f8r det er for sent!\",\"breadcrumb\":{\"@id\":\"https:\/\/planbet.cafe\/dk\/bonus\/welcome-pack\/#breadcrumb\"},\"inLanguage\":\"da-DK\",\"potentialAction\":[{\"@type\":\"ReadAction\",\"target\":[\"https:\/\/planbet.cafe\/dk\/bonus\/welcome-pack\/\"]}]},{\"@type\":\"BreadcrumbList\",\"@id\":\"https:\/\/planbet.cafe\/dk\/bonus\/welcome-pack\/#breadcrumb\",\"itemListElement\":[{\"@type\":\"ListItem\",\"position\":1,\"name\":\"Home\",\"item\":\"https:\/\/planbet.cafe\/dk\/\"},{\"@type\":\"ListItem\",\"position\":2,\"name\":\"Bonus\",\"item\":\"https:\/\/planbet.cafe\/dk\/bonus\/\"},{\"@type\":\"ListItem\",\"position\":3,\"name\":\"Velkomstpakke\"}]},{\"@type\":\"WebSite\",\"@id\":\"https:\/\/planbet.cafe\/dk\/#website\",\"url\":\"https:\/\/planbet.cafe\/dk\/\",\"name\":\"Planbet DK\",\"description\":\"My WordPress Blog\",\"potentialAction\":[{\"@type\":\"SearchAction\",\"target\":{\"@type\":\"EntryPoint\",\"urlTemplate\":\"https:\/\/planbet.cafe\/dk\/?s={search_term_string}\"},\"query-input\":{\"@type\":\"PropertyValueSpecification\",\"valueRequired\":true,\"valueName\":\"search_term_string\"}}],\"inLanguage\":\"da-DK\"}]}<\/script>\n<!-- \/ Yoast SEO plugin. -->","yoast_head_json":{"title":"Velkomstpakke hos PlanBet Casino \u1409 10000 kr. + 150 gratis spins","description":"Modtag en velkomstpakke til en v\u00e6rdi af op til 10.000 kr. og 150 gratis spins. Fire st\u00e6rke bonusser venter p\u00e5 dig! Hurtig registrering, \u00f8jeblikkelige gevinster - sl\u00e5 til nu, f\u00f8r det er for sent!","robots":{"index":"index","follow":"follow","max-snippet":"max-snippet:-1","max-image-preview":"max-image-preview:large","max-video-preview":"max-video-preview:-1"},"og_locale":"da_DK","og_type":"article","og_title":"Velkomstpakke hos PlanBet Casino \u1409 10000 kr. + 150 gratis spins","og_description":"Modtag en velkomstpakke til en v\u00e6rdi af op til 10.000 kr. og 150 gratis spins. Fire st\u00e6rke bonusser venter p\u00e5 dig! Hurtig registrering, \u00f8jeblikkelige gevinster - sl\u00e5 til nu, f\u00f8r det er for sent!","og_url":"https:\/\/planbet.cafe\/dk\/bonus\/welcome-pack\/","og_site_name":"Planbet DK","article_modified_time":"2025-06-25T04:58:32+00:00","twitter_card":"summary_large_image","schema":{"@context":"https:\/\/schema.org","@graph":[{"@type":"WebPage","@id":"https:\/\/planbet.cafe\/dk\/bonus\/welcome-pack\/","url":"https:\/\/planbet.cafe\/dk\/bonus\/welcome-pack\/","name":"Velkomstpakke hos PlanBet Casino \u1409 10000 kr. + 150 gratis spins","isPartOf":{"@id":"https:\/\/planbet.cafe\/dk\/#website"},"datePublished":"2025-05-28T14:55:51+00:00","dateModified":"2025-06-25T04:58:32+00:00","description":"Modtag en velkomstpakke til en v\u00e6rdi af op til 10.000 kr. og 150 gratis spins. Fire st\u00e6rke bonusser venter p\u00e5 dig! Hurtig registrering, \u00f8jeblikkelige gevinster - sl\u00e5 til nu, f\u00f8r det er for sent!","breadcrumb":{"@id":"https:\/\/planbet.cafe\/dk\/bonus\/welcome-pack\/#breadcrumb"},"inLanguage":"da-DK","potentialAction":[{"@type":"ReadAction","target":["https:\/\/planbet.cafe\/dk\/bonus\/welcome-pack\/"]}]},{"@type":"BreadcrumbList","@id":"https:\/\/planbet.cafe\/dk\/bonus\/welcome-pack\/#breadcrumb","itemListElement":[{"@type":"ListItem","position":1,"name":"Home","item":"https:\/\/planbet.cafe\/dk\/"},{"@type":"ListItem","position":2,"name":"Bonus","item":"https:\/\/planbet.cafe\/dk\/bonus\/"},{"@type":"ListItem","position":3,"name":"Velkomstpakke"}]},{"@type":"WebSite","@id":"https:\/\/planbet.cafe\/dk\/#website","url":"https:\/\/planbet.cafe\/dk\/","name":"Planbet DK","description":"My WordPress Blog","potentialAction":[{"@type":"SearchAction","target":{"@type":"EntryPoint","urlTemplate":"https:\/\/planbet.cafe\/dk\/?s={search_term_string}"},"query-input":{"@type":"PropertyValueSpecification","valueRequired":true,"valueName":"search_term_string"}}],"inLanguage":"da-DK"}]}},"_links":{"self":[{"href":"https:\/\/planbet.cafe\/dk\/wp-json\/wp\/v2\/pages\/329","targetHints":{"allow":["GET"]}}],"collection":[{"href":"https:\/\/planbet.cafe\/dk\/wp-json\/wp\/v2\/pages"}],"about":[{"href":"https:\/\/planbet.cafe\/dk\/wp-json\/wp\/v2\/types\/page"}],"author":[{"embeddable":true,"href":"https:\/\/planbet.cafe\/dk\/wp-json\/wp\/v2\/users\/1"}],"replies":[{"embeddable":true,"href":"https:\/\/planbet.cafe\/dk\/wp-json\/wp\/v2\/comments?post=329"}],"version-history":[{"count":4,"href":"https:\/\/planbet.cafe\/dk\/wp-json\/wp\/v2\/pages\/329\/revisions"}],"predecessor-version":[{"id":378,"href":"https:\/\/planbet.cafe\/dk\/wp-json\/wp\/v2\/pages\/329\/revisions\/378"}],"up":[{"embeddable":true,"href":"https:\/\/planbet.cafe\/dk\/wp-json\/wp\/v2\/pages\/237"}],"wp:attachment":[{"href":"https:\/\/planbet.cafe\/dk\/wp-json\/wp\/v2\/media?parent=329"}],"curies":[{"name":"wp","href":"https:\/\/api.w.org\/{rel}","templated":true}]}}