{"id":220,"date":"2025-05-08T16:48:00","date_gmt":"2025-05-08T16:48:00","guid":{"rendered":"https:\/\/planbet.cafe\/dk\/?page_id=220"},"modified":"2025-06-16T17:54:35","modified_gmt":"2025-06-16T17:54:35","slug":"casino","status":"publish","type":"page","link":"https:\/\/planbet.cafe\/dk\/casino\/","title":{"rendered":"Casino"},"content":{"rendered":"","protected":false},"excerpt":{"rendered":"","protected":false},"author":1,"featured_media":0,"parent":0,"menu_order":0,"comment_status":"closed","ping_status":"closed","template":"","meta":{"footnotes":""},"class_list":["post-220","page","type-page","status-publish","hentry"],"yoast_head":"<!-- This site is optimized with the Yoast SEO plugin v25.0 - https:\/\/yoast.com\/wordpress\/plugins\/seo\/ -->\n<title>PlanBet Casino \u1409 Topspil, bonusser og sp\u00e6ndende turneringer<\/title>\n<meta name=\"description\" content=\"PlanBet Casino tilbyder et stort udvalg af casinounderholdning, herunder slots, bordspil og live dealer-spil. Bliv en del af vores f\u00e6llesskab og g\u00f8r krav p\u00e5 din velkomstbonus i dag!\" \/>\n<meta name=\"robots\" content=\"index, follow, max-snippet:-1, max-image-preview:large, max-video-preview:-1\" \/>\n<meta property=\"og:locale\" content=\"da_DK\" \/>\n<meta property=\"og:type\" content=\"article\" \/>\n<meta property=\"og:title\" content=\"PlanBet Casino \u1409 Topspil, bonusser og sp\u00e6ndende turneringer\" \/>\n<meta property=\"og:description\" content=\"PlanBet Casino tilbyder et stort udvalg af casinounderholdning, herunder slots, bordspil og live dealer-spil. Bliv en del af vores f\u00e6llesskab og g\u00f8r krav p\u00e5 din velkomstbonus i dag!\" \/>\n<meta property=\"og:url\" content=\"https:\/\/planbet.cafe\/dk\/casino\/\" \/>\n<meta property=\"og:site_name\" content=\"Planbet DK\" \/>\n<meta property=\"article:modified_time\" content=\"2025-06-16T17:54:35+00:00\" \/>\n<meta name=\"twitter:card\" content=\"summary_large_image\" \/>\n<script type=\"application\/ld+json\" class=\"yoast-schema-graph\">{\"@context\":\"https:\/\/schema.org\",\"@graph\":[{\"@type\":\"WebPage\",\"@id\":\"https:\/\/planbet.cafe\/dk\/casino\/\",\"url\":\"https:\/\/planbet.cafe\/dk\/casino\/\",\"name\":\"PlanBet Casino \u1409 Topspil, bonusser og sp\u00e6ndende turneringer\",\"isPartOf\":{\"@id\":\"https:\/\/planbet.cafe\/dk\/#website\"},\"datePublished\":\"2025-05-08T16:48:00+00:00\",\"dateModified\":\"2025-06-16T17:54:35+00:00\",\"description\":\"PlanBet Casino tilbyder et stort udvalg af casinounderholdning, herunder slots, bordspil og live dealer-spil. Bliv en del af vores f\u00e6llesskab og g\u00f8r krav p\u00e5 din velkomstbonus i dag!\",\"breadcrumb\":{\"@id\":\"https:\/\/planbet.cafe\/dk\/casino\/#breadcrumb\"},\"inLanguage\":\"da-DK\",\"potentialAction\":[{\"@type\":\"ReadAction\",\"target\":[\"https:\/\/planbet.cafe\/dk\/casino\/\"]}]},{\"@type\":\"BreadcrumbList\",\"@id\":\"https:\/\/planbet.cafe\/dk\/casino\/#breadcrumb\",\"itemListElement\":[{\"@type\":\"ListItem\",\"position\":1,\"name\":\"Home\",\"item\":\"https:\/\/planbet.cafe\/dk\/\"},{\"@type\":\"ListItem\",\"position\":2,\"name\":\"Casino\"}]},{\"@type\":\"WebSite\",\"@id\":\"https:\/\/planbet.cafe\/dk\/#website\",\"url\":\"https:\/\/planbet.cafe\/dk\/\",\"name\":\"Planbet DK\",\"description\":\"My WordPress Blog\",\"potentialAction\":[{\"@type\":\"SearchAction\",\"target\":{\"@type\":\"EntryPoint\",\"urlTemplate\":\"https:\/\/planbet.cafe\/dk\/?s={search_term_string}\"},\"query-input\":{\"@type\":\"PropertyValueSpecification\",\"valueRequired\":true,\"valueName\":\"search_term_string\"}}],\"inLanguage\":\"da-DK\"}]}<\/script>\n<!-- \/ Yoast SEO plugin. -->","yoast_head_json":{"title":"PlanBet Casino \u1409 Topspil, bonusser og sp\u00e6ndende turneringer","description":"PlanBet Casino tilbyder et stort udvalg af casinounderholdning, herunder slots, bordspil og live dealer-spil. Bliv en del af vores f\u00e6llesskab og g\u00f8r krav p\u00e5 din velkomstbonus i dag!","robots":{"index":"index","follow":"follow","max-snippet":"max-snippet:-1","max-image-preview":"max-image-preview:large","max-video-preview":"max-video-preview:-1"},"og_locale":"da_DK","og_type":"article","og_title":"PlanBet Casino \u1409 Topspil, bonusser og sp\u00e6ndende turneringer","og_description":"PlanBet Casino tilbyder et stort udvalg af casinounderholdning, herunder slots, bordspil og live dealer-spil. Bliv en del af vores f\u00e6llesskab og g\u00f8r krav p\u00e5 din velkomstbonus i dag!","og_url":"https:\/\/planbet.cafe\/dk\/casino\/","og_site_name":"Planbet DK","article_modified_time":"2025-06-16T17:54:35+00:00","twitter_card":"summary_large_image","schema":{"@context":"https:\/\/schema.org","@graph":[{"@type":"WebPage","@id":"https:\/\/planbet.cafe\/dk\/casino\/","url":"https:\/\/planbet.cafe\/dk\/casino\/","name":"PlanBet Casino \u1409 Topspil, bonusser og sp\u00e6ndende turneringer","isPartOf":{"@id":"https:\/\/planbet.cafe\/dk\/#website"},"datePublished":"2025-05-08T16:48:00+00:00","dateModified":"2025-06-16T17:54:35+00:00","description":"PlanBet Casino tilbyder et stort udvalg af casinounderholdning, herunder slots, bordspil og live dealer-spil. Bliv en del af vores f\u00e6llesskab og g\u00f8r krav p\u00e5 din velkomstbonus i dag!","breadcrumb":{"@id":"https:\/\/planbet.cafe\/dk\/casino\/#breadcrumb"},"inLanguage":"da-DK","potentialAction":[{"@type":"ReadAction","target":["https:\/\/planbet.cafe\/dk\/casino\/"]}]},{"@type":"BreadcrumbList","@id":"https:\/\/planbet.cafe\/dk\/casino\/#breadcrumb","itemListElement":[{"@type":"ListItem","position":1,"name":"Home","item":"https:\/\/planbet.cafe\/dk\/"},{"@type":"ListItem","position":2,"name":"Casino"}]},{"@type":"WebSite","@id":"https:\/\/planbet.cafe\/dk\/#website","url":"https:\/\/planbet.cafe\/dk\/","name":"Planbet DK","description":"My WordPress Blog","potentialAction":[{"@type":"SearchAction","target":{"@type":"EntryPoint","urlTemplate":"https:\/\/planbet.cafe\/dk\/?s={search_term_string}"},"query-input":{"@type":"PropertyValueSpecification","valueRequired":true,"valueName":"search_term_string"}}],"inLanguage":"da-DK"}]}},"_links":{"self":[{"href":"https:\/\/planbet.cafe\/dk\/wp-json\/wp\/v2\/pages\/220","targetHints":{"allow":["GET"]}}],"collection":[{"href":"https:\/\/planbet.cafe\/dk\/wp-json\/wp\/v2\/pages"}],"about":[{"href":"https:\/\/planbet.cafe\/dk\/wp-json\/wp\/v2\/types\/page"}],"author":[{"embeddable":true,"href":"https:\/\/planbet.cafe\/dk\/wp-json\/wp\/v2\/users\/1"}],"replies":[{"embeddable":true,"href":"https:\/\/planbet.cafe\/dk\/wp-json\/wp\/v2\/comments?post=220"}],"version-history":[{"count":8,"href":"https:\/\/planbet.cafe\/dk\/wp-json\/wp\/v2\/pages\/220\/revisions"}],"predecessor-version":[{"id":379,"href":"https:\/\/planbet.cafe\/dk\/wp-json\/wp\/v2\/pages\/220\/revisions\/379"}],"wp:attachment":[{"href":"https:\/\/planbet.cafe\/dk\/wp-json\/wp\/v2\/media?parent=220"}],"curies":[{"name":"wp","href":"https:\/\/api.w.org\/{rel}","templated":true}]}}