{"id":332,"date":"2025-05-28T15:01:50","date_gmt":"2025-05-28T15:01:50","guid":{"rendered":"https:\/\/planbet.cafe\/cs\/?page_id=332"},"modified":"2025-06-06T15:13:37","modified_gmt":"2025-06-06T15:13:37","slug":"express","status":"publish","type":"page","link":"https:\/\/planbet.cafe\/cs\/bonus\/express\/","title":{"rendered":"Expresn\u00ed"},"content":{"rendered":"","protected":false},"excerpt":{"rendered":"","protected":false},"author":1,"featured_media":0,"parent":237,"menu_order":0,"comment_status":"closed","ping_status":"closed","template":"","meta":{"footnotes":""},"class_list":["post-332","page","type-page","status-publish","hentry"],"yoast_head":"<!-- This site is optimized with the Yoast SEO plugin v25.0 - https:\/\/yoast.com\/wordpress\/plugins\/seo\/ -->\n<title>Expres dne na PlanBet \u1409 z\u00edskejte 10% bonus na v\u00fdhry!<\/title>\n<meta name=\"description\" content=\"Zapojte se do akce Express of the Day u PlanBet a z\u00edskejte 10% bonus na sv\u00e9 v\u00fdhry! Sta\u010d\u00ed si vybrat jednu z navrhovan\u00fdch expresn\u00edch s\u00e1zek. Vyd\u011blejte v\u00edce s bonusov\u00fdm kurzem 1,1 a vyhrajte!\" \/>\n<meta name=\"robots\" content=\"index, follow, max-snippet:-1, max-image-preview:large, max-video-preview:-1\" \/>\n<meta property=\"og:locale\" content=\"cs_CZ\" \/>\n<meta property=\"og:type\" content=\"article\" \/>\n<meta property=\"og:title\" content=\"Expres dne na PlanBet \u1409 z\u00edskejte 10% bonus na v\u00fdhry!\" \/>\n<meta property=\"og:description\" content=\"Zapojte se do akce Express of the Day u PlanBet a z\u00edskejte 10% bonus na sv\u00e9 v\u00fdhry! Sta\u010d\u00ed si vybrat jednu z navrhovan\u00fdch expresn\u00edch s\u00e1zek. Vyd\u011blejte v\u00edce s bonusov\u00fdm kurzem 1,1 a vyhrajte!\" \/>\n<meta property=\"og:url\" content=\"https:\/\/planbet.cafe\/cs\/bonus\/express\/\" \/>\n<meta property=\"og:site_name\" content=\"Planbet CS\" \/>\n<meta property=\"article:modified_time\" content=\"2025-06-06T15:13:37+00:00\" \/>\n<meta name=\"twitter:card\" content=\"summary_large_image\" \/>\n<script type=\"application\/ld+json\" class=\"yoast-schema-graph\">{\"@context\":\"https:\/\/schema.org\",\"@graph\":[{\"@type\":\"WebPage\",\"@id\":\"https:\/\/planbet.cafe\/cs\/bonus\/express\/\",\"url\":\"https:\/\/planbet.cafe\/cs\/bonus\/express\/\",\"name\":\"Expres dne na PlanBet \u1409 z\u00edskejte 10% bonus na v\u00fdhry!\",\"isPartOf\":{\"@id\":\"https:\/\/planbet.cafe\/cs\/#website\"},\"datePublished\":\"2025-05-28T15:01:50+00:00\",\"dateModified\":\"2025-06-06T15:13:37+00:00\",\"description\":\"Zapojte se do akce Express of the Day u PlanBet a z\u00edskejte 10% bonus na sv\u00e9 v\u00fdhry! Sta\u010d\u00ed si vybrat jednu z navrhovan\u00fdch expresn\u00edch s\u00e1zek. Vyd\u011blejte v\u00edce s bonusov\u00fdm kurzem 1,1 a vyhrajte!\",\"breadcrumb\":{\"@id\":\"https:\/\/planbet.cafe\/cs\/bonus\/express\/#breadcrumb\"},\"inLanguage\":\"cs\",\"potentialAction\":[{\"@type\":\"ReadAction\",\"target\":[\"https:\/\/planbet.cafe\/cs\/bonus\/express\/\"]}]},{\"@type\":\"BreadcrumbList\",\"@id\":\"https:\/\/planbet.cafe\/cs\/bonus\/express\/#breadcrumb\",\"itemListElement\":[{\"@type\":\"ListItem\",\"position\":1,\"name\":\"Home\",\"item\":\"https:\/\/planbet.cafe\/cs\/\"},{\"@type\":\"ListItem\",\"position\":2,\"name\":\"Bonus\",\"item\":\"https:\/\/planbet.cafe\/cs\/bonus\/\"},{\"@type\":\"ListItem\",\"position\":3,\"name\":\"Expresn\u00ed\"}]},{\"@type\":\"WebSite\",\"@id\":\"https:\/\/planbet.cafe\/cs\/#website\",\"url\":\"https:\/\/planbet.cafe\/cs\/\",\"name\":\"Planbet CS\",\"description\":\"My WordPress Blog\",\"potentialAction\":[{\"@type\":\"SearchAction\",\"target\":{\"@type\":\"EntryPoint\",\"urlTemplate\":\"https:\/\/planbet.cafe\/cs\/?s={search_term_string}\"},\"query-input\":{\"@type\":\"PropertyValueSpecification\",\"valueRequired\":true,\"valueName\":\"search_term_string\"}}],\"inLanguage\":\"cs\"}]}<\/script>\n<!-- \/ Yoast SEO plugin. -->","yoast_head_json":{"title":"Expres dne na PlanBet \u1409 z\u00edskejte 10% bonus na v\u00fdhry!","description":"Zapojte se do akce Express of the Day u PlanBet a z\u00edskejte 10% bonus na sv\u00e9 v\u00fdhry! Sta\u010d\u00ed si vybrat jednu z navrhovan\u00fdch expresn\u00edch s\u00e1zek. Vyd\u011blejte v\u00edce s bonusov\u00fdm kurzem 1,1 a vyhrajte!","robots":{"index":"index","follow":"follow","max-snippet":"max-snippet:-1","max-image-preview":"max-image-preview:large","max-video-preview":"max-video-preview:-1"},"og_locale":"cs_CZ","og_type":"article","og_title":"Expres dne na PlanBet \u1409 z\u00edskejte 10% bonus na v\u00fdhry!","og_description":"Zapojte se do akce Express of the Day u PlanBet a z\u00edskejte 10% bonus na sv\u00e9 v\u00fdhry! Sta\u010d\u00ed si vybrat jednu z navrhovan\u00fdch expresn\u00edch s\u00e1zek. Vyd\u011blejte v\u00edce s bonusov\u00fdm kurzem 1,1 a vyhrajte!","og_url":"https:\/\/planbet.cafe\/cs\/bonus\/express\/","og_site_name":"Planbet CS","article_modified_time":"2025-06-06T15:13:37+00:00","twitter_card":"summary_large_image","schema":{"@context":"https:\/\/schema.org","@graph":[{"@type":"WebPage","@id":"https:\/\/planbet.cafe\/cs\/bonus\/express\/","url":"https:\/\/planbet.cafe\/cs\/bonus\/express\/","name":"Expres dne na PlanBet \u1409 z\u00edskejte 10% bonus na v\u00fdhry!","isPartOf":{"@id":"https:\/\/planbet.cafe\/cs\/#website"},"datePublished":"2025-05-28T15:01:50+00:00","dateModified":"2025-06-06T15:13:37+00:00","description":"Zapojte se do akce Express of the Day u PlanBet a z\u00edskejte 10% bonus na sv\u00e9 v\u00fdhry! Sta\u010d\u00ed si vybrat jednu z navrhovan\u00fdch expresn\u00edch s\u00e1zek. Vyd\u011blejte v\u00edce s bonusov\u00fdm kurzem 1,1 a vyhrajte!","breadcrumb":{"@id":"https:\/\/planbet.cafe\/cs\/bonus\/express\/#breadcrumb"},"inLanguage":"cs","potentialAction":[{"@type":"ReadAction","target":["https:\/\/planbet.cafe\/cs\/bonus\/express\/"]}]},{"@type":"BreadcrumbList","@id":"https:\/\/planbet.cafe\/cs\/bonus\/express\/#breadcrumb","itemListElement":[{"@type":"ListItem","position":1,"name":"Home","item":"https:\/\/planbet.cafe\/cs\/"},{"@type":"ListItem","position":2,"name":"Bonus","item":"https:\/\/planbet.cafe\/cs\/bonus\/"},{"@type":"ListItem","position":3,"name":"Expresn\u00ed"}]},{"@type":"WebSite","@id":"https:\/\/planbet.cafe\/cs\/#website","url":"https:\/\/planbet.cafe\/cs\/","name":"Planbet CS","description":"My WordPress Blog","potentialAction":[{"@type":"SearchAction","target":{"@type":"EntryPoint","urlTemplate":"https:\/\/planbet.cafe\/cs\/?s={search_term_string}"},"query-input":{"@type":"PropertyValueSpecification","valueRequired":true,"valueName":"search_term_string"}}],"inLanguage":"cs"}]}},"_links":{"self":[{"href":"https:\/\/planbet.cafe\/cs\/wp-json\/wp\/v2\/pages\/332","targetHints":{"allow":["GET"]}}],"collection":[{"href":"https:\/\/planbet.cafe\/cs\/wp-json\/wp\/v2\/pages"}],"about":[{"href":"https:\/\/planbet.cafe\/cs\/wp-json\/wp\/v2\/types\/page"}],"author":[{"embeddable":true,"href":"https:\/\/planbet.cafe\/cs\/wp-json\/wp\/v2\/users\/1"}],"replies":[{"embeddable":true,"href":"https:\/\/planbet.cafe\/cs\/wp-json\/wp\/v2\/comments?post=332"}],"version-history":[{"count":3,"href":"https:\/\/planbet.cafe\/cs\/wp-json\/wp\/v2\/pages\/332\/revisions"}],"predecessor-version":[{"id":372,"href":"https:\/\/planbet.cafe\/cs\/wp-json\/wp\/v2\/pages\/332\/revisions\/372"}],"up":[{"embeddable":true,"href":"https:\/\/planbet.cafe\/cs\/wp-json\/wp\/v2\/pages\/237"}],"wp:attachment":[{"href":"https:\/\/planbet.cafe\/cs\/wp-json\/wp\/v2\/media?parent=332"}],"curies":[{"name":"wp","href":"https:\/\/api.w.org\/{rel}","templated":true}]}}