{"id":321,"date":"2025-05-28T13:29:34","date_gmt":"2025-05-28T13:29:34","guid":{"rendered":"https:\/\/planbet.cafe\/cs\/?page_id=321"},"modified":"2025-06-06T14:34:31","modified_gmt":"2025-06-06T14:34:31","slug":"100-first-deposit","status":"publish","type":"page","link":"https:\/\/planbet.cafe\/cs\/bonus\/100-first-deposit\/","title":{"rendered":"100 % p\u0159i prvn\u00edm vkladu"},"content":{"rendered":"","protected":false},"excerpt":{"rendered":"","protected":false},"author":1,"featured_media":0,"parent":237,"menu_order":0,"comment_status":"closed","ping_status":"closed","template":"","meta":{"footnotes":""},"class_list":["post-321","page","type-page","status-publish","hentry"],"yoast_head":"<!-- This site is optimized with the Yoast SEO plugin v25.0 - https:\/\/yoast.com\/wordpress\/plugins\/seo\/ -->\n<title>Z\u00edskejte 100 % na sv\u016fj prvn\u00ed vklad u PlanBet \u1409 A\u017e 2 500 K\u010d!<\/title>\n<meta name=\"description\" content=\"Zdvojn\u00e1sobte sv\u016fj prvn\u00ed vklad - z\u00edskejte na sv\u016fj \u00fa\u010det a\u017e 2 500 K\u010d. Rychl\u00e1 registrace, jednoduch\u00fd proces a neuv\u011b\u0159iteln\u00e9 mo\u017enosti v\u00fdhry! Neprop\u00e1sn\u011bte svou \u0161anci - bonus je k dispozici pouze jednou!\" \/>\n<meta name=\"robots\" content=\"index, follow, max-snippet:-1, max-image-preview:large, max-video-preview:-1\" \/>\n<meta property=\"og:locale\" content=\"cs_CZ\" \/>\n<meta property=\"og:type\" content=\"article\" \/>\n<meta property=\"og:title\" content=\"Z\u00edskejte 100 % na sv\u016fj prvn\u00ed vklad u PlanBet \u1409 A\u017e 2 500 K\u010d!\" \/>\n<meta property=\"og:description\" content=\"Zdvojn\u00e1sobte sv\u016fj prvn\u00ed vklad - z\u00edskejte na sv\u016fj \u00fa\u010det a\u017e 2 500 K\u010d. Rychl\u00e1 registrace, jednoduch\u00fd proces a neuv\u011b\u0159iteln\u00e9 mo\u017enosti v\u00fdhry! Neprop\u00e1sn\u011bte svou \u0161anci - bonus je k dispozici pouze jednou!\" \/>\n<meta property=\"og:url\" content=\"https:\/\/planbet.cafe\/cs\/bonus\/100-first-deposit\/\" \/>\n<meta property=\"og:site_name\" content=\"Planbet CS\" \/>\n<meta property=\"article:modified_time\" content=\"2025-06-06T14:34:31+00:00\" \/>\n<meta name=\"twitter:card\" content=\"summary_large_image\" \/>\n<script type=\"application\/ld+json\" class=\"yoast-schema-graph\">{\"@context\":\"https:\/\/schema.org\",\"@graph\":[{\"@type\":\"WebPage\",\"@id\":\"https:\/\/planbet.cafe\/cs\/bonus\/100-first-deposit\/\",\"url\":\"https:\/\/planbet.cafe\/cs\/bonus\/100-first-deposit\/\",\"name\":\"Z\u00edskejte 100 % na sv\u016fj prvn\u00ed vklad u PlanBet \u1409 A\u017e 2 500 K\u010d!\",\"isPartOf\":{\"@id\":\"https:\/\/planbet.cafe\/cs\/#website\"},\"datePublished\":\"2025-05-28T13:29:34+00:00\",\"dateModified\":\"2025-06-06T14:34:31+00:00\",\"description\":\"Zdvojn\u00e1sobte sv\u016fj prvn\u00ed vklad - z\u00edskejte na sv\u016fj \u00fa\u010det a\u017e 2 500 K\u010d. Rychl\u00e1 registrace, jednoduch\u00fd proces a neuv\u011b\u0159iteln\u00e9 mo\u017enosti v\u00fdhry! Neprop\u00e1sn\u011bte svou \u0161anci - bonus je k dispozici pouze jednou!\",\"breadcrumb\":{\"@id\":\"https:\/\/planbet.cafe\/cs\/bonus\/100-first-deposit\/#breadcrumb\"},\"inLanguage\":\"cs\",\"potentialAction\":[{\"@type\":\"ReadAction\",\"target\":[\"https:\/\/planbet.cafe\/cs\/bonus\/100-first-deposit\/\"]}]},{\"@type\":\"BreadcrumbList\",\"@id\":\"https:\/\/planbet.cafe\/cs\/bonus\/100-first-deposit\/#breadcrumb\",\"itemListElement\":[{\"@type\":\"ListItem\",\"position\":1,\"name\":\"Home\",\"item\":\"https:\/\/planbet.cafe\/cs\/\"},{\"@type\":\"ListItem\",\"position\":2,\"name\":\"Bonus\",\"item\":\"https:\/\/planbet.cafe\/cs\/bonus\/\"},{\"@type\":\"ListItem\",\"position\":3,\"name\":\"100 % p\u0159i prvn\u00edm vkladu\"}]},{\"@type\":\"WebSite\",\"@id\":\"https:\/\/planbet.cafe\/cs\/#website\",\"url\":\"https:\/\/planbet.cafe\/cs\/\",\"name\":\"Planbet CS\",\"description\":\"My WordPress Blog\",\"potentialAction\":[{\"@type\":\"SearchAction\",\"target\":{\"@type\":\"EntryPoint\",\"urlTemplate\":\"https:\/\/planbet.cafe\/cs\/?s={search_term_string}\"},\"query-input\":{\"@type\":\"PropertyValueSpecification\",\"valueRequired\":true,\"valueName\":\"search_term_string\"}}],\"inLanguage\":\"cs\"}]}<\/script>\n<!-- \/ Yoast SEO plugin. -->","yoast_head_json":{"title":"Z\u00edskejte 100 % na sv\u016fj prvn\u00ed vklad u PlanBet \u1409 A\u017e 2 500 K\u010d!","description":"Zdvojn\u00e1sobte sv\u016fj prvn\u00ed vklad - z\u00edskejte na sv\u016fj \u00fa\u010det a\u017e 2 500 K\u010d. Rychl\u00e1 registrace, jednoduch\u00fd proces a neuv\u011b\u0159iteln\u00e9 mo\u017enosti v\u00fdhry! Neprop\u00e1sn\u011bte svou \u0161anci - bonus je k dispozici pouze jednou!","robots":{"index":"index","follow":"follow","max-snippet":"max-snippet:-1","max-image-preview":"max-image-preview:large","max-video-preview":"max-video-preview:-1"},"og_locale":"cs_CZ","og_type":"article","og_title":"Z\u00edskejte 100 % na sv\u016fj prvn\u00ed vklad u PlanBet \u1409 A\u017e 2 500 K\u010d!","og_description":"Zdvojn\u00e1sobte sv\u016fj prvn\u00ed vklad - z\u00edskejte na sv\u016fj \u00fa\u010det a\u017e 2 500 K\u010d. Rychl\u00e1 registrace, jednoduch\u00fd proces a neuv\u011b\u0159iteln\u00e9 mo\u017enosti v\u00fdhry! Neprop\u00e1sn\u011bte svou \u0161anci - bonus je k dispozici pouze jednou!","og_url":"https:\/\/planbet.cafe\/cs\/bonus\/100-first-deposit\/","og_site_name":"Planbet CS","article_modified_time":"2025-06-06T14:34:31+00:00","twitter_card":"summary_large_image","schema":{"@context":"https:\/\/schema.org","@graph":[{"@type":"WebPage","@id":"https:\/\/planbet.cafe\/cs\/bonus\/100-first-deposit\/","url":"https:\/\/planbet.cafe\/cs\/bonus\/100-first-deposit\/","name":"Z\u00edskejte 100 % na sv\u016fj prvn\u00ed vklad u PlanBet \u1409 A\u017e 2 500 K\u010d!","isPartOf":{"@id":"https:\/\/planbet.cafe\/cs\/#website"},"datePublished":"2025-05-28T13:29:34+00:00","dateModified":"2025-06-06T14:34:31+00:00","description":"Zdvojn\u00e1sobte sv\u016fj prvn\u00ed vklad - z\u00edskejte na sv\u016fj \u00fa\u010det a\u017e 2 500 K\u010d. Rychl\u00e1 registrace, jednoduch\u00fd proces a neuv\u011b\u0159iteln\u00e9 mo\u017enosti v\u00fdhry! Neprop\u00e1sn\u011bte svou \u0161anci - bonus je k dispozici pouze jednou!","breadcrumb":{"@id":"https:\/\/planbet.cafe\/cs\/bonus\/100-first-deposit\/#breadcrumb"},"inLanguage":"cs","potentialAction":[{"@type":"ReadAction","target":["https:\/\/planbet.cafe\/cs\/bonus\/100-first-deposit\/"]}]},{"@type":"BreadcrumbList","@id":"https:\/\/planbet.cafe\/cs\/bonus\/100-first-deposit\/#breadcrumb","itemListElement":[{"@type":"ListItem","position":1,"name":"Home","item":"https:\/\/planbet.cafe\/cs\/"},{"@type":"ListItem","position":2,"name":"Bonus","item":"https:\/\/planbet.cafe\/cs\/bonus\/"},{"@type":"ListItem","position":3,"name":"100 % p\u0159i prvn\u00edm vkladu"}]},{"@type":"WebSite","@id":"https:\/\/planbet.cafe\/cs\/#website","url":"https:\/\/planbet.cafe\/cs\/","name":"Planbet CS","description":"My WordPress Blog","potentialAction":[{"@type":"SearchAction","target":{"@type":"EntryPoint","urlTemplate":"https:\/\/planbet.cafe\/cs\/?s={search_term_string}"},"query-input":{"@type":"PropertyValueSpecification","valueRequired":true,"valueName":"search_term_string"}}],"inLanguage":"cs"}]}},"_links":{"self":[{"href":"https:\/\/planbet.cafe\/cs\/wp-json\/wp\/v2\/pages\/321","targetHints":{"allow":["GET"]}}],"collection":[{"href":"https:\/\/planbet.cafe\/cs\/wp-json\/wp\/v2\/pages"}],"about":[{"href":"https:\/\/planbet.cafe\/cs\/wp-json\/wp\/v2\/types\/page"}],"author":[{"embeddable":true,"href":"https:\/\/planbet.cafe\/cs\/wp-json\/wp\/v2\/users\/1"}],"replies":[{"embeddable":true,"href":"https:\/\/planbet.cafe\/cs\/wp-json\/wp\/v2\/comments?post=321"}],"version-history":[{"count":6,"href":"https:\/\/planbet.cafe\/cs\/wp-json\/wp\/v2\/pages\/321\/revisions"}],"predecessor-version":[{"id":370,"href":"https:\/\/planbet.cafe\/cs\/wp-json\/wp\/v2\/pages\/321\/revisions\/370"}],"up":[{"embeddable":true,"href":"https:\/\/planbet.cafe\/cs\/wp-json\/wp\/v2\/pages\/237"}],"wp:attachment":[{"href":"https:\/\/planbet.cafe\/cs\/wp-json\/wp\/v2\/media?parent=321"}],"curies":[{"name":"wp","href":"https:\/\/api.w.org\/{rel}","templated":true}]}}