{"id":278,"date":"2025-05-13T05:17:25","date_gmt":"2025-05-13T05:17:25","guid":{"rendered":"https:\/\/planbet.cafe\/cs\/?page_id=278"},"modified":"2025-06-06T16:15:57","modified_gmt":"2025-06-06T16:15:57","slug":"registration","status":"publish","type":"page","link":"https:\/\/planbet.cafe\/cs\/registration\/","title":{"rendered":"Registrace"},"content":{"rendered":"","protected":false},"excerpt":{"rendered":"","protected":false},"author":1,"featured_media":0,"parent":0,"menu_order":0,"comment_status":"closed","ping_status":"closed","template":"","meta":{"footnotes":""},"class_list":["post-278","page","type-page","status-publish","hentry"],"yoast_head":"<!-- This site is optimized with the Yoast SEO plugin v25.0 - https:\/\/yoast.com\/wordpress\/plugins\/seo\/ -->\n<title>Registrace u PlanBet \u1409 Tipy a triky pro \u00fasp\u011b\u0161n\u00fd start<\/title>\n<meta name=\"description\" content=\"Zapojte se do akce v PlanBet! \ud83d\udd25Zjist\u011bte, jak se zaregistrovat a za\u010d\u00edt hr\u00e1t hned te\u010f! Jste p\u0159ipraveni se do toho pustit?\" \/>\n<meta name=\"robots\" content=\"index, follow, max-snippet:-1, max-image-preview:large, max-video-preview:-1\" \/>\n<meta property=\"og:locale\" content=\"cs_CZ\" \/>\n<meta property=\"og:type\" content=\"article\" \/>\n<meta property=\"og:title\" content=\"Registrace u PlanBet \u1409 Tipy a triky pro \u00fasp\u011b\u0161n\u00fd start\" \/>\n<meta property=\"og:description\" content=\"Zapojte se do akce v PlanBet! \ud83d\udd25Zjist\u011bte, jak se zaregistrovat a za\u010d\u00edt hr\u00e1t hned te\u010f! Jste p\u0159ipraveni se do toho pustit?\" \/>\n<meta property=\"og:url\" content=\"https:\/\/planbet.cafe\/cs\/registration\/\" \/>\n<meta property=\"og:site_name\" content=\"Planbet CS\" \/>\n<meta property=\"article:modified_time\" content=\"2025-06-06T16:15:57+00:00\" \/>\n<meta name=\"twitter:card\" content=\"summary_large_image\" \/>\n<script type=\"application\/ld+json\" class=\"yoast-schema-graph\">{\"@context\":\"https:\/\/schema.org\",\"@graph\":[{\"@type\":\"WebPage\",\"@id\":\"https:\/\/planbet.cafe\/cs\/registration\/\",\"url\":\"https:\/\/planbet.cafe\/cs\/registration\/\",\"name\":\"Registrace u PlanBet \u1409 Tipy a triky pro \u00fasp\u011b\u0161n\u00fd start\",\"isPartOf\":{\"@id\":\"https:\/\/planbet.cafe\/cs\/#website\"},\"datePublished\":\"2025-05-13T05:17:25+00:00\",\"dateModified\":\"2025-06-06T16:15:57+00:00\",\"description\":\"Zapojte se do akce v PlanBet! \ud83d\udd25Zjist\u011bte, jak se zaregistrovat a za\u010d\u00edt hr\u00e1t hned te\u010f! Jste p\u0159ipraveni se do toho pustit?\",\"breadcrumb\":{\"@id\":\"https:\/\/planbet.cafe\/cs\/registration\/#breadcrumb\"},\"inLanguage\":\"cs\",\"potentialAction\":[{\"@type\":\"ReadAction\",\"target\":[\"https:\/\/planbet.cafe\/cs\/registration\/\"]}]},{\"@type\":\"BreadcrumbList\",\"@id\":\"https:\/\/planbet.cafe\/cs\/registration\/#breadcrumb\",\"itemListElement\":[{\"@type\":\"ListItem\",\"position\":1,\"name\":\"Home\",\"item\":\"https:\/\/planbet.cafe\/cs\/\"},{\"@type\":\"ListItem\",\"position\":2,\"name\":\"Registrace\"}]},{\"@type\":\"WebSite\",\"@id\":\"https:\/\/planbet.cafe\/cs\/#website\",\"url\":\"https:\/\/planbet.cafe\/cs\/\",\"name\":\"Planbet CS\",\"description\":\"My WordPress Blog\",\"potentialAction\":[{\"@type\":\"SearchAction\",\"target\":{\"@type\":\"EntryPoint\",\"urlTemplate\":\"https:\/\/planbet.cafe\/cs\/?s={search_term_string}\"},\"query-input\":{\"@type\":\"PropertyValueSpecification\",\"valueRequired\":true,\"valueName\":\"search_term_string\"}}],\"inLanguage\":\"cs\"}]}<\/script>\n<!-- \/ Yoast SEO plugin. -->","yoast_head_json":{"title":"Registrace u PlanBet \u1409 Tipy a triky pro \u00fasp\u011b\u0161n\u00fd start","description":"Zapojte se do akce v PlanBet! \ud83d\udd25Zjist\u011bte, jak se zaregistrovat a za\u010d\u00edt hr\u00e1t hned te\u010f! Jste p\u0159ipraveni se do toho pustit?","robots":{"index":"index","follow":"follow","max-snippet":"max-snippet:-1","max-image-preview":"max-image-preview:large","max-video-preview":"max-video-preview:-1"},"og_locale":"cs_CZ","og_type":"article","og_title":"Registrace u PlanBet \u1409 Tipy a triky pro \u00fasp\u011b\u0161n\u00fd start","og_description":"Zapojte se do akce v PlanBet! \ud83d\udd25Zjist\u011bte, jak se zaregistrovat a za\u010d\u00edt hr\u00e1t hned te\u010f! Jste p\u0159ipraveni se do toho pustit?","og_url":"https:\/\/planbet.cafe\/cs\/registration\/","og_site_name":"Planbet CS","article_modified_time":"2025-06-06T16:15:57+00:00","twitter_card":"summary_large_image","schema":{"@context":"https:\/\/schema.org","@graph":[{"@type":"WebPage","@id":"https:\/\/planbet.cafe\/cs\/registration\/","url":"https:\/\/planbet.cafe\/cs\/registration\/","name":"Registrace u PlanBet \u1409 Tipy a triky pro \u00fasp\u011b\u0161n\u00fd start","isPartOf":{"@id":"https:\/\/planbet.cafe\/cs\/#website"},"datePublished":"2025-05-13T05:17:25+00:00","dateModified":"2025-06-06T16:15:57+00:00","description":"Zapojte se do akce v PlanBet! \ud83d\udd25Zjist\u011bte, jak se zaregistrovat a za\u010d\u00edt hr\u00e1t hned te\u010f! Jste p\u0159ipraveni se do toho pustit?","breadcrumb":{"@id":"https:\/\/planbet.cafe\/cs\/registration\/#breadcrumb"},"inLanguage":"cs","potentialAction":[{"@type":"ReadAction","target":["https:\/\/planbet.cafe\/cs\/registration\/"]}]},{"@type":"BreadcrumbList","@id":"https:\/\/planbet.cafe\/cs\/registration\/#breadcrumb","itemListElement":[{"@type":"ListItem","position":1,"name":"Home","item":"https:\/\/planbet.cafe\/cs\/"},{"@type":"ListItem","position":2,"name":"Registrace"}]},{"@type":"WebSite","@id":"https:\/\/planbet.cafe\/cs\/#website","url":"https:\/\/planbet.cafe\/cs\/","name":"Planbet CS","description":"My WordPress Blog","potentialAction":[{"@type":"SearchAction","target":{"@type":"EntryPoint","urlTemplate":"https:\/\/planbet.cafe\/cs\/?s={search_term_string}"},"query-input":{"@type":"PropertyValueSpecification","valueRequired":true,"valueName":"search_term_string"}}],"inLanguage":"cs"}]}},"_links":{"self":[{"href":"https:\/\/planbet.cafe\/cs\/wp-json\/wp\/v2\/pages\/278","targetHints":{"allow":["GET"]}}],"collection":[{"href":"https:\/\/planbet.cafe\/cs\/wp-json\/wp\/v2\/pages"}],"about":[{"href":"https:\/\/planbet.cafe\/cs\/wp-json\/wp\/v2\/types\/page"}],"author":[{"embeddable":true,"href":"https:\/\/planbet.cafe\/cs\/wp-json\/wp\/v2\/users\/1"}],"replies":[{"embeddable":true,"href":"https:\/\/planbet.cafe\/cs\/wp-json\/wp\/v2\/comments?post=278"}],"version-history":[{"count":10,"href":"https:\/\/planbet.cafe\/cs\/wp-json\/wp\/v2\/pages\/278\/revisions"}],"predecessor-version":[{"id":383,"href":"https:\/\/planbet.cafe\/cs\/wp-json\/wp\/v2\/pages\/278\/revisions\/383"}],"wp:attachment":[{"href":"https:\/\/planbet.cafe\/cs\/wp-json\/wp\/v2\/media?parent=278"}],"curies":[{"name":"wp","href":"https:\/\/api.w.org\/{rel}","templated":true}]}}