{"id":263,"date":"2025-05-11T18:22:24","date_gmt":"2025-05-11T18:22:24","guid":{"rendered":"https:\/\/planbet.cafe\/cs\/?page_id=263"},"modified":"2025-06-06T15:55:10","modified_gmt":"2025-06-06T15:55:10","slug":"login","status":"publish","type":"page","link":"https:\/\/planbet.cafe\/cs\/login\/","title":{"rendered":"P\u0159ihl\u00e1\u0161en\u00ed"},"content":{"rendered":"","protected":false},"excerpt":{"rendered":"","protected":false},"author":1,"featured_media":0,"parent":0,"menu_order":0,"comment_status":"closed","ping_status":"closed","template":"","meta":{"footnotes":""},"class_list":["post-263","page","type-page","status-publish","hentry"],"yoast_head":"<!-- This site is optimized with the Yoast SEO plugin v25.0 - https:\/\/yoast.com\/wordpress\/plugins\/seo\/ -->\n<title>P\u0159ihl\u00e1\u0161en\u00ed do PlanBet \u1409 Rychl\u00fd a snadn\u00fd p\u0159\u00edstup k va\u0161emu \u00fa\u010dtu<\/title>\n<meta name=\"description\" content=\"Snadn\u00fd p\u0159\u00edstup k va\u0161emu \u00fa\u010dtu PlanBet! Pr\u016fvodce obsahuje pokyny krok za krokem. Z\u00edskejte n\u00e1pov\u011bdu k p\u0159ihl\u00e1\u0161en\u00ed, zjist\u011bte informace o zabezpe\u010den\u00ed \u00fa\u010dtu a za\u010dn\u011bte hr\u00e1t!\" \/>\n<meta name=\"robots\" content=\"index, follow, max-snippet:-1, max-image-preview:large, max-video-preview:-1\" \/>\n<meta property=\"og:locale\" content=\"cs_CZ\" \/>\n<meta property=\"og:type\" content=\"article\" \/>\n<meta property=\"og:title\" content=\"P\u0159ihl\u00e1\u0161en\u00ed do PlanBet \u1409 Rychl\u00fd a snadn\u00fd p\u0159\u00edstup k va\u0161emu \u00fa\u010dtu\" \/>\n<meta property=\"og:description\" content=\"Snadn\u00fd p\u0159\u00edstup k va\u0161emu \u00fa\u010dtu PlanBet! Pr\u016fvodce obsahuje pokyny krok za krokem. Z\u00edskejte n\u00e1pov\u011bdu k p\u0159ihl\u00e1\u0161en\u00ed, zjist\u011bte informace o zabezpe\u010den\u00ed \u00fa\u010dtu a za\u010dn\u011bte hr\u00e1t!\" \/>\n<meta property=\"og:url\" content=\"https:\/\/planbet.cafe\/cs\/login\/\" \/>\n<meta property=\"og:site_name\" content=\"Planbet CS\" \/>\n<meta property=\"article:modified_time\" content=\"2025-06-06T15:55:10+00:00\" \/>\n<meta name=\"twitter:card\" content=\"summary_large_image\" \/>\n<script type=\"application\/ld+json\" class=\"yoast-schema-graph\">{\"@context\":\"https:\/\/schema.org\",\"@graph\":[{\"@type\":\"WebPage\",\"@id\":\"https:\/\/planbet.cafe\/cs\/login\/\",\"url\":\"https:\/\/planbet.cafe\/cs\/login\/\",\"name\":\"P\u0159ihl\u00e1\u0161en\u00ed do PlanBet \u1409 Rychl\u00fd a snadn\u00fd p\u0159\u00edstup k va\u0161emu \u00fa\u010dtu\",\"isPartOf\":{\"@id\":\"https:\/\/planbet.cafe\/cs\/#website\"},\"datePublished\":\"2025-05-11T18:22:24+00:00\",\"dateModified\":\"2025-06-06T15:55:10+00:00\",\"description\":\"Snadn\u00fd p\u0159\u00edstup k va\u0161emu \u00fa\u010dtu PlanBet! Pr\u016fvodce obsahuje pokyny krok za krokem. Z\u00edskejte n\u00e1pov\u011bdu k p\u0159ihl\u00e1\u0161en\u00ed, zjist\u011bte informace o zabezpe\u010den\u00ed \u00fa\u010dtu a za\u010dn\u011bte hr\u00e1t!\",\"breadcrumb\":{\"@id\":\"https:\/\/planbet.cafe\/cs\/login\/#breadcrumb\"},\"inLanguage\":\"cs\",\"potentialAction\":[{\"@type\":\"ReadAction\",\"target\":[\"https:\/\/planbet.cafe\/cs\/login\/\"]}]},{\"@type\":\"BreadcrumbList\",\"@id\":\"https:\/\/planbet.cafe\/cs\/login\/#breadcrumb\",\"itemListElement\":[{\"@type\":\"ListItem\",\"position\":1,\"name\":\"Home\",\"item\":\"https:\/\/planbet.cafe\/cs\/\"},{\"@type\":\"ListItem\",\"position\":2,\"name\":\"P\u0159ihl\u00e1\u0161en\u00ed\"}]},{\"@type\":\"WebSite\",\"@id\":\"https:\/\/planbet.cafe\/cs\/#website\",\"url\":\"https:\/\/planbet.cafe\/cs\/\",\"name\":\"Planbet CS\",\"description\":\"My WordPress Blog\",\"potentialAction\":[{\"@type\":\"SearchAction\",\"target\":{\"@type\":\"EntryPoint\",\"urlTemplate\":\"https:\/\/planbet.cafe\/cs\/?s={search_term_string}\"},\"query-input\":{\"@type\":\"PropertyValueSpecification\",\"valueRequired\":true,\"valueName\":\"search_term_string\"}}],\"inLanguage\":\"cs\"}]}<\/script>\n<!-- \/ Yoast SEO plugin. -->","yoast_head_json":{"title":"P\u0159ihl\u00e1\u0161en\u00ed do PlanBet \u1409 Rychl\u00fd a snadn\u00fd p\u0159\u00edstup k va\u0161emu \u00fa\u010dtu","description":"Snadn\u00fd p\u0159\u00edstup k va\u0161emu \u00fa\u010dtu PlanBet! Pr\u016fvodce obsahuje pokyny krok za krokem. Z\u00edskejte n\u00e1pov\u011bdu k p\u0159ihl\u00e1\u0161en\u00ed, zjist\u011bte informace o zabezpe\u010den\u00ed \u00fa\u010dtu a za\u010dn\u011bte hr\u00e1t!","robots":{"index":"index","follow":"follow","max-snippet":"max-snippet:-1","max-image-preview":"max-image-preview:large","max-video-preview":"max-video-preview:-1"},"og_locale":"cs_CZ","og_type":"article","og_title":"P\u0159ihl\u00e1\u0161en\u00ed do PlanBet \u1409 Rychl\u00fd a snadn\u00fd p\u0159\u00edstup k va\u0161emu \u00fa\u010dtu","og_description":"Snadn\u00fd p\u0159\u00edstup k va\u0161emu \u00fa\u010dtu PlanBet! Pr\u016fvodce obsahuje pokyny krok za krokem. Z\u00edskejte n\u00e1pov\u011bdu k p\u0159ihl\u00e1\u0161en\u00ed, zjist\u011bte informace o zabezpe\u010den\u00ed \u00fa\u010dtu a za\u010dn\u011bte hr\u00e1t!","og_url":"https:\/\/planbet.cafe\/cs\/login\/","og_site_name":"Planbet CS","article_modified_time":"2025-06-06T15:55:10+00:00","twitter_card":"summary_large_image","schema":{"@context":"https:\/\/schema.org","@graph":[{"@type":"WebPage","@id":"https:\/\/planbet.cafe\/cs\/login\/","url":"https:\/\/planbet.cafe\/cs\/login\/","name":"P\u0159ihl\u00e1\u0161en\u00ed do PlanBet \u1409 Rychl\u00fd a snadn\u00fd p\u0159\u00edstup k va\u0161emu \u00fa\u010dtu","isPartOf":{"@id":"https:\/\/planbet.cafe\/cs\/#website"},"datePublished":"2025-05-11T18:22:24+00:00","dateModified":"2025-06-06T15:55:10+00:00","description":"Snadn\u00fd p\u0159\u00edstup k va\u0161emu \u00fa\u010dtu PlanBet! Pr\u016fvodce obsahuje pokyny krok za krokem. Z\u00edskejte n\u00e1pov\u011bdu k p\u0159ihl\u00e1\u0161en\u00ed, zjist\u011bte informace o zabezpe\u010den\u00ed \u00fa\u010dtu a za\u010dn\u011bte hr\u00e1t!","breadcrumb":{"@id":"https:\/\/planbet.cafe\/cs\/login\/#breadcrumb"},"inLanguage":"cs","potentialAction":[{"@type":"ReadAction","target":["https:\/\/planbet.cafe\/cs\/login\/"]}]},{"@type":"BreadcrumbList","@id":"https:\/\/planbet.cafe\/cs\/login\/#breadcrumb","itemListElement":[{"@type":"ListItem","position":1,"name":"Home","item":"https:\/\/planbet.cafe\/cs\/"},{"@type":"ListItem","position":2,"name":"P\u0159ihl\u00e1\u0161en\u00ed"}]},{"@type":"WebSite","@id":"https:\/\/planbet.cafe\/cs\/#website","url":"https:\/\/planbet.cafe\/cs\/","name":"Planbet CS","description":"My WordPress Blog","potentialAction":[{"@type":"SearchAction","target":{"@type":"EntryPoint","urlTemplate":"https:\/\/planbet.cafe\/cs\/?s={search_term_string}"},"query-input":{"@type":"PropertyValueSpecification","valueRequired":true,"valueName":"search_term_string"}}],"inLanguage":"cs"}]}},"_links":{"self":[{"href":"https:\/\/planbet.cafe\/cs\/wp-json\/wp\/v2\/pages\/263","targetHints":{"allow":["GET"]}}],"collection":[{"href":"https:\/\/planbet.cafe\/cs\/wp-json\/wp\/v2\/pages"}],"about":[{"href":"https:\/\/planbet.cafe\/cs\/wp-json\/wp\/v2\/types\/page"}],"author":[{"embeddable":true,"href":"https:\/\/planbet.cafe\/cs\/wp-json\/wp\/v2\/users\/1"}],"replies":[{"embeddable":true,"href":"https:\/\/planbet.cafe\/cs\/wp-json\/wp\/v2\/comments?post=263"}],"version-history":[{"count":7,"href":"https:\/\/planbet.cafe\/cs\/wp-json\/wp\/v2\/pages\/263\/revisions"}],"predecessor-version":[{"id":379,"href":"https:\/\/planbet.cafe\/cs\/wp-json\/wp\/v2\/pages\/263\/revisions\/379"}],"wp:attachment":[{"href":"https:\/\/planbet.cafe\/cs\/wp-json\/wp\/v2\/media?parent=263"}],"curies":[{"name":"wp","href":"https:\/\/api.w.org\/{rel}","templated":true}]}}