{"id":2,"date":"2023-05-18T17:18:34","date_gmt":"2023-05-18T17:18:34","guid":{"rendered":"http:\/\/planbet.cafe\/cs\/?page_id=2"},"modified":"2025-06-06T15:48:10","modified_gmt":"2025-06-06T15:48:10","slug":"sample-page","status":"publish","type":"page","link":"https:\/\/planbet.cafe\/cs\/","title":{"rendered":"Home"},"content":{"rendered":"","protected":false},"excerpt":{"rendered":"","protected":false},"author":1,"featured_media":0,"parent":0,"menu_order":0,"comment_status":"closed","ping_status":"open","template":"","meta":{"footnotes":""},"class_list":["post-2","page","type-page","status-publish","hentry"],"yoast_head":"<!-- This site is optimized with the Yoast SEO plugin v25.0 - https:\/\/yoast.com\/wordpress\/plugins\/seo\/ -->\n<title>PlanBet 2025 | Nov\u00e1 platforma pro sportovn\u00ed s\u00e1zen\u00ed a kasinov\u00e9 hry<\/title>\n<meta name=\"description\" content=\"PlanBet (2025) je nov\u00e1 online hern\u00ed destinace pro sportovn\u00ed s\u00e1zen\u00ed a kasinov\u00e9 hry. P\u0159idejte se ke 150 000 spokojen\u00fdch hr\u00e1\u010d\u016f a objevte prvot\u0159\u00eddn\u00ed slu\u017eby a \u0161t\u011bdr\u00e9 bonusy.\" \/>\n<meta name=\"robots\" content=\"index, follow, max-snippet:-1, max-image-preview:large, max-video-preview:-1\" \/>\n<meta property=\"og:locale\" content=\"cs_CZ\" \/>\n<meta property=\"og:type\" content=\"article\" \/>\n<meta property=\"og:title\" content=\"PlanBet 2025 | Nov\u00e1 platforma pro sportovn\u00ed s\u00e1zen\u00ed a kasinov\u00e9 hry\" \/>\n<meta property=\"og:description\" content=\"PlanBet (2025) je nov\u00e1 online hern\u00ed destinace pro sportovn\u00ed s\u00e1zen\u00ed a kasinov\u00e9 hry. P\u0159idejte se ke 150 000 spokojen\u00fdch hr\u00e1\u010d\u016f a objevte prvot\u0159\u00eddn\u00ed slu\u017eby a \u0161t\u011bdr\u00e9 bonusy.\" \/>\n<meta property=\"og:url\" content=\"https:\/\/planbet.cafe\/cs\/\" \/>\n<meta property=\"og:site_name\" content=\"Planbet CS\" \/>\n<meta property=\"article:modified_time\" content=\"2025-06-06T15:48:10+00:00\" \/>\n<meta name=\"twitter:card\" content=\"summary_large_image\" \/>\n<script type=\"application\/ld+json\" class=\"yoast-schema-graph\">{\"@context\":\"https:\/\/schema.org\",\"@graph\":[{\"@type\":\"WebPage\",\"@id\":\"https:\/\/planbet.cafe\/cs\/\",\"url\":\"https:\/\/planbet.cafe\/cs\/\",\"name\":\"PlanBet 2025 | Nov\u00e1 platforma pro sportovn\u00ed s\u00e1zen\u00ed a kasinov\u00e9 hry\",\"isPartOf\":{\"@id\":\"https:\/\/planbet.cafe\/cs\/#website\"},\"datePublished\":\"2023-05-18T17:18:34+00:00\",\"dateModified\":\"2025-06-06T15:48:10+00:00\",\"description\":\"PlanBet (2025) je nov\u00e1 online hern\u00ed destinace pro sportovn\u00ed s\u00e1zen\u00ed a kasinov\u00e9 hry. P\u0159idejte se ke 150 000 spokojen\u00fdch hr\u00e1\u010d\u016f a objevte prvot\u0159\u00eddn\u00ed slu\u017eby a \u0161t\u011bdr\u00e9 bonusy.\",\"breadcrumb\":{\"@id\":\"https:\/\/planbet.cafe\/cs\/#breadcrumb\"},\"inLanguage\":\"cs\",\"potentialAction\":[{\"@type\":\"ReadAction\",\"target\":[\"https:\/\/planbet.cafe\/cs\/\"]}]},{\"@type\":\"BreadcrumbList\",\"@id\":\"https:\/\/planbet.cafe\/cs\/#breadcrumb\",\"itemListElement\":[{\"@type\":\"ListItem\",\"position\":1,\"name\":\"Home\",\"item\":\"https:\/\/planbet.cafe\/cs\/\"},{\"@type\":\"ListItem\",\"position\":2,\"name\":\"Home\"}]},{\"@type\":\"WebSite\",\"@id\":\"https:\/\/planbet.cafe\/cs\/#website\",\"url\":\"https:\/\/planbet.cafe\/cs\/\",\"name\":\"Planbet CS\",\"description\":\"My WordPress Blog\",\"potentialAction\":[{\"@type\":\"SearchAction\",\"target\":{\"@type\":\"EntryPoint\",\"urlTemplate\":\"https:\/\/planbet.cafe\/cs\/?s={search_term_string}\"},\"query-input\":{\"@type\":\"PropertyValueSpecification\",\"valueRequired\":true,\"valueName\":\"search_term_string\"}}],\"inLanguage\":\"cs\"}]}<\/script>\n<!-- \/ Yoast SEO plugin. -->","yoast_head_json":{"title":"PlanBet 2025 | Nov\u00e1 platforma pro sportovn\u00ed s\u00e1zen\u00ed a kasinov\u00e9 hry","description":"PlanBet (2025) je nov\u00e1 online hern\u00ed destinace pro sportovn\u00ed s\u00e1zen\u00ed a kasinov\u00e9 hry. P\u0159idejte se ke 150 000 spokojen\u00fdch hr\u00e1\u010d\u016f a objevte prvot\u0159\u00eddn\u00ed slu\u017eby a \u0161t\u011bdr\u00e9 bonusy.","robots":{"index":"index","follow":"follow","max-snippet":"max-snippet:-1","max-image-preview":"max-image-preview:large","max-video-preview":"max-video-preview:-1"},"og_locale":"cs_CZ","og_type":"article","og_title":"PlanBet 2025 | Nov\u00e1 platforma pro sportovn\u00ed s\u00e1zen\u00ed a kasinov\u00e9 hry","og_description":"PlanBet (2025) je nov\u00e1 online hern\u00ed destinace pro sportovn\u00ed s\u00e1zen\u00ed a kasinov\u00e9 hry. P\u0159idejte se ke 150 000 spokojen\u00fdch hr\u00e1\u010d\u016f a objevte prvot\u0159\u00eddn\u00ed slu\u017eby a \u0161t\u011bdr\u00e9 bonusy.","og_url":"https:\/\/planbet.cafe\/cs\/","og_site_name":"Planbet CS","article_modified_time":"2025-06-06T15:48:10+00:00","twitter_card":"summary_large_image","schema":{"@context":"https:\/\/schema.org","@graph":[{"@type":"WebPage","@id":"https:\/\/planbet.cafe\/cs\/","url":"https:\/\/planbet.cafe\/cs\/","name":"PlanBet 2025 | Nov\u00e1 platforma pro sportovn\u00ed s\u00e1zen\u00ed a kasinov\u00e9 hry","isPartOf":{"@id":"https:\/\/planbet.cafe\/cs\/#website"},"datePublished":"2023-05-18T17:18:34+00:00","dateModified":"2025-06-06T15:48:10+00:00","description":"PlanBet (2025) je nov\u00e1 online hern\u00ed destinace pro sportovn\u00ed s\u00e1zen\u00ed a kasinov\u00e9 hry. P\u0159idejte se ke 150 000 spokojen\u00fdch hr\u00e1\u010d\u016f a objevte prvot\u0159\u00eddn\u00ed slu\u017eby a \u0161t\u011bdr\u00e9 bonusy.","breadcrumb":{"@id":"https:\/\/planbet.cafe\/cs\/#breadcrumb"},"inLanguage":"cs","potentialAction":[{"@type":"ReadAction","target":["https:\/\/planbet.cafe\/cs\/"]}]},{"@type":"BreadcrumbList","@id":"https:\/\/planbet.cafe\/cs\/#breadcrumb","itemListElement":[{"@type":"ListItem","position":1,"name":"Home","item":"https:\/\/planbet.cafe\/cs\/"},{"@type":"ListItem","position":2,"name":"Home"}]},{"@type":"WebSite","@id":"https:\/\/planbet.cafe\/cs\/#website","url":"https:\/\/planbet.cafe\/cs\/","name":"Planbet CS","description":"My WordPress Blog","potentialAction":[{"@type":"SearchAction","target":{"@type":"EntryPoint","urlTemplate":"https:\/\/planbet.cafe\/cs\/?s={search_term_string}"},"query-input":{"@type":"PropertyValueSpecification","valueRequired":true,"valueName":"search_term_string"}}],"inLanguage":"cs"}]}},"_links":{"self":[{"href":"https:\/\/planbet.cafe\/cs\/wp-json\/wp\/v2\/pages\/2","targetHints":{"allow":["GET"]}}],"collection":[{"href":"https:\/\/planbet.cafe\/cs\/wp-json\/wp\/v2\/pages"}],"about":[{"href":"https:\/\/planbet.cafe\/cs\/wp-json\/wp\/v2\/types\/page"}],"author":[{"embeddable":true,"href":"https:\/\/planbet.cafe\/cs\/wp-json\/wp\/v2\/users\/1"}],"replies":[{"embeddable":true,"href":"https:\/\/planbet.cafe\/cs\/wp-json\/wp\/v2\/comments?post=2"}],"version-history":[{"count":21,"href":"https:\/\/planbet.cafe\/cs\/wp-json\/wp\/v2\/pages\/2\/revisions"}],"predecessor-version":[{"id":377,"href":"https:\/\/planbet.cafe\/cs\/wp-json\/wp\/v2\/pages\/2\/revisions\/377"}],"wp:attachment":[{"href":"https:\/\/planbet.cafe\/cs\/wp-json\/wp\/v2\/media?parent=2"}],"curies":[{"name":"wp","href":"https:\/\/api.w.org\/{rel}","templated":true}]}}