{"id":332,"date":"2025-05-28T15:01:50","date_gmt":"2025-05-28T15:01:50","guid":{"rendered":"https:\/\/planbet.cafe\/co\/?page_id=332"},"modified":"2025-07-01T17:47:58","modified_gmt":"2025-07-01T17:47:58","slug":"express","status":"publish","type":"page","link":"https:\/\/planbet.cafe\/co\/bonus\/express\/","title":{"rendered":"Express"},"content":{"rendered":"","protected":false},"excerpt":{"rendered":"","protected":false},"author":1,"featured_media":0,"parent":237,"menu_order":0,"comment_status":"closed","ping_status":"closed","template":"","meta":{"footnotes":""},"class_list":["post-332","page","type-page","status-publish","hentry"],"yoast_head":"<!-- This site is optimized with the Yoast SEO plugin v25.0 - https:\/\/yoast.com\/wordpress\/plugins\/seo\/ -->\n<title>Expreso del d\u00eda en PlanBet \u1409 \u00a1Consigue una bonificaci\u00f3n del 10%!<\/title>\n<meta name=\"description\" content=\"\u00danete a la promoci\u00f3n Expr\u00e9s del D\u00eda en PlanBet y \u00a1consigue una bonificaci\u00f3n del 10% en tus ganancias! S\u00f3lo tiene que elegir una de las apuestas expr\u00e9s sugeridas. Gane m\u00e1s con una cuota de bonificaci\u00f3n de 1,1 y \u00a1gane!\" \/>\n<meta name=\"robots\" content=\"index, follow, max-snippet:-1, max-image-preview:large, max-video-preview:-1\" \/>\n<meta property=\"og:locale\" content=\"es_ES\" \/>\n<meta property=\"og:type\" content=\"article\" \/>\n<meta property=\"og:title\" content=\"Expreso del d\u00eda en PlanBet \u1409 \u00a1Consigue una bonificaci\u00f3n del 10%!\" \/>\n<meta property=\"og:description\" content=\"\u00danete a la promoci\u00f3n Expr\u00e9s del D\u00eda en PlanBet y \u00a1consigue una bonificaci\u00f3n del 10% en tus ganancias! S\u00f3lo tiene que elegir una de las apuestas expr\u00e9s sugeridas. Gane m\u00e1s con una cuota de bonificaci\u00f3n de 1,1 y \u00a1gane!\" \/>\n<meta property=\"og:url\" content=\"https:\/\/planbet.cafe\/co\/bonus\/express\/\" \/>\n<meta property=\"og:site_name\" content=\"Planbet CO\" \/>\n<meta property=\"article:modified_time\" content=\"2025-07-01T17:47:58+00:00\" \/>\n<meta name=\"twitter:card\" content=\"summary_large_image\" \/>\n<script type=\"application\/ld+json\" class=\"yoast-schema-graph\">{\"@context\":\"https:\/\/schema.org\",\"@graph\":[{\"@type\":\"WebPage\",\"@id\":\"https:\/\/planbet.cafe\/co\/bonus\/express\/\",\"url\":\"https:\/\/planbet.cafe\/co\/bonus\/express\/\",\"name\":\"Expreso del d\u00eda en PlanBet \u1409 \u00a1Consigue una bonificaci\u00f3n del 10%!\",\"isPartOf\":{\"@id\":\"https:\/\/planbet.cafe\/co\/#website\"},\"datePublished\":\"2025-05-28T15:01:50+00:00\",\"dateModified\":\"2025-07-01T17:47:58+00:00\",\"description\":\"\u00danete a la promoci\u00f3n Expr\u00e9s del D\u00eda en PlanBet y \u00a1consigue una bonificaci\u00f3n del 10% en tus ganancias! S\u00f3lo tiene que elegir una de las apuestas expr\u00e9s sugeridas. Gane m\u00e1s con una cuota de bonificaci\u00f3n de 1,1 y \u00a1gane!\",\"breadcrumb\":{\"@id\":\"https:\/\/planbet.cafe\/co\/bonus\/express\/#breadcrumb\"},\"inLanguage\":\"es-CO\",\"potentialAction\":[{\"@type\":\"ReadAction\",\"target\":[\"https:\/\/planbet.cafe\/co\/bonus\/express\/\"]}]},{\"@type\":\"BreadcrumbList\",\"@id\":\"https:\/\/planbet.cafe\/co\/bonus\/express\/#breadcrumb\",\"itemListElement\":[{\"@type\":\"ListItem\",\"position\":1,\"name\":\"Home\",\"item\":\"https:\/\/planbet.cafe\/co\/\"},{\"@type\":\"ListItem\",\"position\":2,\"name\":\"Bono\",\"item\":\"https:\/\/planbet.cafe\/co\/bonus\/\"},{\"@type\":\"ListItem\",\"position\":3,\"name\":\"Express\"}]},{\"@type\":\"WebSite\",\"@id\":\"https:\/\/planbet.cafe\/co\/#website\",\"url\":\"https:\/\/planbet.cafe\/co\/\",\"name\":\"Planbet CO\",\"description\":\"My WordPress Blog\",\"potentialAction\":[{\"@type\":\"SearchAction\",\"target\":{\"@type\":\"EntryPoint\",\"urlTemplate\":\"https:\/\/planbet.cafe\/co\/?s={search_term_string}\"},\"query-input\":{\"@type\":\"PropertyValueSpecification\",\"valueRequired\":true,\"valueName\":\"search_term_string\"}}],\"inLanguage\":\"es-CO\"}]}<\/script>\n<!-- \/ Yoast SEO plugin. -->","yoast_head_json":{"title":"Expreso del d\u00eda en PlanBet \u1409 \u00a1Consigue una bonificaci\u00f3n del 10%!","description":"\u00danete a la promoci\u00f3n Expr\u00e9s del D\u00eda en PlanBet y \u00a1consigue una bonificaci\u00f3n del 10% en tus ganancias! S\u00f3lo tiene que elegir una de las apuestas expr\u00e9s sugeridas. Gane m\u00e1s con una cuota de bonificaci\u00f3n de 1,1 y \u00a1gane!","robots":{"index":"index","follow":"follow","max-snippet":"max-snippet:-1","max-image-preview":"max-image-preview:large","max-video-preview":"max-video-preview:-1"},"og_locale":"es_ES","og_type":"article","og_title":"Expreso del d\u00eda en PlanBet \u1409 \u00a1Consigue una bonificaci\u00f3n del 10%!","og_description":"\u00danete a la promoci\u00f3n Expr\u00e9s del D\u00eda en PlanBet y \u00a1consigue una bonificaci\u00f3n del 10% en tus ganancias! S\u00f3lo tiene que elegir una de las apuestas expr\u00e9s sugeridas. Gane m\u00e1s con una cuota de bonificaci\u00f3n de 1,1 y \u00a1gane!","og_url":"https:\/\/planbet.cafe\/co\/bonus\/express\/","og_site_name":"Planbet CO","article_modified_time":"2025-07-01T17:47:58+00:00","twitter_card":"summary_large_image","schema":{"@context":"https:\/\/schema.org","@graph":[{"@type":"WebPage","@id":"https:\/\/planbet.cafe\/co\/bonus\/express\/","url":"https:\/\/planbet.cafe\/co\/bonus\/express\/","name":"Expreso del d\u00eda en PlanBet \u1409 \u00a1Consigue una bonificaci\u00f3n del 10%!","isPartOf":{"@id":"https:\/\/planbet.cafe\/co\/#website"},"datePublished":"2025-05-28T15:01:50+00:00","dateModified":"2025-07-01T17:47:58+00:00","description":"\u00danete a la promoci\u00f3n Expr\u00e9s del D\u00eda en PlanBet y \u00a1consigue una bonificaci\u00f3n del 10% en tus ganancias! S\u00f3lo tiene que elegir una de las apuestas expr\u00e9s sugeridas. Gane m\u00e1s con una cuota de bonificaci\u00f3n de 1,1 y \u00a1gane!","breadcrumb":{"@id":"https:\/\/planbet.cafe\/co\/bonus\/express\/#breadcrumb"},"inLanguage":"es-CO","potentialAction":[{"@type":"ReadAction","target":["https:\/\/planbet.cafe\/co\/bonus\/express\/"]}]},{"@type":"BreadcrumbList","@id":"https:\/\/planbet.cafe\/co\/bonus\/express\/#breadcrumb","itemListElement":[{"@type":"ListItem","position":1,"name":"Home","item":"https:\/\/planbet.cafe\/co\/"},{"@type":"ListItem","position":2,"name":"Bono","item":"https:\/\/planbet.cafe\/co\/bonus\/"},{"@type":"ListItem","position":3,"name":"Express"}]},{"@type":"WebSite","@id":"https:\/\/planbet.cafe\/co\/#website","url":"https:\/\/planbet.cafe\/co\/","name":"Planbet CO","description":"My WordPress Blog","potentialAction":[{"@type":"SearchAction","target":{"@type":"EntryPoint","urlTemplate":"https:\/\/planbet.cafe\/co\/?s={search_term_string}"},"query-input":{"@type":"PropertyValueSpecification","valueRequired":true,"valueName":"search_term_string"}}],"inLanguage":"es-CO"}]}},"_links":{"self":[{"href":"https:\/\/planbet.cafe\/co\/wp-json\/wp\/v2\/pages\/332","targetHints":{"allow":["GET"]}}],"collection":[{"href":"https:\/\/planbet.cafe\/co\/wp-json\/wp\/v2\/pages"}],"about":[{"href":"https:\/\/planbet.cafe\/co\/wp-json\/wp\/v2\/types\/page"}],"author":[{"embeddable":true,"href":"https:\/\/planbet.cafe\/co\/wp-json\/wp\/v2\/users\/1"}],"replies":[{"embeddable":true,"href":"https:\/\/planbet.cafe\/co\/wp-json\/wp\/v2\/comments?post=332"}],"version-history":[{"count":3,"href":"https:\/\/planbet.cafe\/co\/wp-json\/wp\/v2\/pages\/332\/revisions"}],"predecessor-version":[{"id":387,"href":"https:\/\/planbet.cafe\/co\/wp-json\/wp\/v2\/pages\/332\/revisions\/387"}],"up":[{"embeddable":true,"href":"https:\/\/planbet.cafe\/co\/wp-json\/wp\/v2\/pages\/237"}],"wp:attachment":[{"href":"https:\/\/planbet.cafe\/co\/wp-json\/wp\/v2\/media?parent=332"}],"curies":[{"name":"wp","href":"https:\/\/api.w.org\/{rel}","templated":true}]}}