{"id":263,"date":"2025-05-11T18:22:24","date_gmt":"2025-05-11T18:22:24","guid":{"rendered":"https:\/\/planbet.cafe\/ch\/?page_id=263"},"modified":"2025-08-01T11:13:22","modified_gmt":"2025-08-01T11:13:22","slug":"login","status":"publish","type":"page","link":"https:\/\/planbet.cafe\/ch\/login\/","title":{"rendered":"Login"},"content":{"rendered":"","protected":false},"excerpt":{"rendered":"","protected":false},"author":1,"featured_media":0,"parent":0,"menu_order":0,"comment_status":"closed","ping_status":"closed","template":"","meta":{"footnotes":""},"class_list":["post-263","page","type-page","status-publish","hentry"],"yoast_head":"<!-- This site is optimized with the Yoast SEO plugin v25.0 - https:\/\/yoast.com\/wordpress\/plugins\/seo\/ -->\n<title>PlanBet Anmeldung \u1409 Einfacher und schneller Zugang zu Ihrem Konto<\/title>\n<meta name=\"description\" content=\"Greifen Sie ganz einfach auf Ihr PlanBet Schweiz Konto zu! Der Leitfaden enth\u00e4lt Schritt-f\u00fcr-Schritt-Anweisungen. Holen Sie sich Hilfe bei der Anmeldung, erfahren Sie mehr \u00fcber die Kontosicherheit und beginnen Sie zu spielen!\" \/>\n<meta name=\"robots\" content=\"index, follow, max-snippet:-1, max-image-preview:large, max-video-preview:-1\" \/>\n<meta property=\"og:locale\" content=\"de_DE\" \/>\n<meta property=\"og:type\" content=\"article\" \/>\n<meta property=\"og:title\" content=\"PlanBet Anmeldung \u1409 Einfacher und schneller Zugang zu Ihrem Konto\" \/>\n<meta property=\"og:description\" content=\"Greifen Sie ganz einfach auf Ihr PlanBet Schweiz Konto zu! Der Leitfaden enth\u00e4lt Schritt-f\u00fcr-Schritt-Anweisungen. Holen Sie sich Hilfe bei der Anmeldung, erfahren Sie mehr \u00fcber die Kontosicherheit und beginnen Sie zu spielen!\" \/>\n<meta property=\"og:url\" content=\"https:\/\/planbet.cafe\/ch\/login\/\" \/>\n<meta property=\"og:site_name\" content=\"Planbet CH\" \/>\n<meta property=\"article:modified_time\" content=\"2025-08-01T11:13:22+00:00\" \/>\n<meta name=\"twitter:card\" content=\"summary_large_image\" \/>\n<script type=\"application\/ld+json\" class=\"yoast-schema-graph\">{\"@context\":\"https:\/\/schema.org\",\"@graph\":[{\"@type\":\"WebPage\",\"@id\":\"https:\/\/planbet.cafe\/ch\/login\/\",\"url\":\"https:\/\/planbet.cafe\/ch\/login\/\",\"name\":\"PlanBet Anmeldung \u1409 Einfacher und schneller Zugang zu Ihrem Konto\",\"isPartOf\":{\"@id\":\"https:\/\/planbet.cafe\/ch\/#website\"},\"datePublished\":\"2025-05-11T18:22:24+00:00\",\"dateModified\":\"2025-08-01T11:13:22+00:00\",\"description\":\"Greifen Sie ganz einfach auf Ihr PlanBet Schweiz Konto zu! Der Leitfaden enth\u00e4lt Schritt-f\u00fcr-Schritt-Anweisungen. Holen Sie sich Hilfe bei der Anmeldung, erfahren Sie mehr \u00fcber die Kontosicherheit und beginnen Sie zu spielen!\",\"breadcrumb\":{\"@id\":\"https:\/\/planbet.cafe\/ch\/login\/#breadcrumb\"},\"inLanguage\":\"de-CH\",\"potentialAction\":[{\"@type\":\"ReadAction\",\"target\":[\"https:\/\/planbet.cafe\/ch\/login\/\"]}]},{\"@type\":\"BreadcrumbList\",\"@id\":\"https:\/\/planbet.cafe\/ch\/login\/#breadcrumb\",\"itemListElement\":[{\"@type\":\"ListItem\",\"position\":1,\"name\":\"Home\",\"item\":\"https:\/\/planbet.cafe\/ch\/\"},{\"@type\":\"ListItem\",\"position\":2,\"name\":\"Login\"}]},{\"@type\":\"WebSite\",\"@id\":\"https:\/\/planbet.cafe\/ch\/#website\",\"url\":\"https:\/\/planbet.cafe\/ch\/\",\"name\":\"Planbet CH\",\"description\":\"My WordPress Blog\",\"potentialAction\":[{\"@type\":\"SearchAction\",\"target\":{\"@type\":\"EntryPoint\",\"urlTemplate\":\"https:\/\/planbet.cafe\/ch\/?s={search_term_string}\"},\"query-input\":{\"@type\":\"PropertyValueSpecification\",\"valueRequired\":true,\"valueName\":\"search_term_string\"}}],\"inLanguage\":\"de-CH\"}]}<\/script>\n<!-- \/ Yoast SEO plugin. -->","yoast_head_json":{"title":"PlanBet Anmeldung \u1409 Einfacher und schneller Zugang zu Ihrem Konto","description":"Greifen Sie ganz einfach auf Ihr PlanBet Schweiz Konto zu! Der Leitfaden enth\u00e4lt Schritt-f\u00fcr-Schritt-Anweisungen. Holen Sie sich Hilfe bei der Anmeldung, erfahren Sie mehr \u00fcber die Kontosicherheit und beginnen Sie zu spielen!","robots":{"index":"index","follow":"follow","max-snippet":"max-snippet:-1","max-image-preview":"max-image-preview:large","max-video-preview":"max-video-preview:-1"},"og_locale":"de_DE","og_type":"article","og_title":"PlanBet Anmeldung \u1409 Einfacher und schneller Zugang zu Ihrem Konto","og_description":"Greifen Sie ganz einfach auf Ihr PlanBet Schweiz Konto zu! Der Leitfaden enth\u00e4lt Schritt-f\u00fcr-Schritt-Anweisungen. Holen Sie sich Hilfe bei der Anmeldung, erfahren Sie mehr \u00fcber die Kontosicherheit und beginnen Sie zu spielen!","og_url":"https:\/\/planbet.cafe\/ch\/login\/","og_site_name":"Planbet CH","article_modified_time":"2025-08-01T11:13:22+00:00","twitter_card":"summary_large_image","schema":{"@context":"https:\/\/schema.org","@graph":[{"@type":"WebPage","@id":"https:\/\/planbet.cafe\/ch\/login\/","url":"https:\/\/planbet.cafe\/ch\/login\/","name":"PlanBet Anmeldung \u1409 Einfacher und schneller Zugang zu Ihrem Konto","isPartOf":{"@id":"https:\/\/planbet.cafe\/ch\/#website"},"datePublished":"2025-05-11T18:22:24+00:00","dateModified":"2025-08-01T11:13:22+00:00","description":"Greifen Sie ganz einfach auf Ihr PlanBet Schweiz Konto zu! Der Leitfaden enth\u00e4lt Schritt-f\u00fcr-Schritt-Anweisungen. Holen Sie sich Hilfe bei der Anmeldung, erfahren Sie mehr \u00fcber die Kontosicherheit und beginnen Sie zu spielen!","breadcrumb":{"@id":"https:\/\/planbet.cafe\/ch\/login\/#breadcrumb"},"inLanguage":"de-CH","potentialAction":[{"@type":"ReadAction","target":["https:\/\/planbet.cafe\/ch\/login\/"]}]},{"@type":"BreadcrumbList","@id":"https:\/\/planbet.cafe\/ch\/login\/#breadcrumb","itemListElement":[{"@type":"ListItem","position":1,"name":"Home","item":"https:\/\/planbet.cafe\/ch\/"},{"@type":"ListItem","position":2,"name":"Login"}]},{"@type":"WebSite","@id":"https:\/\/planbet.cafe\/ch\/#website","url":"https:\/\/planbet.cafe\/ch\/","name":"Planbet CH","description":"My WordPress Blog","potentialAction":[{"@type":"SearchAction","target":{"@type":"EntryPoint","urlTemplate":"https:\/\/planbet.cafe\/ch\/?s={search_term_string}"},"query-input":{"@type":"PropertyValueSpecification","valueRequired":true,"valueName":"search_term_string"}}],"inLanguage":"de-CH"}]}},"_links":{"self":[{"href":"https:\/\/planbet.cafe\/ch\/wp-json\/wp\/v2\/pages\/263","targetHints":{"allow":["GET"]}}],"collection":[{"href":"https:\/\/planbet.cafe\/ch\/wp-json\/wp\/v2\/pages"}],"about":[{"href":"https:\/\/planbet.cafe\/ch\/wp-json\/wp\/v2\/types\/page"}],"author":[{"embeddable":true,"href":"https:\/\/planbet.cafe\/ch\/wp-json\/wp\/v2\/users\/1"}],"replies":[{"embeddable":true,"href":"https:\/\/planbet.cafe\/ch\/wp-json\/wp\/v2\/comments?post=263"}],"version-history":[{"count":10,"href":"https:\/\/planbet.cafe\/ch\/wp-json\/wp\/v2\/pages\/263\/revisions"}],"predecessor-version":[{"id":402,"href":"https:\/\/planbet.cafe\/ch\/wp-json\/wp\/v2\/pages\/263\/revisions\/402"}],"wp:attachment":[{"href":"https:\/\/planbet.cafe\/ch\/wp-json\/wp\/v2\/media?parent=263"}],"curies":[{"name":"wp","href":"https:\/\/api.w.org\/{rel}","templated":true}]}}