{"id":332,"date":"2025-05-28T15:01:50","date_gmt":"2025-05-28T15:01:50","guid":{"rendered":"https:\/\/planbet.cafe\/br\/?page_id=332"},"modified":"2025-07-05T08:04:57","modified_gmt":"2025-07-05T08:04:57","slug":"express","status":"publish","type":"page","link":"https:\/\/planbet.cafe\/br\/bonus\/express\/","title":{"rendered":"Expresso"},"content":{"rendered":"","protected":false},"excerpt":{"rendered":"","protected":false},"author":1,"featured_media":0,"parent":237,"menu_order":0,"comment_status":"closed","ping_status":"closed","template":"","meta":{"footnotes":""},"class_list":["post-332","page","type-page","status-publish","hentry"],"yoast_head":"<!-- This site is optimized with the Yoast SEO plugin v25.0 - https:\/\/yoast.com\/wordpress\/plugins\/seo\/ -->\n<title>Express\u00e3o do dia na PlanBet \u1409 B\u00f4nus de 10% nos seus ganhos!<\/title>\n<meta name=\"description\" content=\"Participe da promo\u00e7\u00e3o Expresso do Dia na PlanBet e ganhe um b\u00f4nus de 10% sobre seus ganhos! Basta escolher uma das apostas expressas sugeridas. Ganhe mais com um b\u00f4nus de odds de 1.1 e ganhe!\" \/>\n<meta name=\"robots\" content=\"index, follow, max-snippet:-1, max-image-preview:large, max-video-preview:-1\" \/>\n<meta property=\"og:locale\" content=\"pt_BR\" \/>\n<meta property=\"og:type\" content=\"article\" \/>\n<meta property=\"og:title\" content=\"Express\u00e3o do dia na PlanBet \u1409 B\u00f4nus de 10% nos seus ganhos!\" \/>\n<meta property=\"og:description\" content=\"Participe da promo\u00e7\u00e3o Expresso do Dia na PlanBet e ganhe um b\u00f4nus de 10% sobre seus ganhos! Basta escolher uma das apostas expressas sugeridas. Ganhe mais com um b\u00f4nus de odds de 1.1 e ganhe!\" \/>\n<meta property=\"og:url\" content=\"https:\/\/planbet.cafe\/br\/bonus\/express\/\" \/>\n<meta property=\"og:site_name\" content=\"Planbet BR\" \/>\n<meta property=\"article:modified_time\" content=\"2025-07-05T08:04:57+00:00\" \/>\n<meta name=\"twitter:card\" content=\"summary_large_image\" \/>\n<script type=\"application\/ld+json\" class=\"yoast-schema-graph\">{\"@context\":\"https:\/\/schema.org\",\"@graph\":[{\"@type\":\"WebPage\",\"@id\":\"https:\/\/planbet.cafe\/br\/bonus\/express\/\",\"url\":\"https:\/\/planbet.cafe\/br\/bonus\/express\/\",\"name\":\"Express\u00e3o do dia na PlanBet \u1409 B\u00f4nus de 10% nos seus ganhos!\",\"isPartOf\":{\"@id\":\"https:\/\/planbet.cafe\/br\/#website\"},\"datePublished\":\"2025-05-28T15:01:50+00:00\",\"dateModified\":\"2025-07-05T08:04:57+00:00\",\"description\":\"Participe da promo\u00e7\u00e3o Expresso do Dia na PlanBet e ganhe um b\u00f4nus de 10% sobre seus ganhos! Basta escolher uma das apostas expressas sugeridas. Ganhe mais com um b\u00f4nus de odds de 1.1 e ganhe!\",\"breadcrumb\":{\"@id\":\"https:\/\/planbet.cafe\/br\/bonus\/express\/#breadcrumb\"},\"inLanguage\":\"pt-BR\",\"potentialAction\":[{\"@type\":\"ReadAction\",\"target\":[\"https:\/\/planbet.cafe\/br\/bonus\/express\/\"]}]},{\"@type\":\"BreadcrumbList\",\"@id\":\"https:\/\/planbet.cafe\/br\/bonus\/express\/#breadcrumb\",\"itemListElement\":[{\"@type\":\"ListItem\",\"position\":1,\"name\":\"Home\",\"item\":\"https:\/\/planbet.cafe\/br\/\"},{\"@type\":\"ListItem\",\"position\":2,\"name\":\"B\u00f4nus\",\"item\":\"https:\/\/planbet.cafe\/br\/bonus\/\"},{\"@type\":\"ListItem\",\"position\":3,\"name\":\"Expresso\"}]},{\"@type\":\"WebSite\",\"@id\":\"https:\/\/planbet.cafe\/br\/#website\",\"url\":\"https:\/\/planbet.cafe\/br\/\",\"name\":\"Planbet BR\",\"description\":\"My WordPress Blog\",\"potentialAction\":[{\"@type\":\"SearchAction\",\"target\":{\"@type\":\"EntryPoint\",\"urlTemplate\":\"https:\/\/planbet.cafe\/br\/?s={search_term_string}\"},\"query-input\":{\"@type\":\"PropertyValueSpecification\",\"valueRequired\":true,\"valueName\":\"search_term_string\"}}],\"inLanguage\":\"pt-BR\"}]}<\/script>\n<!-- \/ Yoast SEO plugin. -->","yoast_head_json":{"title":"Express\u00e3o do dia na PlanBet \u1409 B\u00f4nus de 10% nos seus ganhos!","description":"Participe da promo\u00e7\u00e3o Expresso do Dia na PlanBet e ganhe um b\u00f4nus de 10% sobre seus ganhos! Basta escolher uma das apostas expressas sugeridas. Ganhe mais com um b\u00f4nus de odds de 1.1 e ganhe!","robots":{"index":"index","follow":"follow","max-snippet":"max-snippet:-1","max-image-preview":"max-image-preview:large","max-video-preview":"max-video-preview:-1"},"og_locale":"pt_BR","og_type":"article","og_title":"Express\u00e3o do dia na PlanBet \u1409 B\u00f4nus de 10% nos seus ganhos!","og_description":"Participe da promo\u00e7\u00e3o Expresso do Dia na PlanBet e ganhe um b\u00f4nus de 10% sobre seus ganhos! Basta escolher uma das apostas expressas sugeridas. Ganhe mais com um b\u00f4nus de odds de 1.1 e ganhe!","og_url":"https:\/\/planbet.cafe\/br\/bonus\/express\/","og_site_name":"Planbet BR","article_modified_time":"2025-07-05T08:04:57+00:00","twitter_card":"summary_large_image","schema":{"@context":"https:\/\/schema.org","@graph":[{"@type":"WebPage","@id":"https:\/\/planbet.cafe\/br\/bonus\/express\/","url":"https:\/\/planbet.cafe\/br\/bonus\/express\/","name":"Express\u00e3o do dia na PlanBet \u1409 B\u00f4nus de 10% nos seus ganhos!","isPartOf":{"@id":"https:\/\/planbet.cafe\/br\/#website"},"datePublished":"2025-05-28T15:01:50+00:00","dateModified":"2025-07-05T08:04:57+00:00","description":"Participe da promo\u00e7\u00e3o Expresso do Dia na PlanBet e ganhe um b\u00f4nus de 10% sobre seus ganhos! Basta escolher uma das apostas expressas sugeridas. Ganhe mais com um b\u00f4nus de odds de 1.1 e ganhe!","breadcrumb":{"@id":"https:\/\/planbet.cafe\/br\/bonus\/express\/#breadcrumb"},"inLanguage":"pt-BR","potentialAction":[{"@type":"ReadAction","target":["https:\/\/planbet.cafe\/br\/bonus\/express\/"]}]},{"@type":"BreadcrumbList","@id":"https:\/\/planbet.cafe\/br\/bonus\/express\/#breadcrumb","itemListElement":[{"@type":"ListItem","position":1,"name":"Home","item":"https:\/\/planbet.cafe\/br\/"},{"@type":"ListItem","position":2,"name":"B\u00f4nus","item":"https:\/\/planbet.cafe\/br\/bonus\/"},{"@type":"ListItem","position":3,"name":"Expresso"}]},{"@type":"WebSite","@id":"https:\/\/planbet.cafe\/br\/#website","url":"https:\/\/planbet.cafe\/br\/","name":"Planbet BR","description":"My WordPress Blog","potentialAction":[{"@type":"SearchAction","target":{"@type":"EntryPoint","urlTemplate":"https:\/\/planbet.cafe\/br\/?s={search_term_string}"},"query-input":{"@type":"PropertyValueSpecification","valueRequired":true,"valueName":"search_term_string"}}],"inLanguage":"pt-BR"}]}},"_links":{"self":[{"href":"https:\/\/planbet.cafe\/br\/wp-json\/wp\/v2\/pages\/332","targetHints":{"allow":["GET"]}}],"collection":[{"href":"https:\/\/planbet.cafe\/br\/wp-json\/wp\/v2\/pages"}],"about":[{"href":"https:\/\/planbet.cafe\/br\/wp-json\/wp\/v2\/types\/page"}],"author":[{"embeddable":true,"href":"https:\/\/planbet.cafe\/br\/wp-json\/wp\/v2\/users\/1"}],"replies":[{"embeddable":true,"href":"https:\/\/planbet.cafe\/br\/wp-json\/wp\/v2\/comments?post=332"}],"version-history":[{"count":3,"href":"https:\/\/planbet.cafe\/br\/wp-json\/wp\/v2\/pages\/332\/revisions"}],"predecessor-version":[{"id":376,"href":"https:\/\/planbet.cafe\/br\/wp-json\/wp\/v2\/pages\/332\/revisions\/376"}],"up":[{"embeddable":true,"href":"https:\/\/planbet.cafe\/br\/wp-json\/wp\/v2\/pages\/237"}],"wp:attachment":[{"href":"https:\/\/planbet.cafe\/br\/wp-json\/wp\/v2\/media?parent=332"}],"curies":[{"name":"wp","href":"https:\/\/api.w.org\/{rel}","templated":true}]}}