{"id":278,"date":"2025-05-13T05:17:25","date_gmt":"2025-05-13T05:17:25","guid":{"rendered":"https:\/\/planbet.cafe\/br\/?page_id=278"},"modified":"2025-07-05T08:20:56","modified_gmt":"2025-07-05T08:20:56","slug":"registration","status":"publish","type":"page","link":"https:\/\/planbet.cafe\/br\/registration\/","title":{"rendered":"Registro"},"content":{"rendered":"","protected":false},"excerpt":{"rendered":"","protected":false},"author":1,"featured_media":0,"parent":0,"menu_order":0,"comment_status":"closed","ping_status":"closed","template":"","meta":{"footnotes":""},"class_list":["post-278","page","type-page","status-publish","hentry"],"yoast_head":"<!-- This site is optimized with the Yoast SEO plugin v25.0 - https:\/\/yoast.com\/wordpress\/plugins\/seo\/ -->\n<title>Registro no PlanBet \u1409 Dicas para um come\u00e7o bem-sucedido<\/title>\n<meta name=\"description\" content=\"Participe da a\u00e7\u00e3o na PlanBet Brasil! Saiba como se registrar e come\u00e7ar a jogar agora mesmo! Pronto para mergulhar de cabe\u00e7a?\" \/>\n<meta name=\"robots\" content=\"index, follow, max-snippet:-1, max-image-preview:large, max-video-preview:-1\" \/>\n<meta property=\"og:locale\" content=\"pt_BR\" \/>\n<meta property=\"og:type\" content=\"article\" \/>\n<meta property=\"og:title\" content=\"Registro no PlanBet \u1409 Dicas para um come\u00e7o bem-sucedido\" \/>\n<meta property=\"og:description\" content=\"Participe da a\u00e7\u00e3o na PlanBet Brasil! Saiba como se registrar e come\u00e7ar a jogar agora mesmo! Pronto para mergulhar de cabe\u00e7a?\" \/>\n<meta property=\"og:url\" content=\"https:\/\/planbet.cafe\/br\/registration\/\" \/>\n<meta property=\"og:site_name\" content=\"Planbet BR\" \/>\n<meta property=\"article:modified_time\" content=\"2025-07-05T08:20:56+00:00\" \/>\n<meta name=\"twitter:card\" content=\"summary_large_image\" \/>\n<script type=\"application\/ld+json\" class=\"yoast-schema-graph\">{\"@context\":\"https:\/\/schema.org\",\"@graph\":[{\"@type\":\"WebPage\",\"@id\":\"https:\/\/planbet.cafe\/br\/registration\/\",\"url\":\"https:\/\/planbet.cafe\/br\/registration\/\",\"name\":\"Registro no PlanBet \u1409 Dicas para um come\u00e7o bem-sucedido\",\"isPartOf\":{\"@id\":\"https:\/\/planbet.cafe\/br\/#website\"},\"datePublished\":\"2025-05-13T05:17:25+00:00\",\"dateModified\":\"2025-07-05T08:20:56+00:00\",\"description\":\"Participe da a\u00e7\u00e3o na PlanBet Brasil! Saiba como se registrar e come\u00e7ar a jogar agora mesmo! Pronto para mergulhar de cabe\u00e7a?\",\"breadcrumb\":{\"@id\":\"https:\/\/planbet.cafe\/br\/registration\/#breadcrumb\"},\"inLanguage\":\"pt-BR\",\"potentialAction\":[{\"@type\":\"ReadAction\",\"target\":[\"https:\/\/planbet.cafe\/br\/registration\/\"]}]},{\"@type\":\"BreadcrumbList\",\"@id\":\"https:\/\/planbet.cafe\/br\/registration\/#breadcrumb\",\"itemListElement\":[{\"@type\":\"ListItem\",\"position\":1,\"name\":\"Home\",\"item\":\"https:\/\/planbet.cafe\/br\/\"},{\"@type\":\"ListItem\",\"position\":2,\"name\":\"Registro\"}]},{\"@type\":\"WebSite\",\"@id\":\"https:\/\/planbet.cafe\/br\/#website\",\"url\":\"https:\/\/planbet.cafe\/br\/\",\"name\":\"Planbet BR\",\"description\":\"My WordPress Blog\",\"potentialAction\":[{\"@type\":\"SearchAction\",\"target\":{\"@type\":\"EntryPoint\",\"urlTemplate\":\"https:\/\/planbet.cafe\/br\/?s={search_term_string}\"},\"query-input\":{\"@type\":\"PropertyValueSpecification\",\"valueRequired\":true,\"valueName\":\"search_term_string\"}}],\"inLanguage\":\"pt-BR\"}]}<\/script>\n<!-- \/ Yoast SEO plugin. -->","yoast_head_json":{"title":"Registro no PlanBet \u1409 Dicas para um come\u00e7o bem-sucedido","description":"Participe da a\u00e7\u00e3o na PlanBet Brasil! Saiba como se registrar e come\u00e7ar a jogar agora mesmo! Pronto para mergulhar de cabe\u00e7a?","robots":{"index":"index","follow":"follow","max-snippet":"max-snippet:-1","max-image-preview":"max-image-preview:large","max-video-preview":"max-video-preview:-1"},"og_locale":"pt_BR","og_type":"article","og_title":"Registro no PlanBet \u1409 Dicas para um come\u00e7o bem-sucedido","og_description":"Participe da a\u00e7\u00e3o na PlanBet Brasil! Saiba como se registrar e come\u00e7ar a jogar agora mesmo! Pronto para mergulhar de cabe\u00e7a?","og_url":"https:\/\/planbet.cafe\/br\/registration\/","og_site_name":"Planbet BR","article_modified_time":"2025-07-05T08:20:56+00:00","twitter_card":"summary_large_image","schema":{"@context":"https:\/\/schema.org","@graph":[{"@type":"WebPage","@id":"https:\/\/planbet.cafe\/br\/registration\/","url":"https:\/\/planbet.cafe\/br\/registration\/","name":"Registro no PlanBet \u1409 Dicas para um come\u00e7o bem-sucedido","isPartOf":{"@id":"https:\/\/planbet.cafe\/br\/#website"},"datePublished":"2025-05-13T05:17:25+00:00","dateModified":"2025-07-05T08:20:56+00:00","description":"Participe da a\u00e7\u00e3o na PlanBet Brasil! Saiba como se registrar e come\u00e7ar a jogar agora mesmo! Pronto para mergulhar de cabe\u00e7a?","breadcrumb":{"@id":"https:\/\/planbet.cafe\/br\/registration\/#breadcrumb"},"inLanguage":"pt-BR","potentialAction":[{"@type":"ReadAction","target":["https:\/\/planbet.cafe\/br\/registration\/"]}]},{"@type":"BreadcrumbList","@id":"https:\/\/planbet.cafe\/br\/registration\/#breadcrumb","itemListElement":[{"@type":"ListItem","position":1,"name":"Home","item":"https:\/\/planbet.cafe\/br\/"},{"@type":"ListItem","position":2,"name":"Registro"}]},{"@type":"WebSite","@id":"https:\/\/planbet.cafe\/br\/#website","url":"https:\/\/planbet.cafe\/br\/","name":"Planbet BR","description":"My WordPress Blog","potentialAction":[{"@type":"SearchAction","target":{"@type":"EntryPoint","urlTemplate":"https:\/\/planbet.cafe\/br\/?s={search_term_string}"},"query-input":{"@type":"PropertyValueSpecification","valueRequired":true,"valueName":"search_term_string"}}],"inLanguage":"pt-BR"}]}},"_links":{"self":[{"href":"https:\/\/planbet.cafe\/br\/wp-json\/wp\/v2\/pages\/278","targetHints":{"allow":["GET"]}}],"collection":[{"href":"https:\/\/planbet.cafe\/br\/wp-json\/wp\/v2\/pages"}],"about":[{"href":"https:\/\/planbet.cafe\/br\/wp-json\/wp\/v2\/types\/page"}],"author":[{"embeddable":true,"href":"https:\/\/planbet.cafe\/br\/wp-json\/wp\/v2\/users\/1"}],"replies":[{"embeddable":true,"href":"https:\/\/planbet.cafe\/br\/wp-json\/wp\/v2\/comments?post=278"}],"version-history":[{"count":10,"href":"https:\/\/planbet.cafe\/br\/wp-json\/wp\/v2\/pages\/278\/revisions"}],"predecessor-version":[{"id":387,"href":"https:\/\/planbet.cafe\/br\/wp-json\/wp\/v2\/pages\/278\/revisions\/387"}],"wp:attachment":[{"href":"https:\/\/planbet.cafe\/br\/wp-json\/wp\/v2\/media?parent=278"}],"curies":[{"name":"wp","href":"https:\/\/api.w.org\/{rel}","templated":true}]}}