{"id":263,"date":"2025-05-11T18:22:24","date_gmt":"2025-05-11T18:22:24","guid":{"rendered":"https:\/\/planbet.cafe\/br\/?page_id=263"},"modified":"2025-07-05T08:19:55","modified_gmt":"2025-07-05T08:19:55","slug":"login","status":"publish","type":"page","link":"https:\/\/planbet.cafe\/br\/login\/","title":{"rendered":"Login"},"content":{"rendered":"","protected":false},"excerpt":{"rendered":"","protected":false},"author":1,"featured_media":0,"parent":0,"menu_order":0,"comment_status":"closed","ping_status":"closed","template":"","meta":{"footnotes":""},"class_list":["post-263","page","type-page","status-publish","hentry"],"yoast_head":"<!-- This site is optimized with the Yoast SEO plugin v25.0 - https:\/\/yoast.com\/wordpress\/plugins\/seo\/ -->\n<title>Entrar PlanBet Brasil \u1409 Acesse sua conta de forma r\u00e1pida e f\u00e1cil<\/title>\n<meta name=\"description\" content=\"Acesse sua conta PlanBet com facilidade! O guia fornece instru\u00e7\u00f5es passo a passo. Obtenha ajuda para fazer login, saiba mais sobre a seguran\u00e7a da conta e comece a jogar!\" \/>\n<meta name=\"robots\" content=\"index, follow, max-snippet:-1, max-image-preview:large, max-video-preview:-1\" \/>\n<meta property=\"og:locale\" content=\"pt_BR\" \/>\n<meta property=\"og:type\" content=\"article\" \/>\n<meta property=\"og:title\" content=\"Entrar PlanBet Brasil \u1409 Acesse sua conta de forma r\u00e1pida e f\u00e1cil\" \/>\n<meta property=\"og:description\" content=\"Acesse sua conta PlanBet com facilidade! O guia fornece instru\u00e7\u00f5es passo a passo. Obtenha ajuda para fazer login, saiba mais sobre a seguran\u00e7a da conta e comece a jogar!\" \/>\n<meta property=\"og:url\" content=\"https:\/\/planbet.cafe\/br\/login\/\" \/>\n<meta property=\"og:site_name\" content=\"Planbet BR\" \/>\n<meta property=\"article:modified_time\" content=\"2025-07-05T08:19:55+00:00\" \/>\n<meta name=\"twitter:card\" content=\"summary_large_image\" \/>\n<script type=\"application\/ld+json\" class=\"yoast-schema-graph\">{\"@context\":\"https:\/\/schema.org\",\"@graph\":[{\"@type\":\"WebPage\",\"@id\":\"https:\/\/planbet.cafe\/br\/login\/\",\"url\":\"https:\/\/planbet.cafe\/br\/login\/\",\"name\":\"Entrar PlanBet Brasil \u1409 Acesse sua conta de forma r\u00e1pida e f\u00e1cil\",\"isPartOf\":{\"@id\":\"https:\/\/planbet.cafe\/br\/#website\"},\"datePublished\":\"2025-05-11T18:22:24+00:00\",\"dateModified\":\"2025-07-05T08:19:55+00:00\",\"description\":\"Acesse sua conta PlanBet com facilidade! O guia fornece instru\u00e7\u00f5es passo a passo. Obtenha ajuda para fazer login, saiba mais sobre a seguran\u00e7a da conta e comece a jogar!\",\"breadcrumb\":{\"@id\":\"https:\/\/planbet.cafe\/br\/login\/#breadcrumb\"},\"inLanguage\":\"pt-BR\",\"potentialAction\":[{\"@type\":\"ReadAction\",\"target\":[\"https:\/\/planbet.cafe\/br\/login\/\"]}]},{\"@type\":\"BreadcrumbList\",\"@id\":\"https:\/\/planbet.cafe\/br\/login\/#breadcrumb\",\"itemListElement\":[{\"@type\":\"ListItem\",\"position\":1,\"name\":\"Home\",\"item\":\"https:\/\/planbet.cafe\/br\/\"},{\"@type\":\"ListItem\",\"position\":2,\"name\":\"Login\"}]},{\"@type\":\"WebSite\",\"@id\":\"https:\/\/planbet.cafe\/br\/#website\",\"url\":\"https:\/\/planbet.cafe\/br\/\",\"name\":\"Planbet BR\",\"description\":\"My WordPress Blog\",\"potentialAction\":[{\"@type\":\"SearchAction\",\"target\":{\"@type\":\"EntryPoint\",\"urlTemplate\":\"https:\/\/planbet.cafe\/br\/?s={search_term_string}\"},\"query-input\":{\"@type\":\"PropertyValueSpecification\",\"valueRequired\":true,\"valueName\":\"search_term_string\"}}],\"inLanguage\":\"pt-BR\"}]}<\/script>\n<!-- \/ Yoast SEO plugin. -->","yoast_head_json":{"title":"Entrar PlanBet Brasil \u1409 Acesse sua conta de forma r\u00e1pida e f\u00e1cil","description":"Acesse sua conta PlanBet com facilidade! O guia fornece instru\u00e7\u00f5es passo a passo. Obtenha ajuda para fazer login, saiba mais sobre a seguran\u00e7a da conta e comece a jogar!","robots":{"index":"index","follow":"follow","max-snippet":"max-snippet:-1","max-image-preview":"max-image-preview:large","max-video-preview":"max-video-preview:-1"},"og_locale":"pt_BR","og_type":"article","og_title":"Entrar PlanBet Brasil \u1409 Acesse sua conta de forma r\u00e1pida e f\u00e1cil","og_description":"Acesse sua conta PlanBet com facilidade! O guia fornece instru\u00e7\u00f5es passo a passo. Obtenha ajuda para fazer login, saiba mais sobre a seguran\u00e7a da conta e comece a jogar!","og_url":"https:\/\/planbet.cafe\/br\/login\/","og_site_name":"Planbet BR","article_modified_time":"2025-07-05T08:19:55+00:00","twitter_card":"summary_large_image","schema":{"@context":"https:\/\/schema.org","@graph":[{"@type":"WebPage","@id":"https:\/\/planbet.cafe\/br\/login\/","url":"https:\/\/planbet.cafe\/br\/login\/","name":"Entrar PlanBet Brasil \u1409 Acesse sua conta de forma r\u00e1pida e f\u00e1cil","isPartOf":{"@id":"https:\/\/planbet.cafe\/br\/#website"},"datePublished":"2025-05-11T18:22:24+00:00","dateModified":"2025-07-05T08:19:55+00:00","description":"Acesse sua conta PlanBet com facilidade! O guia fornece instru\u00e7\u00f5es passo a passo. Obtenha ajuda para fazer login, saiba mais sobre a seguran\u00e7a da conta e comece a jogar!","breadcrumb":{"@id":"https:\/\/planbet.cafe\/br\/login\/#breadcrumb"},"inLanguage":"pt-BR","potentialAction":[{"@type":"ReadAction","target":["https:\/\/planbet.cafe\/br\/login\/"]}]},{"@type":"BreadcrumbList","@id":"https:\/\/planbet.cafe\/br\/login\/#breadcrumb","itemListElement":[{"@type":"ListItem","position":1,"name":"Home","item":"https:\/\/planbet.cafe\/br\/"},{"@type":"ListItem","position":2,"name":"Login"}]},{"@type":"WebSite","@id":"https:\/\/planbet.cafe\/br\/#website","url":"https:\/\/planbet.cafe\/br\/","name":"Planbet BR","description":"My WordPress Blog","potentialAction":[{"@type":"SearchAction","target":{"@type":"EntryPoint","urlTemplate":"https:\/\/planbet.cafe\/br\/?s={search_term_string}"},"query-input":{"@type":"PropertyValueSpecification","valueRequired":true,"valueName":"search_term_string"}}],"inLanguage":"pt-BR"}]}},"_links":{"self":[{"href":"https:\/\/planbet.cafe\/br\/wp-json\/wp\/v2\/pages\/263","targetHints":{"allow":["GET"]}}],"collection":[{"href":"https:\/\/planbet.cafe\/br\/wp-json\/wp\/v2\/pages"}],"about":[{"href":"https:\/\/planbet.cafe\/br\/wp-json\/wp\/v2\/types\/page"}],"author":[{"embeddable":true,"href":"https:\/\/planbet.cafe\/br\/wp-json\/wp\/v2\/users\/1"}],"replies":[{"embeddable":true,"href":"https:\/\/planbet.cafe\/br\/wp-json\/wp\/v2\/comments?post=263"}],"version-history":[{"count":6,"href":"https:\/\/planbet.cafe\/br\/wp-json\/wp\/v2\/pages\/263\/revisions"}],"predecessor-version":[{"id":383,"href":"https:\/\/planbet.cafe\/br\/wp-json\/wp\/v2\/pages\/263\/revisions\/383"}],"wp:attachment":[{"href":"https:\/\/planbet.cafe\/br\/wp-json\/wp\/v2\/media?parent=263"}],"curies":[{"name":"wp","href":"https:\/\/api.w.org\/{rel}","templated":true}]}}