{"id":205,"date":"2025-05-08T06:05:53","date_gmt":"2025-05-08T06:05:53","guid":{"rendered":"https:\/\/planbet.cafe\/br\/?page_id=205"},"modified":"2025-06-10T15:51:16","modified_gmt":"2025-06-10T15:51:16","slug":"apk","status":"publish","type":"page","link":"https:\/\/planbet.cafe\/br\/apk\/","title":{"rendered":"Apk"},"content":{"rendered":"","protected":false},"excerpt":{"rendered":"","protected":false},"author":1,"featured_media":0,"parent":0,"menu_order":0,"comment_status":"closed","ping_status":"closed","template":"","meta":{"footnotes":""},"class_list":["post-205","page","type-page","status-publish","hentry"],"yoast_head":"<!-- This site is optimized with the Yoast SEO plugin v25.0 - https:\/\/yoast.com\/wordpress\/plugins\/seo\/ -->\n<title>Baixar PlanBet APK | Aposte em esportes e jogue jogos de cassino<\/title>\n<meta name=\"description\" content=\"Baixe o aplicativo PlanBet Brasil para Android (APK) e desfrute de jogos de cassino e apostas m\u00f3veis r\u00e1pidos, seguros e convenientes. Obtenha a vers\u00e3o mais recente e comece a jogar hoje mesmo!\" \/>\n<meta name=\"robots\" content=\"index, follow, max-snippet:-1, max-image-preview:large, max-video-preview:-1\" \/>\n<meta property=\"og:locale\" content=\"pt_BR\" \/>\n<meta property=\"og:type\" content=\"article\" \/>\n<meta property=\"og:title\" content=\"Baixar PlanBet APK | Aposte em esportes e jogue jogos de cassino\" \/>\n<meta property=\"og:description\" content=\"Baixe o aplicativo PlanBet Brasil para Android (APK) e desfrute de jogos de cassino e apostas m\u00f3veis r\u00e1pidos, seguros e convenientes. Obtenha a vers\u00e3o mais recente e comece a jogar hoje mesmo!\" \/>\n<meta property=\"og:url\" content=\"https:\/\/planbet.cafe\/br\/apk\/\" \/>\n<meta property=\"og:site_name\" content=\"Planbet BR\" \/>\n<meta property=\"article:modified_time\" content=\"2025-06-10T15:51:16+00:00\" \/>\n<meta name=\"twitter:card\" content=\"summary_large_image\" \/>\n<script type=\"application\/ld+json\" class=\"yoast-schema-graph\">{\"@context\":\"https:\/\/schema.org\",\"@graph\":[{\"@type\":\"WebPage\",\"@id\":\"https:\/\/planbet.cafe\/br\/apk\/\",\"url\":\"https:\/\/planbet.cafe\/br\/apk\/\",\"name\":\"Baixar PlanBet APK | Aposte em esportes e jogue jogos de cassino\",\"isPartOf\":{\"@id\":\"https:\/\/planbet.cafe\/br\/#website\"},\"datePublished\":\"2025-05-08T06:05:53+00:00\",\"dateModified\":\"2025-06-10T15:51:16+00:00\",\"description\":\"Baixe o aplicativo PlanBet Brasil para Android (APK) e desfrute de jogos de cassino e apostas m\u00f3veis r\u00e1pidos, seguros e convenientes. Obtenha a vers\u00e3o mais recente e comece a jogar hoje mesmo!\",\"breadcrumb\":{\"@id\":\"https:\/\/planbet.cafe\/br\/apk\/#breadcrumb\"},\"inLanguage\":\"pt-BR\",\"potentialAction\":[{\"@type\":\"ReadAction\",\"target\":[\"https:\/\/planbet.cafe\/br\/apk\/\"]}]},{\"@type\":\"BreadcrumbList\",\"@id\":\"https:\/\/planbet.cafe\/br\/apk\/#breadcrumb\",\"itemListElement\":[{\"@type\":\"ListItem\",\"position\":1,\"name\":\"Home\",\"item\":\"https:\/\/planbet.cafe\/br\/\"},{\"@type\":\"ListItem\",\"position\":2,\"name\":\"Apk\"}]},{\"@type\":\"WebSite\",\"@id\":\"https:\/\/planbet.cafe\/br\/#website\",\"url\":\"https:\/\/planbet.cafe\/br\/\",\"name\":\"Planbet BR\",\"description\":\"My WordPress Blog\",\"potentialAction\":[{\"@type\":\"SearchAction\",\"target\":{\"@type\":\"EntryPoint\",\"urlTemplate\":\"https:\/\/planbet.cafe\/br\/?s={search_term_string}\"},\"query-input\":{\"@type\":\"PropertyValueSpecification\",\"valueRequired\":true,\"valueName\":\"search_term_string\"}}],\"inLanguage\":\"pt-BR\"}]}<\/script>\n<!-- \/ Yoast SEO plugin. -->","yoast_head_json":{"title":"Baixar PlanBet APK | Aposte em esportes e jogue jogos de cassino","description":"Baixe o aplicativo PlanBet Brasil para Android (APK) e desfrute de jogos de cassino e apostas m\u00f3veis r\u00e1pidos, seguros e convenientes. Obtenha a vers\u00e3o mais recente e comece a jogar hoje mesmo!","robots":{"index":"index","follow":"follow","max-snippet":"max-snippet:-1","max-image-preview":"max-image-preview:large","max-video-preview":"max-video-preview:-1"},"og_locale":"pt_BR","og_type":"article","og_title":"Baixar PlanBet APK | Aposte em esportes e jogue jogos de cassino","og_description":"Baixe o aplicativo PlanBet Brasil para Android (APK) e desfrute de jogos de cassino e apostas m\u00f3veis r\u00e1pidos, seguros e convenientes. Obtenha a vers\u00e3o mais recente e comece a jogar hoje mesmo!","og_url":"https:\/\/planbet.cafe\/br\/apk\/","og_site_name":"Planbet BR","article_modified_time":"2025-06-10T15:51:16+00:00","twitter_card":"summary_large_image","schema":{"@context":"https:\/\/schema.org","@graph":[{"@type":"WebPage","@id":"https:\/\/planbet.cafe\/br\/apk\/","url":"https:\/\/planbet.cafe\/br\/apk\/","name":"Baixar PlanBet APK | Aposte em esportes e jogue jogos de cassino","isPartOf":{"@id":"https:\/\/planbet.cafe\/br\/#website"},"datePublished":"2025-05-08T06:05:53+00:00","dateModified":"2025-06-10T15:51:16+00:00","description":"Baixe o aplicativo PlanBet Brasil para Android (APK) e desfrute de jogos de cassino e apostas m\u00f3veis r\u00e1pidos, seguros e convenientes. Obtenha a vers\u00e3o mais recente e comece a jogar hoje mesmo!","breadcrumb":{"@id":"https:\/\/planbet.cafe\/br\/apk\/#breadcrumb"},"inLanguage":"pt-BR","potentialAction":[{"@type":"ReadAction","target":["https:\/\/planbet.cafe\/br\/apk\/"]}]},{"@type":"BreadcrumbList","@id":"https:\/\/planbet.cafe\/br\/apk\/#breadcrumb","itemListElement":[{"@type":"ListItem","position":1,"name":"Home","item":"https:\/\/planbet.cafe\/br\/"},{"@type":"ListItem","position":2,"name":"Apk"}]},{"@type":"WebSite","@id":"https:\/\/planbet.cafe\/br\/#website","url":"https:\/\/planbet.cafe\/br\/","name":"Planbet BR","description":"My WordPress Blog","potentialAction":[{"@type":"SearchAction","target":{"@type":"EntryPoint","urlTemplate":"https:\/\/planbet.cafe\/br\/?s={search_term_string}"},"query-input":{"@type":"PropertyValueSpecification","valueRequired":true,"valueName":"search_term_string"}}],"inLanguage":"pt-BR"}]}},"_links":{"self":[{"href":"https:\/\/planbet.cafe\/br\/wp-json\/wp\/v2\/pages\/205","targetHints":{"allow":["GET"]}}],"collection":[{"href":"https:\/\/planbet.cafe\/br\/wp-json\/wp\/v2\/pages"}],"about":[{"href":"https:\/\/planbet.cafe\/br\/wp-json\/wp\/v2\/types\/page"}],"author":[{"embeddable":true,"href":"https:\/\/planbet.cafe\/br\/wp-json\/wp\/v2\/users\/1"}],"replies":[{"embeddable":true,"href":"https:\/\/planbet.cafe\/br\/wp-json\/wp\/v2\/comments?post=205"}],"version-history":[{"count":9,"href":"https:\/\/planbet.cafe\/br\/wp-json\/wp\/v2\/pages\/205\/revisions"}],"predecessor-version":[{"id":368,"href":"https:\/\/planbet.cafe\/br\/wp-json\/wp\/v2\/pages\/205\/revisions\/368"}],"wp:attachment":[{"href":"https:\/\/planbet.cafe\/br\/wp-json\/wp\/v2\/media?parent=205"}],"curies":[{"name":"wp","href":"https:\/\/api.w.org\/{rel}","templated":true}]}}