{"id":335,"date":"2025-05-28T15:08:26","date_gmt":"2025-05-28T15:08:26","guid":{"rendered":"https:\/\/planbet.cafe\/bj\/?page_id=335"},"modified":"2025-06-14T06:36:39","modified_gmt":"2025-06-14T06:36:39","slug":"cashback","status":"publish","type":"page","link":"https:\/\/planbet.cafe\/bj\/bonus\/cashback\/","title":{"rendered":"Remise en esp\u00e8ces"},"content":{"rendered":"","protected":false},"excerpt":{"rendered":"","protected":false},"author":1,"featured_media":0,"parent":237,"menu_order":0,"comment_status":"closed","ping_status":"closed","template":"","meta":{"footnotes":""},"class_list":["post-335","page","type-page","status-publish","hentry"],"yoast_head":"<!-- This site is optimized with the Yoast SEO plugin v25.0 - https:\/\/yoast.com\/wordpress\/plugins\/seo\/ -->\n<title>PlanBet Sports Remise en esp\u00e8ces \u1409 up to 570000 XOF in refunds<\/title>\n<meta name=\"description\" content=\"Perdu? Ne vous inqui\u00e9tez pas! Avec le cashback de PlanBet B\u00e9nin, vous pouvez r\u00e9cup\u00e9rer jusqu&#039;\u00e0 570000 XOF chaque semaine! R\u00e9cup\u00e9rez 3% de vos pertes et obtenez une seconde chance de gagner.\" \/>\n<meta name=\"robots\" content=\"index, follow, max-snippet:-1, max-image-preview:large, max-video-preview:-1\" \/>\n<meta property=\"og:locale\" content=\"fr_FR\" \/>\n<meta property=\"og:type\" content=\"article\" \/>\n<meta property=\"og:title\" content=\"PlanBet Sports Remise en esp\u00e8ces \u1409 up to 570000 XOF in refunds\" \/>\n<meta property=\"og:description\" content=\"Perdu? Ne vous inqui\u00e9tez pas! Avec le cashback de PlanBet B\u00e9nin, vous pouvez r\u00e9cup\u00e9rer jusqu&#039;\u00e0 570000 XOF chaque semaine! R\u00e9cup\u00e9rez 3% de vos pertes et obtenez une seconde chance de gagner.\" \/>\n<meta property=\"og:url\" content=\"https:\/\/planbet.cafe\/bj\/bonus\/cashback\/\" \/>\n<meta property=\"og:site_name\" content=\"Planbet BJ\" \/>\n<meta property=\"article:modified_time\" content=\"2025-06-14T06:36:39+00:00\" \/>\n<meta name=\"twitter:card\" content=\"summary_large_image\" \/>\n<script type=\"application\/ld+json\" class=\"yoast-schema-graph\">{\"@context\":\"https:\/\/schema.org\",\"@graph\":[{\"@type\":\"WebPage\",\"@id\":\"https:\/\/planbet.cafe\/bj\/bonus\/cashback\/\",\"url\":\"https:\/\/planbet.cafe\/bj\/bonus\/cashback\/\",\"name\":\"PlanBet Sports Remise en esp\u00e8ces \u1409 up to 570000 XOF in refunds\",\"isPartOf\":{\"@id\":\"https:\/\/planbet.cafe\/bj\/#website\"},\"datePublished\":\"2025-05-28T15:08:26+00:00\",\"dateModified\":\"2025-06-14T06:36:39+00:00\",\"description\":\"Perdu? Ne vous inqui\u00e9tez pas! Avec le cashback de PlanBet B\u00e9nin, vous pouvez r\u00e9cup\u00e9rer jusqu'\u00e0 570000 XOF chaque semaine! R\u00e9cup\u00e9rez 3% de vos pertes et obtenez une seconde chance de gagner.\",\"breadcrumb\":{\"@id\":\"https:\/\/planbet.cafe\/bj\/bonus\/cashback\/#breadcrumb\"},\"inLanguage\":\"fr-BJ\",\"potentialAction\":[{\"@type\":\"ReadAction\",\"target\":[\"https:\/\/planbet.cafe\/bj\/bonus\/cashback\/\"]}]},{\"@type\":\"BreadcrumbList\",\"@id\":\"https:\/\/planbet.cafe\/bj\/bonus\/cashback\/#breadcrumb\",\"itemListElement\":[{\"@type\":\"ListItem\",\"position\":1,\"name\":\"Home\",\"item\":\"https:\/\/planbet.cafe\/bj\/\"},{\"@type\":\"ListItem\",\"position\":2,\"name\":\"Bonus\",\"item\":\"https:\/\/planbet.cafe\/bj\/bonus\/\"},{\"@type\":\"ListItem\",\"position\":3,\"name\":\"Remise en esp\u00e8ces\"}]},{\"@type\":\"WebSite\",\"@id\":\"https:\/\/planbet.cafe\/bj\/#website\",\"url\":\"https:\/\/planbet.cafe\/bj\/\",\"name\":\"Planbet BJ\",\"description\":\"My WordPress Blog\",\"potentialAction\":[{\"@type\":\"SearchAction\",\"target\":{\"@type\":\"EntryPoint\",\"urlTemplate\":\"https:\/\/planbet.cafe\/bj\/?s={search_term_string}\"},\"query-input\":{\"@type\":\"PropertyValueSpecification\",\"valueRequired\":true,\"valueName\":\"search_term_string\"}}],\"inLanguage\":\"fr-BJ\"}]}<\/script>\n<!-- \/ Yoast SEO plugin. -->","yoast_head_json":{"title":"PlanBet Sports Remise en esp\u00e8ces \u1409 up to 570000 XOF in refunds","description":"Perdu? Ne vous inqui\u00e9tez pas! Avec le cashback de PlanBet B\u00e9nin, vous pouvez r\u00e9cup\u00e9rer jusqu'\u00e0 570000 XOF chaque semaine! R\u00e9cup\u00e9rez 3% de vos pertes et obtenez une seconde chance de gagner.","robots":{"index":"index","follow":"follow","max-snippet":"max-snippet:-1","max-image-preview":"max-image-preview:large","max-video-preview":"max-video-preview:-1"},"og_locale":"fr_FR","og_type":"article","og_title":"PlanBet Sports Remise en esp\u00e8ces \u1409 up to 570000 XOF in refunds","og_description":"Perdu? Ne vous inqui\u00e9tez pas! Avec le cashback de PlanBet B\u00e9nin, vous pouvez r\u00e9cup\u00e9rer jusqu'\u00e0 570000 XOF chaque semaine! R\u00e9cup\u00e9rez 3% de vos pertes et obtenez une seconde chance de gagner.","og_url":"https:\/\/planbet.cafe\/bj\/bonus\/cashback\/","og_site_name":"Planbet BJ","article_modified_time":"2025-06-14T06:36:39+00:00","twitter_card":"summary_large_image","schema":{"@context":"https:\/\/schema.org","@graph":[{"@type":"WebPage","@id":"https:\/\/planbet.cafe\/bj\/bonus\/cashback\/","url":"https:\/\/planbet.cafe\/bj\/bonus\/cashback\/","name":"PlanBet Sports Remise en esp\u00e8ces \u1409 up to 570000 XOF in refunds","isPartOf":{"@id":"https:\/\/planbet.cafe\/bj\/#website"},"datePublished":"2025-05-28T15:08:26+00:00","dateModified":"2025-06-14T06:36:39+00:00","description":"Perdu? Ne vous inqui\u00e9tez pas! Avec le cashback de PlanBet B\u00e9nin, vous pouvez r\u00e9cup\u00e9rer jusqu'\u00e0 570000 XOF chaque semaine! R\u00e9cup\u00e9rez 3% de vos pertes et obtenez une seconde chance de gagner.","breadcrumb":{"@id":"https:\/\/planbet.cafe\/bj\/bonus\/cashback\/#breadcrumb"},"inLanguage":"fr-BJ","potentialAction":[{"@type":"ReadAction","target":["https:\/\/planbet.cafe\/bj\/bonus\/cashback\/"]}]},{"@type":"BreadcrumbList","@id":"https:\/\/planbet.cafe\/bj\/bonus\/cashback\/#breadcrumb","itemListElement":[{"@type":"ListItem","position":1,"name":"Home","item":"https:\/\/planbet.cafe\/bj\/"},{"@type":"ListItem","position":2,"name":"Bonus","item":"https:\/\/planbet.cafe\/bj\/bonus\/"},{"@type":"ListItem","position":3,"name":"Remise en esp\u00e8ces"}]},{"@type":"WebSite","@id":"https:\/\/planbet.cafe\/bj\/#website","url":"https:\/\/planbet.cafe\/bj\/","name":"Planbet BJ","description":"My WordPress Blog","potentialAction":[{"@type":"SearchAction","target":{"@type":"EntryPoint","urlTemplate":"https:\/\/planbet.cafe\/bj\/?s={search_term_string}"},"query-input":{"@type":"PropertyValueSpecification","valueRequired":true,"valueName":"search_term_string"}}],"inLanguage":"fr-BJ"}]}},"_links":{"self":[{"href":"https:\/\/planbet.cafe\/bj\/wp-json\/wp\/v2\/pages\/335","targetHints":{"allow":["GET"]}}],"collection":[{"href":"https:\/\/planbet.cafe\/bj\/wp-json\/wp\/v2\/pages"}],"about":[{"href":"https:\/\/planbet.cafe\/bj\/wp-json\/wp\/v2\/types\/page"}],"author":[{"embeddable":true,"href":"https:\/\/planbet.cafe\/bj\/wp-json\/wp\/v2\/users\/1"}],"replies":[{"embeddable":true,"href":"https:\/\/planbet.cafe\/bj\/wp-json\/wp\/v2\/comments?post=335"}],"version-history":[{"count":5,"href":"https:\/\/planbet.cafe\/bj\/wp-json\/wp\/v2\/pages\/335\/revisions"}],"predecessor-version":[{"id":396,"href":"https:\/\/planbet.cafe\/bj\/wp-json\/wp\/v2\/pages\/335\/revisions\/396"}],"up":[{"embeddable":true,"href":"https:\/\/planbet.cafe\/bj\/wp-json\/wp\/v2\/pages\/237"}],"wp:attachment":[{"href":"https:\/\/planbet.cafe\/bj\/wp-json\/wp\/v2\/media?parent=335"}],"curies":[{"name":"wp","href":"https:\/\/api.w.org\/{rel}","templated":true}]}}