{"id":2,"date":"2023-05-18T17:18:34","date_gmt":"2023-05-18T17:18:34","guid":{"rendered":"http:\/\/planbet.cafe\/bj\/?page_id=2"},"modified":"2025-06-09T18:15:36","modified_gmt":"2025-06-09T18:15:36","slug":"sample-page","status":"publish","type":"page","link":"https:\/\/planbet.cafe\/bj\/","title":{"rendered":"Accueil"},"content":{"rendered":"","protected":false},"excerpt":{"rendered":"","protected":false},"author":1,"featured_media":0,"parent":0,"menu_order":0,"comment_status":"closed","ping_status":"open","template":"","meta":{"footnotes":""},"class_list":["post-2","page","type-page","status-publish","hentry"],"yoast_head":"<!-- This site is optimized with the Yoast SEO plugin v25.0 - https:\/\/yoast.com\/wordpress\/plugins\/seo\/ -->\n<title>PlanBet B\u00e9nin | Nouvelle plateforme de Paris Sportifs et de Casino<\/title>\n<meta name=\"description\" content=\"PlanBet (2025) est la nouvelle destination de jeu en ligne pour les paris sportifs et les jeux de casino. Rejoignez les 150 000 joueurs satisfaits et d\u00e9couvrez un service de qualit\u00e9 et des bonus g\u00e9n\u00e9reux.\" \/>\n<meta name=\"robots\" content=\"index, follow, max-snippet:-1, max-image-preview:large, max-video-preview:-1\" \/>\n<meta property=\"og:locale\" content=\"fr_FR\" \/>\n<meta property=\"og:type\" content=\"article\" \/>\n<meta property=\"og:title\" content=\"PlanBet B\u00e9nin | Nouvelle plateforme de Paris Sportifs et de Casino\" \/>\n<meta property=\"og:description\" content=\"PlanBet (2025) est la nouvelle destination de jeu en ligne pour les paris sportifs et les jeux de casino. Rejoignez les 150 000 joueurs satisfaits et d\u00e9couvrez un service de qualit\u00e9 et des bonus g\u00e9n\u00e9reux.\" \/>\n<meta property=\"og:url\" content=\"https:\/\/planbet.cafe\/bj\/\" \/>\n<meta property=\"og:site_name\" content=\"Planbet BJ\" \/>\n<meta property=\"article:modified_time\" content=\"2025-06-09T18:15:36+00:00\" \/>\n<meta name=\"twitter:card\" content=\"summary_large_image\" \/>\n<script type=\"application\/ld+json\" class=\"yoast-schema-graph\">{\"@context\":\"https:\/\/schema.org\",\"@graph\":[{\"@type\":\"WebPage\",\"@id\":\"https:\/\/planbet.cafe\/bj\/\",\"url\":\"https:\/\/planbet.cafe\/bj\/\",\"name\":\"PlanBet B\u00e9nin | Nouvelle plateforme de Paris Sportifs et de Casino\",\"isPartOf\":{\"@id\":\"https:\/\/planbet.cafe\/bj\/#website\"},\"datePublished\":\"2023-05-18T17:18:34+00:00\",\"dateModified\":\"2025-06-09T18:15:36+00:00\",\"description\":\"PlanBet (2025) est la nouvelle destination de jeu en ligne pour les paris sportifs et les jeux de casino. Rejoignez les 150 000 joueurs satisfaits et d\u00e9couvrez un service de qualit\u00e9 et des bonus g\u00e9n\u00e9reux.\",\"breadcrumb\":{\"@id\":\"https:\/\/planbet.cafe\/bj\/#breadcrumb\"},\"inLanguage\":\"fr-BJ\",\"potentialAction\":[{\"@type\":\"ReadAction\",\"target\":[\"https:\/\/planbet.cafe\/bj\/\"]}]},{\"@type\":\"BreadcrumbList\",\"@id\":\"https:\/\/planbet.cafe\/bj\/#breadcrumb\",\"itemListElement\":[{\"@type\":\"ListItem\",\"position\":1,\"name\":\"Home\",\"item\":\"https:\/\/planbet.cafe\/bj\/\"},{\"@type\":\"ListItem\",\"position\":2,\"name\":\"Accueil\"}]},{\"@type\":\"WebSite\",\"@id\":\"https:\/\/planbet.cafe\/bj\/#website\",\"url\":\"https:\/\/planbet.cafe\/bj\/\",\"name\":\"Planbet BJ\",\"description\":\"My WordPress Blog\",\"potentialAction\":[{\"@type\":\"SearchAction\",\"target\":{\"@type\":\"EntryPoint\",\"urlTemplate\":\"https:\/\/planbet.cafe\/bj\/?s={search_term_string}\"},\"query-input\":{\"@type\":\"PropertyValueSpecification\",\"valueRequired\":true,\"valueName\":\"search_term_string\"}}],\"inLanguage\":\"fr-BJ\"}]}<\/script>\n<!-- \/ Yoast SEO plugin. -->","yoast_head_json":{"title":"PlanBet B\u00e9nin | Nouvelle plateforme de Paris Sportifs et de Casino","description":"PlanBet (2025) est la nouvelle destination de jeu en ligne pour les paris sportifs et les jeux de casino. Rejoignez les 150 000 joueurs satisfaits et d\u00e9couvrez un service de qualit\u00e9 et des bonus g\u00e9n\u00e9reux.","robots":{"index":"index","follow":"follow","max-snippet":"max-snippet:-1","max-image-preview":"max-image-preview:large","max-video-preview":"max-video-preview:-1"},"og_locale":"fr_FR","og_type":"article","og_title":"PlanBet B\u00e9nin | Nouvelle plateforme de Paris Sportifs et de Casino","og_description":"PlanBet (2025) est la nouvelle destination de jeu en ligne pour les paris sportifs et les jeux de casino. Rejoignez les 150 000 joueurs satisfaits et d\u00e9couvrez un service de qualit\u00e9 et des bonus g\u00e9n\u00e9reux.","og_url":"https:\/\/planbet.cafe\/bj\/","og_site_name":"Planbet BJ","article_modified_time":"2025-06-09T18:15:36+00:00","twitter_card":"summary_large_image","schema":{"@context":"https:\/\/schema.org","@graph":[{"@type":"WebPage","@id":"https:\/\/planbet.cafe\/bj\/","url":"https:\/\/planbet.cafe\/bj\/","name":"PlanBet B\u00e9nin | Nouvelle plateforme de Paris Sportifs et de Casino","isPartOf":{"@id":"https:\/\/planbet.cafe\/bj\/#website"},"datePublished":"2023-05-18T17:18:34+00:00","dateModified":"2025-06-09T18:15:36+00:00","description":"PlanBet (2025) est la nouvelle destination de jeu en ligne pour les paris sportifs et les jeux de casino. Rejoignez les 150 000 joueurs satisfaits et d\u00e9couvrez un service de qualit\u00e9 et des bonus g\u00e9n\u00e9reux.","breadcrumb":{"@id":"https:\/\/planbet.cafe\/bj\/#breadcrumb"},"inLanguage":"fr-BJ","potentialAction":[{"@type":"ReadAction","target":["https:\/\/planbet.cafe\/bj\/"]}]},{"@type":"BreadcrumbList","@id":"https:\/\/planbet.cafe\/bj\/#breadcrumb","itemListElement":[{"@type":"ListItem","position":1,"name":"Home","item":"https:\/\/planbet.cafe\/bj\/"},{"@type":"ListItem","position":2,"name":"Accueil"}]},{"@type":"WebSite","@id":"https:\/\/planbet.cafe\/bj\/#website","url":"https:\/\/planbet.cafe\/bj\/","name":"Planbet BJ","description":"My WordPress Blog","potentialAction":[{"@type":"SearchAction","target":{"@type":"EntryPoint","urlTemplate":"https:\/\/planbet.cafe\/bj\/?s={search_term_string}"},"query-input":{"@type":"PropertyValueSpecification","valueRequired":true,"valueName":"search_term_string"}}],"inLanguage":"fr-BJ"}]}},"_links":{"self":[{"href":"https:\/\/planbet.cafe\/bj\/wp-json\/wp\/v2\/pages\/2","targetHints":{"allow":["GET"]}}],"collection":[{"href":"https:\/\/planbet.cafe\/bj\/wp-json\/wp\/v2\/pages"}],"about":[{"href":"https:\/\/planbet.cafe\/bj\/wp-json\/wp\/v2\/types\/page"}],"author":[{"embeddable":true,"href":"https:\/\/planbet.cafe\/bj\/wp-json\/wp\/v2\/users\/1"}],"replies":[{"embeddable":true,"href":"https:\/\/planbet.cafe\/bj\/wp-json\/wp\/v2\/comments?post=2"}],"version-history":[{"count":23,"href":"https:\/\/planbet.cafe\/bj\/wp-json\/wp\/v2\/pages\/2\/revisions"}],"predecessor-version":[{"id":388,"href":"https:\/\/planbet.cafe\/bj\/wp-json\/wp\/v2\/pages\/2\/revisions\/388"}],"wp:attachment":[{"href":"https:\/\/planbet.cafe\/bj\/wp-json\/wp\/v2\/media?parent=2"}],"curies":[{"name":"wp","href":"https:\/\/api.w.org\/{rel}","templated":true}]}}