{"id":335,"date":"2025-06-08T15:08:26","date_gmt":"2025-06-08T15:08:26","guid":{"rendered":"https:\/\/planbet.cafe\/al\/?page_id=335"},"modified":"2025-09-22T19:08:47","modified_gmt":"2025-09-22T19:08:47","slug":"cashback","status":"publish","type":"page","link":"https:\/\/planbet.cafe\/al\/bonus\/cashback\/","title":{"rendered":"Kthim parash"},"content":{"rendered":"","protected":false},"excerpt":{"rendered":"","protected":false},"author":1,"featured_media":0,"parent":237,"menu_order":0,"comment_status":"closed","ping_status":"closed","template":"","meta":{"footnotes":""},"class_list":["post-335","page","type-page","status-publish","hentry"],"yoast_head":"<!-- This site is optimized with the Yoast SEO plugin v25.0 - https:\/\/yoast.com\/wordpress\/plugins\/seo\/ -->\n<title>PlanBet Sports Cashback \u1409 deri n\u00eb 80,000 lek\u00eb rimbursim!<\/title>\n<meta name=\"description\" content=\"Humb\u00ebt? Mos u shqet\u00ebsoni! Me kthimin e parave nga PlanBet, mund t\u00eb merrni mbrapsht deri n\u00eb 80,000 lek\u00eb \u00e7do jav\u00eb! Merrni mbrapsht 3% t\u00eb humbjeve tuaja dhe merrni nj\u00eb shans t\u00eb dyt\u00eb p\u00ebr t\u00eb fituar.\" \/>\n<meta name=\"robots\" content=\"index, follow, max-snippet:-1, max-image-preview:large, max-video-preview:-1\" \/>\n<meta property=\"og:locale\" content=\"sq_AL\" \/>\n<meta property=\"og:type\" content=\"article\" \/>\n<meta property=\"og:title\" content=\"PlanBet Sports Cashback \u1409 deri n\u00eb 80,000 lek\u00eb rimbursim!\" \/>\n<meta property=\"og:description\" content=\"Humb\u00ebt? Mos u shqet\u00ebsoni! Me kthimin e parave nga PlanBet, mund t\u00eb merrni mbrapsht deri n\u00eb 80,000 lek\u00eb \u00e7do jav\u00eb! Merrni mbrapsht 3% t\u00eb humbjeve tuaja dhe merrni nj\u00eb shans t\u00eb dyt\u00eb p\u00ebr t\u00eb fituar.\" \/>\n<meta property=\"og:url\" content=\"https:\/\/planbet.cafe\/al\/bonus\/cashback\/\" \/>\n<meta property=\"og:site_name\" content=\"Planbet AL\" \/>\n<meta property=\"article:modified_time\" content=\"2025-09-22T19:08:47+00:00\" \/>\n<meta name=\"twitter:card\" content=\"summary_large_image\" \/>\n<script type=\"application\/ld+json\" class=\"yoast-schema-graph\">{\"@context\":\"https:\/\/schema.org\",\"@graph\":[{\"@type\":\"WebPage\",\"@id\":\"https:\/\/planbet.cafe\/al\/bonus\/cashback\/\",\"url\":\"https:\/\/planbet.cafe\/al\/bonus\/cashback\/\",\"name\":\"PlanBet Sports Cashback \u1409 deri n\u00eb 80,000 lek\u00eb rimbursim!\",\"isPartOf\":{\"@id\":\"https:\/\/planbet.cafe\/al\/#website\"},\"datePublished\":\"2025-06-08T15:08:26+00:00\",\"dateModified\":\"2025-09-22T19:08:47+00:00\",\"description\":\"Humb\u00ebt? Mos u shqet\u00ebsoni! Me kthimin e parave nga PlanBet, mund t\u00eb merrni mbrapsht deri n\u00eb 80,000 lek\u00eb \u00e7do jav\u00eb! Merrni mbrapsht 3% t\u00eb humbjeve tuaja dhe merrni nj\u00eb shans t\u00eb dyt\u00eb p\u00ebr t\u00eb fituar.\",\"breadcrumb\":{\"@id\":\"https:\/\/planbet.cafe\/al\/bonus\/cashback\/#breadcrumb\"},\"inLanguage\":\"sq\",\"potentialAction\":[{\"@type\":\"ReadAction\",\"target\":[\"https:\/\/planbet.cafe\/al\/bonus\/cashback\/\"]}]},{\"@type\":\"BreadcrumbList\",\"@id\":\"https:\/\/planbet.cafe\/al\/bonus\/cashback\/#breadcrumb\",\"itemListElement\":[{\"@type\":\"ListItem\",\"position\":1,\"name\":\"Home\",\"item\":\"https:\/\/planbet.cafe\/al\/\"},{\"@type\":\"ListItem\",\"position\":2,\"name\":\"Bonus\",\"item\":\"https:\/\/planbet.cafe\/al\/bonus\/\"},{\"@type\":\"ListItem\",\"position\":3,\"name\":\"Kthim parash\"}]},{\"@type\":\"WebSite\",\"@id\":\"https:\/\/planbet.cafe\/al\/#website\",\"url\":\"https:\/\/planbet.cafe\/al\/\",\"name\":\"Planbet AL\",\"description\":\"My WordPress Blog\",\"potentialAction\":[{\"@type\":\"SearchAction\",\"target\":{\"@type\":\"EntryPoint\",\"urlTemplate\":\"https:\/\/planbet.cafe\/al\/?s={search_term_string}\"},\"query-input\":{\"@type\":\"PropertyValueSpecification\",\"valueRequired\":true,\"valueName\":\"search_term_string\"}}],\"inLanguage\":\"sq\"}]}<\/script>\n<!-- \/ Yoast SEO plugin. -->","yoast_head_json":{"title":"PlanBet Sports Cashback \u1409 deri n\u00eb 80,000 lek\u00eb rimbursim!","description":"Humb\u00ebt? Mos u shqet\u00ebsoni! Me kthimin e parave nga PlanBet, mund t\u00eb merrni mbrapsht deri n\u00eb 80,000 lek\u00eb \u00e7do jav\u00eb! Merrni mbrapsht 3% t\u00eb humbjeve tuaja dhe merrni nj\u00eb shans t\u00eb dyt\u00eb p\u00ebr t\u00eb fituar.","robots":{"index":"index","follow":"follow","max-snippet":"max-snippet:-1","max-image-preview":"max-image-preview:large","max-video-preview":"max-video-preview:-1"},"og_locale":"sq_AL","og_type":"article","og_title":"PlanBet Sports Cashback \u1409 deri n\u00eb 80,000 lek\u00eb rimbursim!","og_description":"Humb\u00ebt? Mos u shqet\u00ebsoni! Me kthimin e parave nga PlanBet, mund t\u00eb merrni mbrapsht deri n\u00eb 80,000 lek\u00eb \u00e7do jav\u00eb! Merrni mbrapsht 3% t\u00eb humbjeve tuaja dhe merrni nj\u00eb shans t\u00eb dyt\u00eb p\u00ebr t\u00eb fituar.","og_url":"https:\/\/planbet.cafe\/al\/bonus\/cashback\/","og_site_name":"Planbet AL","article_modified_time":"2025-09-22T19:08:47+00:00","twitter_card":"summary_large_image","schema":{"@context":"https:\/\/schema.org","@graph":[{"@type":"WebPage","@id":"https:\/\/planbet.cafe\/al\/bonus\/cashback\/","url":"https:\/\/planbet.cafe\/al\/bonus\/cashback\/","name":"PlanBet Sports Cashback \u1409 deri n\u00eb 80,000 lek\u00eb rimbursim!","isPartOf":{"@id":"https:\/\/planbet.cafe\/al\/#website"},"datePublished":"2025-06-08T15:08:26+00:00","dateModified":"2025-09-22T19:08:47+00:00","description":"Humb\u00ebt? Mos u shqet\u00ebsoni! Me kthimin e parave nga PlanBet, mund t\u00eb merrni mbrapsht deri n\u00eb 80,000 lek\u00eb \u00e7do jav\u00eb! Merrni mbrapsht 3% t\u00eb humbjeve tuaja dhe merrni nj\u00eb shans t\u00eb dyt\u00eb p\u00ebr t\u00eb fituar.","breadcrumb":{"@id":"https:\/\/planbet.cafe\/al\/bonus\/cashback\/#breadcrumb"},"inLanguage":"sq","potentialAction":[{"@type":"ReadAction","target":["https:\/\/planbet.cafe\/al\/bonus\/cashback\/"]}]},{"@type":"BreadcrumbList","@id":"https:\/\/planbet.cafe\/al\/bonus\/cashback\/#breadcrumb","itemListElement":[{"@type":"ListItem","position":1,"name":"Home","item":"https:\/\/planbet.cafe\/al\/"},{"@type":"ListItem","position":2,"name":"Bonus","item":"https:\/\/planbet.cafe\/al\/bonus\/"},{"@type":"ListItem","position":3,"name":"Kthim parash"}]},{"@type":"WebSite","@id":"https:\/\/planbet.cafe\/al\/#website","url":"https:\/\/planbet.cafe\/al\/","name":"Planbet AL","description":"My WordPress Blog","potentialAction":[{"@type":"SearchAction","target":{"@type":"EntryPoint","urlTemplate":"https:\/\/planbet.cafe\/al\/?s={search_term_string}"},"query-input":{"@type":"PropertyValueSpecification","valueRequired":true,"valueName":"search_term_string"}}],"inLanguage":"sq"}]}},"_links":{"self":[{"href":"https:\/\/planbet.cafe\/al\/wp-json\/wp\/v2\/pages\/335","targetHints":{"allow":["GET"]}}],"collection":[{"href":"https:\/\/planbet.cafe\/al\/wp-json\/wp\/v2\/pages"}],"about":[{"href":"https:\/\/planbet.cafe\/al\/wp-json\/wp\/v2\/types\/page"}],"author":[{"embeddable":true,"href":"https:\/\/planbet.cafe\/al\/wp-json\/wp\/v2\/users\/1"}],"replies":[{"embeddable":true,"href":"https:\/\/planbet.cafe\/al\/wp-json\/wp\/v2\/comments?post=335"}],"version-history":[{"count":6,"href":"https:\/\/planbet.cafe\/al\/wp-json\/wp\/v2\/pages\/335\/revisions"}],"predecessor-version":[{"id":495,"href":"https:\/\/planbet.cafe\/al\/wp-json\/wp\/v2\/pages\/335\/revisions\/495"}],"up":[{"embeddable":true,"href":"https:\/\/planbet.cafe\/al\/wp-json\/wp\/v2\/pages\/237"}],"wp:attachment":[{"href":"https:\/\/planbet.cafe\/al\/wp-json\/wp\/v2\/media?parent=335"}],"curies":[{"name":"wp","href":"https:\/\/api.w.org\/{rel}","templated":true}]}}