{"id":321,"date":"2025-06-08T13:29:34","date_gmt":"2025-06-08T13:29:34","guid":{"rendered":"https:\/\/planbet.cafe\/al\/?page_id=321"},"modified":"2025-09-22T18:59:56","modified_gmt":"2025-09-22T18:59:56","slug":"100-first-deposit","status":"publish","type":"page","link":"https:\/\/planbet.cafe\/al\/bonus\/100-first-deposit\/","title":{"rendered":"100% n\u00eb depozit\u00ebn e par\u00eb"},"content":{"rendered":"","protected":false},"excerpt":{"rendered":"","protected":false},"author":1,"featured_media":0,"parent":237,"menu_order":0,"comment_status":"closed","ping_status":"closed","template":"","meta":{"footnotes":""},"class_list":["post-321","page","type-page","status-publish","hentry"],"yoast_head":"<!-- This site is optimized with the Yoast SEO plugin v25.0 - https:\/\/yoast.com\/wordpress\/plugins\/seo\/ -->\n<title>Merrni 100% n\u00eb depozit\u00ebn tuaj t\u00eb par\u00eb n\u00eb PlanBet \u1409 9400 ALL<\/title>\n<meta name=\"description\" content=\"Dyfishoni depozit\u00ebn tuaj t\u00eb par\u00eb \u2014 merrni deri n\u00eb 9400 lek\u00eb n\u00eb llogarin\u00eb tuaj. Regjistrim i shpejt\u00eb, proces i thjesht\u00eb dhe mund\u00ebsi t\u00eb jasht\u00ebzakonshme p\u00ebr t\u00eb fituar! Mos e humbisni shansin tuaj \u2014 bonusi \u00ebsht\u00eb i disponuesh\u00ebm vet\u00ebm nj\u00eb her\u00eb!\" \/>\n<meta name=\"robots\" content=\"index, follow, max-snippet:-1, max-image-preview:large, max-video-preview:-1\" \/>\n<meta property=\"og:locale\" content=\"sq_AL\" \/>\n<meta property=\"og:type\" content=\"article\" \/>\n<meta property=\"og:title\" content=\"Merrni 100% n\u00eb depozit\u00ebn tuaj t\u00eb par\u00eb n\u00eb PlanBet \u1409 9400 ALL\" \/>\n<meta property=\"og:description\" content=\"Dyfishoni depozit\u00ebn tuaj t\u00eb par\u00eb \u2014 merrni deri n\u00eb 9400 lek\u00eb n\u00eb llogarin\u00eb tuaj. Regjistrim i shpejt\u00eb, proces i thjesht\u00eb dhe mund\u00ebsi t\u00eb jasht\u00ebzakonshme p\u00ebr t\u00eb fituar! Mos e humbisni shansin tuaj \u2014 bonusi \u00ebsht\u00eb i disponuesh\u00ebm vet\u00ebm nj\u00eb her\u00eb!\" \/>\n<meta property=\"og:url\" content=\"https:\/\/planbet.cafe\/al\/bonus\/100-first-deposit\/\" \/>\n<meta property=\"og:site_name\" content=\"Planbet AL\" \/>\n<meta property=\"article:modified_time\" content=\"2025-09-22T18:59:56+00:00\" \/>\n<meta name=\"twitter:card\" content=\"summary_large_image\" \/>\n<script type=\"application\/ld+json\" class=\"yoast-schema-graph\">{\"@context\":\"https:\/\/schema.org\",\"@graph\":[{\"@type\":\"WebPage\",\"@id\":\"https:\/\/planbet.cafe\/al\/bonus\/100-first-deposit\/\",\"url\":\"https:\/\/planbet.cafe\/al\/bonus\/100-first-deposit\/\",\"name\":\"Merrni 100% n\u00eb depozit\u00ebn tuaj t\u00eb par\u00eb n\u00eb PlanBet \u1409 9400 ALL\",\"isPartOf\":{\"@id\":\"https:\/\/planbet.cafe\/al\/#website\"},\"datePublished\":\"2025-06-08T13:29:34+00:00\",\"dateModified\":\"2025-09-22T18:59:56+00:00\",\"description\":\"Dyfishoni depozit\u00ebn tuaj t\u00eb par\u00eb \u2014 merrni deri n\u00eb 9400 lek\u00eb n\u00eb llogarin\u00eb tuaj. Regjistrim i shpejt\u00eb, proces i thjesht\u00eb dhe mund\u00ebsi t\u00eb jasht\u00ebzakonshme p\u00ebr t\u00eb fituar! Mos e humbisni shansin tuaj \u2014 bonusi \u00ebsht\u00eb i disponuesh\u00ebm vet\u00ebm nj\u00eb her\u00eb!\",\"breadcrumb\":{\"@id\":\"https:\/\/planbet.cafe\/al\/bonus\/100-first-deposit\/#breadcrumb\"},\"inLanguage\":\"sq\",\"potentialAction\":[{\"@type\":\"ReadAction\",\"target\":[\"https:\/\/planbet.cafe\/al\/bonus\/100-first-deposit\/\"]}]},{\"@type\":\"BreadcrumbList\",\"@id\":\"https:\/\/planbet.cafe\/al\/bonus\/100-first-deposit\/#breadcrumb\",\"itemListElement\":[{\"@type\":\"ListItem\",\"position\":1,\"name\":\"Home\",\"item\":\"https:\/\/planbet.cafe\/al\/\"},{\"@type\":\"ListItem\",\"position\":2,\"name\":\"Bonus\",\"item\":\"https:\/\/planbet.cafe\/al\/bonus\/\"},{\"@type\":\"ListItem\",\"position\":3,\"name\":\"100% n\u00eb depozit\u00ebn e par\u00eb\"}]},{\"@type\":\"WebSite\",\"@id\":\"https:\/\/planbet.cafe\/al\/#website\",\"url\":\"https:\/\/planbet.cafe\/al\/\",\"name\":\"Planbet AL\",\"description\":\"My WordPress Blog\",\"potentialAction\":[{\"@type\":\"SearchAction\",\"target\":{\"@type\":\"EntryPoint\",\"urlTemplate\":\"https:\/\/planbet.cafe\/al\/?s={search_term_string}\"},\"query-input\":{\"@type\":\"PropertyValueSpecification\",\"valueRequired\":true,\"valueName\":\"search_term_string\"}}],\"inLanguage\":\"sq\"}]}<\/script>\n<!-- \/ Yoast SEO plugin. -->","yoast_head_json":{"title":"Merrni 100% n\u00eb depozit\u00ebn tuaj t\u00eb par\u00eb n\u00eb PlanBet \u1409 9400 ALL","description":"Dyfishoni depozit\u00ebn tuaj t\u00eb par\u00eb \u2014 merrni deri n\u00eb 9400 lek\u00eb n\u00eb llogarin\u00eb tuaj. Regjistrim i shpejt\u00eb, proces i thjesht\u00eb dhe mund\u00ebsi t\u00eb jasht\u00ebzakonshme p\u00ebr t\u00eb fituar! Mos e humbisni shansin tuaj \u2014 bonusi \u00ebsht\u00eb i disponuesh\u00ebm vet\u00ebm nj\u00eb her\u00eb!","robots":{"index":"index","follow":"follow","max-snippet":"max-snippet:-1","max-image-preview":"max-image-preview:large","max-video-preview":"max-video-preview:-1"},"og_locale":"sq_AL","og_type":"article","og_title":"Merrni 100% n\u00eb depozit\u00ebn tuaj t\u00eb par\u00eb n\u00eb PlanBet \u1409 9400 ALL","og_description":"Dyfishoni depozit\u00ebn tuaj t\u00eb par\u00eb \u2014 merrni deri n\u00eb 9400 lek\u00eb n\u00eb llogarin\u00eb tuaj. Regjistrim i shpejt\u00eb, proces i thjesht\u00eb dhe mund\u00ebsi t\u00eb jasht\u00ebzakonshme p\u00ebr t\u00eb fituar! Mos e humbisni shansin tuaj \u2014 bonusi \u00ebsht\u00eb i disponuesh\u00ebm vet\u00ebm nj\u00eb her\u00eb!","og_url":"https:\/\/planbet.cafe\/al\/bonus\/100-first-deposit\/","og_site_name":"Planbet AL","article_modified_time":"2025-09-22T18:59:56+00:00","twitter_card":"summary_large_image","schema":{"@context":"https:\/\/schema.org","@graph":[{"@type":"WebPage","@id":"https:\/\/planbet.cafe\/al\/bonus\/100-first-deposit\/","url":"https:\/\/planbet.cafe\/al\/bonus\/100-first-deposit\/","name":"Merrni 100% n\u00eb depozit\u00ebn tuaj t\u00eb par\u00eb n\u00eb PlanBet \u1409 9400 ALL","isPartOf":{"@id":"https:\/\/planbet.cafe\/al\/#website"},"datePublished":"2025-06-08T13:29:34+00:00","dateModified":"2025-09-22T18:59:56+00:00","description":"Dyfishoni depozit\u00ebn tuaj t\u00eb par\u00eb \u2014 merrni deri n\u00eb 9400 lek\u00eb n\u00eb llogarin\u00eb tuaj. Regjistrim i shpejt\u00eb, proces i thjesht\u00eb dhe mund\u00ebsi t\u00eb jasht\u00ebzakonshme p\u00ebr t\u00eb fituar! Mos e humbisni shansin tuaj \u2014 bonusi \u00ebsht\u00eb i disponuesh\u00ebm vet\u00ebm nj\u00eb her\u00eb!","breadcrumb":{"@id":"https:\/\/planbet.cafe\/al\/bonus\/100-first-deposit\/#breadcrumb"},"inLanguage":"sq","potentialAction":[{"@type":"ReadAction","target":["https:\/\/planbet.cafe\/al\/bonus\/100-first-deposit\/"]}]},{"@type":"BreadcrumbList","@id":"https:\/\/planbet.cafe\/al\/bonus\/100-first-deposit\/#breadcrumb","itemListElement":[{"@type":"ListItem","position":1,"name":"Home","item":"https:\/\/planbet.cafe\/al\/"},{"@type":"ListItem","position":2,"name":"Bonus","item":"https:\/\/planbet.cafe\/al\/bonus\/"},{"@type":"ListItem","position":3,"name":"100% n\u00eb depozit\u00ebn e par\u00eb"}]},{"@type":"WebSite","@id":"https:\/\/planbet.cafe\/al\/#website","url":"https:\/\/planbet.cafe\/al\/","name":"Planbet AL","description":"My WordPress Blog","potentialAction":[{"@type":"SearchAction","target":{"@type":"EntryPoint","urlTemplate":"https:\/\/planbet.cafe\/al\/?s={search_term_string}"},"query-input":{"@type":"PropertyValueSpecification","valueRequired":true,"valueName":"search_term_string"}}],"inLanguage":"sq"}]}},"_links":{"self":[{"href":"https:\/\/planbet.cafe\/al\/wp-json\/wp\/v2\/pages\/321","targetHints":{"allow":["GET"]}}],"collection":[{"href":"https:\/\/planbet.cafe\/al\/wp-json\/wp\/v2\/pages"}],"about":[{"href":"https:\/\/planbet.cafe\/al\/wp-json\/wp\/v2\/types\/page"}],"author":[{"embeddable":true,"href":"https:\/\/planbet.cafe\/al\/wp-json\/wp\/v2\/users\/1"}],"replies":[{"embeddable":true,"href":"https:\/\/planbet.cafe\/al\/wp-json\/wp\/v2\/comments?post=321"}],"version-history":[{"count":7,"href":"https:\/\/planbet.cafe\/al\/wp-json\/wp\/v2\/pages\/321\/revisions"}],"predecessor-version":[{"id":490,"href":"https:\/\/planbet.cafe\/al\/wp-json\/wp\/v2\/pages\/321\/revisions\/490"}],"up":[{"embeddable":true,"href":"https:\/\/planbet.cafe\/al\/wp-json\/wp\/v2\/pages\/237"}],"wp:attachment":[{"href":"https:\/\/planbet.cafe\/al\/wp-json\/wp\/v2\/media?parent=321"}],"curies":[{"name":"wp","href":"https:\/\/api.w.org\/{rel}","templated":true}]}}