{"id":278,"date":"2025-05-13T05:17:25","date_gmt":"2025-05-13T05:17:25","guid":{"rendered":"https:\/\/planbet.cafe\/al\/?page_id=278"},"modified":"2025-09-22T18:56:09","modified_gmt":"2025-09-22T18:56:09","slug":"registration","status":"publish","type":"page","link":"https:\/\/planbet.cafe\/al\/registration\/","title":{"rendered":"Regjistrimi"},"content":{"rendered":"","protected":false},"excerpt":{"rendered":"","protected":false},"author":1,"featured_media":0,"parent":0,"menu_order":0,"comment_status":"closed","ping_status":"closed","template":"","meta":{"footnotes":""},"class_list":["post-278","page","type-page","status-publish","hentry"],"yoast_head":"<!-- This site is optimized with the Yoast SEO plugin v25.0 - https:\/\/yoast.com\/wordpress\/plugins\/seo\/ -->\n<title>Regjistrimi n\u00eb PlanBet \u1409 K\u00ebshilla dhe truke p\u00ebr regjistrim<\/title>\n<meta name=\"description\" content=\"Bashkohuni n\u00eb aksion n\u00eb PlanBet! \ud83d\udd25M\u00ebsoni si t\u00eb regjistroheni dhe t\u00eb filloni t\u00eb luani tani! Gati p\u00ebr t\u00eb provuar?\" \/>\n<meta name=\"robots\" content=\"index, follow, max-snippet:-1, max-image-preview:large, max-video-preview:-1\" \/>\n<meta property=\"og:locale\" content=\"sq_AL\" \/>\n<meta property=\"og:type\" content=\"article\" \/>\n<meta property=\"og:title\" content=\"Regjistrimi n\u00eb PlanBet \u1409 K\u00ebshilla dhe truke p\u00ebr regjistrim\" \/>\n<meta property=\"og:description\" content=\"Bashkohuni n\u00eb aksion n\u00eb PlanBet! \ud83d\udd25M\u00ebsoni si t\u00eb regjistroheni dhe t\u00eb filloni t\u00eb luani tani! Gati p\u00ebr t\u00eb provuar?\" \/>\n<meta property=\"og:url\" content=\"https:\/\/planbet.cafe\/al\/registration\/\" \/>\n<meta property=\"og:site_name\" content=\"Planbet AL\" \/>\n<meta property=\"article:modified_time\" content=\"2025-09-22T18:56:09+00:00\" \/>\n<meta name=\"twitter:card\" content=\"summary_large_image\" \/>\n<script type=\"application\/ld+json\" class=\"yoast-schema-graph\">{\"@context\":\"https:\/\/schema.org\",\"@graph\":[{\"@type\":\"WebPage\",\"@id\":\"https:\/\/planbet.cafe\/al\/registration\/\",\"url\":\"https:\/\/planbet.cafe\/al\/registration\/\",\"name\":\"Regjistrimi n\u00eb PlanBet \u1409 K\u00ebshilla dhe truke p\u00ebr regjistrim\",\"isPartOf\":{\"@id\":\"https:\/\/planbet.cafe\/al\/#website\"},\"datePublished\":\"2025-05-13T05:17:25+00:00\",\"dateModified\":\"2025-09-22T18:56:09+00:00\",\"description\":\"Bashkohuni n\u00eb aksion n\u00eb PlanBet! \ud83d\udd25M\u00ebsoni si t\u00eb regjistroheni dhe t\u00eb filloni t\u00eb luani tani! Gati p\u00ebr t\u00eb provuar?\",\"breadcrumb\":{\"@id\":\"https:\/\/planbet.cafe\/al\/registration\/#breadcrumb\"},\"inLanguage\":\"sq\",\"potentialAction\":[{\"@type\":\"ReadAction\",\"target\":[\"https:\/\/planbet.cafe\/al\/registration\/\"]}]},{\"@type\":\"BreadcrumbList\",\"@id\":\"https:\/\/planbet.cafe\/al\/registration\/#breadcrumb\",\"itemListElement\":[{\"@type\":\"ListItem\",\"position\":1,\"name\":\"Home\",\"item\":\"https:\/\/planbet.cafe\/al\/\"},{\"@type\":\"ListItem\",\"position\":2,\"name\":\"Regjistrimi\"}]},{\"@type\":\"WebSite\",\"@id\":\"https:\/\/planbet.cafe\/al\/#website\",\"url\":\"https:\/\/planbet.cafe\/al\/\",\"name\":\"Planbet AL\",\"description\":\"My WordPress Blog\",\"potentialAction\":[{\"@type\":\"SearchAction\",\"target\":{\"@type\":\"EntryPoint\",\"urlTemplate\":\"https:\/\/planbet.cafe\/al\/?s={search_term_string}\"},\"query-input\":{\"@type\":\"PropertyValueSpecification\",\"valueRequired\":true,\"valueName\":\"search_term_string\"}}],\"inLanguage\":\"sq\"}]}<\/script>\n<!-- \/ Yoast SEO plugin. -->","yoast_head_json":{"title":"Regjistrimi n\u00eb PlanBet \u1409 K\u00ebshilla dhe truke p\u00ebr regjistrim","description":"Bashkohuni n\u00eb aksion n\u00eb PlanBet! \ud83d\udd25M\u00ebsoni si t\u00eb regjistroheni dhe t\u00eb filloni t\u00eb luani tani! Gati p\u00ebr t\u00eb provuar?","robots":{"index":"index","follow":"follow","max-snippet":"max-snippet:-1","max-image-preview":"max-image-preview:large","max-video-preview":"max-video-preview:-1"},"og_locale":"sq_AL","og_type":"article","og_title":"Regjistrimi n\u00eb PlanBet \u1409 K\u00ebshilla dhe truke p\u00ebr regjistrim","og_description":"Bashkohuni n\u00eb aksion n\u00eb PlanBet! \ud83d\udd25M\u00ebsoni si t\u00eb regjistroheni dhe t\u00eb filloni t\u00eb luani tani! Gati p\u00ebr t\u00eb provuar?","og_url":"https:\/\/planbet.cafe\/al\/registration\/","og_site_name":"Planbet AL","article_modified_time":"2025-09-22T18:56:09+00:00","twitter_card":"summary_large_image","schema":{"@context":"https:\/\/schema.org","@graph":[{"@type":"WebPage","@id":"https:\/\/planbet.cafe\/al\/registration\/","url":"https:\/\/planbet.cafe\/al\/registration\/","name":"Regjistrimi n\u00eb PlanBet \u1409 K\u00ebshilla dhe truke p\u00ebr regjistrim","isPartOf":{"@id":"https:\/\/planbet.cafe\/al\/#website"},"datePublished":"2025-05-13T05:17:25+00:00","dateModified":"2025-09-22T18:56:09+00:00","description":"Bashkohuni n\u00eb aksion n\u00eb PlanBet! \ud83d\udd25M\u00ebsoni si t\u00eb regjistroheni dhe t\u00eb filloni t\u00eb luani tani! Gati p\u00ebr t\u00eb provuar?","breadcrumb":{"@id":"https:\/\/planbet.cafe\/al\/registration\/#breadcrumb"},"inLanguage":"sq","potentialAction":[{"@type":"ReadAction","target":["https:\/\/planbet.cafe\/al\/registration\/"]}]},{"@type":"BreadcrumbList","@id":"https:\/\/planbet.cafe\/al\/registration\/#breadcrumb","itemListElement":[{"@type":"ListItem","position":1,"name":"Home","item":"https:\/\/planbet.cafe\/al\/"},{"@type":"ListItem","position":2,"name":"Regjistrimi"}]},{"@type":"WebSite","@id":"https:\/\/planbet.cafe\/al\/#website","url":"https:\/\/planbet.cafe\/al\/","name":"Planbet AL","description":"My WordPress Blog","potentialAction":[{"@type":"SearchAction","target":{"@type":"EntryPoint","urlTemplate":"https:\/\/planbet.cafe\/al\/?s={search_term_string}"},"query-input":{"@type":"PropertyValueSpecification","valueRequired":true,"valueName":"search_term_string"}}],"inLanguage":"sq"}]}},"_links":{"self":[{"href":"https:\/\/planbet.cafe\/al\/wp-json\/wp\/v2\/pages\/278","targetHints":{"allow":["GET"]}}],"collection":[{"href":"https:\/\/planbet.cafe\/al\/wp-json\/wp\/v2\/pages"}],"about":[{"href":"https:\/\/planbet.cafe\/al\/wp-json\/wp\/v2\/types\/page"}],"author":[{"embeddable":true,"href":"https:\/\/planbet.cafe\/al\/wp-json\/wp\/v2\/users\/1"}],"replies":[{"embeddable":true,"href":"https:\/\/planbet.cafe\/al\/wp-json\/wp\/v2\/comments?post=278"}],"version-history":[{"count":12,"href":"https:\/\/planbet.cafe\/al\/wp-json\/wp\/v2\/pages\/278\/revisions"}],"predecessor-version":[{"id":487,"href":"https:\/\/planbet.cafe\/al\/wp-json\/wp\/v2\/pages\/278\/revisions\/487"}],"wp:attachment":[{"href":"https:\/\/planbet.cafe\/al\/wp-json\/wp\/v2\/media?parent=278"}],"curies":[{"name":"wp","href":"https:\/\/api.w.org\/{rel}","templated":true}]}}