{"id":263,"date":"2025-05-11T18:22:24","date_gmt":"2025-05-11T18:22:24","guid":{"rendered":"https:\/\/planbet.cafe\/al\/?page_id=263"},"modified":"2025-09-28T14:25:58","modified_gmt":"2025-09-28T14:25:58","slug":"login","status":"publish","type":"page","link":"https:\/\/planbet.cafe\/al\/login\/","title":{"rendered":"Hyrje"},"content":{"rendered":"","protected":false},"excerpt":{"rendered":"","protected":false},"author":1,"featured_media":0,"parent":0,"menu_order":0,"comment_status":"closed","ping_status":"closed","template":"","meta":{"footnotes":""},"class_list":["post-263","page","type-page","status-publish","hentry"],"yoast_head":"<!-- This site is optimized with the Yoast SEO plugin v25.0 - https:\/\/yoast.com\/wordpress\/plugins\/seo\/ -->\n<title>Hyrja n\u00eb PlanBet \u1409 Hyni n\u00eb llogarin\u00eb tuaj shpejt dhe leht\u00eb<\/title>\n<meta name=\"description\" content=\"Hyni n\u00eb llogarin\u00eb tuaj PlanBet me leht\u00ebsi! Udh\u00ebzuesi ofron udh\u00ebzime hap pas hapi. Merrni ndihm\u00eb p\u00ebr hyrjen, m\u00ebsoni rreth siguris\u00eb s\u00eb llogaris\u00eb dhe filloni t\u00eb luani!\" \/>\n<meta name=\"robots\" content=\"index, follow, max-snippet:-1, max-image-preview:large, max-video-preview:-1\" \/>\n<meta property=\"og:locale\" content=\"sq_AL\" \/>\n<meta property=\"og:type\" content=\"article\" \/>\n<meta property=\"og:title\" content=\"Hyrja n\u00eb PlanBet \u1409 Hyni n\u00eb llogarin\u00eb tuaj shpejt dhe leht\u00eb\" \/>\n<meta property=\"og:description\" content=\"Hyni n\u00eb llogarin\u00eb tuaj PlanBet me leht\u00ebsi! Udh\u00ebzuesi ofron udh\u00ebzime hap pas hapi. Merrni ndihm\u00eb p\u00ebr hyrjen, m\u00ebsoni rreth siguris\u00eb s\u00eb llogaris\u00eb dhe filloni t\u00eb luani!\" \/>\n<meta property=\"og:url\" content=\"https:\/\/planbet.cafe\/al\/login\/\" \/>\n<meta property=\"og:site_name\" content=\"Planbet AL\" \/>\n<meta property=\"article:modified_time\" content=\"2025-09-28T14:25:58+00:00\" \/>\n<meta name=\"twitter:card\" content=\"summary_large_image\" \/>\n<script type=\"application\/ld+json\" class=\"yoast-schema-graph\">{\"@context\":\"https:\/\/schema.org\",\"@graph\":[{\"@type\":\"WebPage\",\"@id\":\"https:\/\/planbet.cafe\/al\/login\/\",\"url\":\"https:\/\/planbet.cafe\/al\/login\/\",\"name\":\"Hyrja n\u00eb PlanBet \u1409 Hyni n\u00eb llogarin\u00eb tuaj shpejt dhe leht\u00eb\",\"isPartOf\":{\"@id\":\"https:\/\/planbet.cafe\/al\/#website\"},\"datePublished\":\"2025-05-11T18:22:24+00:00\",\"dateModified\":\"2025-09-28T14:25:58+00:00\",\"description\":\"Hyni n\u00eb llogarin\u00eb tuaj PlanBet me leht\u00ebsi! Udh\u00ebzuesi ofron udh\u00ebzime hap pas hapi. Merrni ndihm\u00eb p\u00ebr hyrjen, m\u00ebsoni rreth siguris\u00eb s\u00eb llogaris\u00eb dhe filloni t\u00eb luani!\",\"breadcrumb\":{\"@id\":\"https:\/\/planbet.cafe\/al\/login\/#breadcrumb\"},\"inLanguage\":\"sq\",\"potentialAction\":[{\"@type\":\"ReadAction\",\"target\":[\"https:\/\/planbet.cafe\/al\/login\/\"]}]},{\"@type\":\"BreadcrumbList\",\"@id\":\"https:\/\/planbet.cafe\/al\/login\/#breadcrumb\",\"itemListElement\":[{\"@type\":\"ListItem\",\"position\":1,\"name\":\"Home\",\"item\":\"https:\/\/planbet.cafe\/al\/\"},{\"@type\":\"ListItem\",\"position\":2,\"name\":\"Hyrje\"}]},{\"@type\":\"WebSite\",\"@id\":\"https:\/\/planbet.cafe\/al\/#website\",\"url\":\"https:\/\/planbet.cafe\/al\/\",\"name\":\"Planbet AL\",\"description\":\"My WordPress Blog\",\"potentialAction\":[{\"@type\":\"SearchAction\",\"target\":{\"@type\":\"EntryPoint\",\"urlTemplate\":\"https:\/\/planbet.cafe\/al\/?s={search_term_string}\"},\"query-input\":{\"@type\":\"PropertyValueSpecification\",\"valueRequired\":true,\"valueName\":\"search_term_string\"}}],\"inLanguage\":\"sq\"}]}<\/script>\n<!-- \/ Yoast SEO plugin. -->","yoast_head_json":{"title":"Hyrja n\u00eb PlanBet \u1409 Hyni n\u00eb llogarin\u00eb tuaj shpejt dhe leht\u00eb","description":"Hyni n\u00eb llogarin\u00eb tuaj PlanBet me leht\u00ebsi! Udh\u00ebzuesi ofron udh\u00ebzime hap pas hapi. Merrni ndihm\u00eb p\u00ebr hyrjen, m\u00ebsoni rreth siguris\u00eb s\u00eb llogaris\u00eb dhe filloni t\u00eb luani!","robots":{"index":"index","follow":"follow","max-snippet":"max-snippet:-1","max-image-preview":"max-image-preview:large","max-video-preview":"max-video-preview:-1"},"og_locale":"sq_AL","og_type":"article","og_title":"Hyrja n\u00eb PlanBet \u1409 Hyni n\u00eb llogarin\u00eb tuaj shpejt dhe leht\u00eb","og_description":"Hyni n\u00eb llogarin\u00eb tuaj PlanBet me leht\u00ebsi! Udh\u00ebzuesi ofron udh\u00ebzime hap pas hapi. Merrni ndihm\u00eb p\u00ebr hyrjen, m\u00ebsoni rreth siguris\u00eb s\u00eb llogaris\u00eb dhe filloni t\u00eb luani!","og_url":"https:\/\/planbet.cafe\/al\/login\/","og_site_name":"Planbet AL","article_modified_time":"2025-09-28T14:25:58+00:00","twitter_card":"summary_large_image","schema":{"@context":"https:\/\/schema.org","@graph":[{"@type":"WebPage","@id":"https:\/\/planbet.cafe\/al\/login\/","url":"https:\/\/planbet.cafe\/al\/login\/","name":"Hyrja n\u00eb PlanBet \u1409 Hyni n\u00eb llogarin\u00eb tuaj shpejt dhe leht\u00eb","isPartOf":{"@id":"https:\/\/planbet.cafe\/al\/#website"},"datePublished":"2025-05-11T18:22:24+00:00","dateModified":"2025-09-28T14:25:58+00:00","description":"Hyni n\u00eb llogarin\u00eb tuaj PlanBet me leht\u00ebsi! Udh\u00ebzuesi ofron udh\u00ebzime hap pas hapi. Merrni ndihm\u00eb p\u00ebr hyrjen, m\u00ebsoni rreth siguris\u00eb s\u00eb llogaris\u00eb dhe filloni t\u00eb luani!","breadcrumb":{"@id":"https:\/\/planbet.cafe\/al\/login\/#breadcrumb"},"inLanguage":"sq","potentialAction":[{"@type":"ReadAction","target":["https:\/\/planbet.cafe\/al\/login\/"]}]},{"@type":"BreadcrumbList","@id":"https:\/\/planbet.cafe\/al\/login\/#breadcrumb","itemListElement":[{"@type":"ListItem","position":1,"name":"Home","item":"https:\/\/planbet.cafe\/al\/"},{"@type":"ListItem","position":2,"name":"Hyrje"}]},{"@type":"WebSite","@id":"https:\/\/planbet.cafe\/al\/#website","url":"https:\/\/planbet.cafe\/al\/","name":"Planbet AL","description":"My WordPress Blog","potentialAction":[{"@type":"SearchAction","target":{"@type":"EntryPoint","urlTemplate":"https:\/\/planbet.cafe\/al\/?s={search_term_string}"},"query-input":{"@type":"PropertyValueSpecification","valueRequired":true,"valueName":"search_term_string"}}],"inLanguage":"sq"}]}},"_links":{"self":[{"href":"https:\/\/planbet.cafe\/al\/wp-json\/wp\/v2\/pages\/263","targetHints":{"allow":["GET"]}}],"collection":[{"href":"https:\/\/planbet.cafe\/al\/wp-json\/wp\/v2\/pages"}],"about":[{"href":"https:\/\/planbet.cafe\/al\/wp-json\/wp\/v2\/types\/page"}],"author":[{"embeddable":true,"href":"https:\/\/planbet.cafe\/al\/wp-json\/wp\/v2\/users\/1"}],"replies":[{"embeddable":true,"href":"https:\/\/planbet.cafe\/al\/wp-json\/wp\/v2\/comments?post=263"}],"version-history":[{"count":9,"href":"https:\/\/planbet.cafe\/al\/wp-json\/wp\/v2\/pages\/263\/revisions"}],"predecessor-version":[{"id":496,"href":"https:\/\/planbet.cafe\/al\/wp-json\/wp\/v2\/pages\/263\/revisions\/496"}],"wp:attachment":[{"href":"https:\/\/planbet.cafe\/al\/wp-json\/wp\/v2\/media?parent=263"}],"curies":[{"name":"wp","href":"https:\/\/api.w.org\/{rel}","templated":true}]}}