{"id":220,"date":"2025-05-08T16:48:00","date_gmt":"2025-05-08T16:48:00","guid":{"rendered":"https:\/\/planbet.cafe\/al\/?page_id=220"},"modified":"2025-09-28T14:22:28","modified_gmt":"2025-09-28T14:22:28","slug":"casino","status":"publish","type":"page","link":"https:\/\/planbet.cafe\/al\/casino\/","title":{"rendered":"Kazino"},"content":{"rendered":"","protected":false},"excerpt":{"rendered":"","protected":false},"author":1,"featured_media":0,"parent":0,"menu_order":0,"comment_status":"closed","ping_status":"closed","template":"","meta":{"footnotes":""},"class_list":["post-220","page","type-page","status-publish","hentry"],"yoast_head":"<!-- This site is optimized with the Yoast SEO plugin v25.0 - https:\/\/yoast.com\/wordpress\/plugins\/seo\/ -->\n<title>Kazinoja PlanBet \u1409 Loj\u00ebrat, Bonuset dhe Turnet\u00eb m\u00eb t\u00eb Mira<\/title>\n<meta name=\"description\" content=\"PlanBet Casino ofron nj\u00eb p\u00ebrzgjedhje t\u00eb gjer\u00eb arg\u00ebtimi n\u00eb kazino, duke p\u00ebrfshir\u00eb loj\u00ebra elektronike, loj\u00ebra tavoline, loj\u00ebra me krupier\u00eb live. Bashkohuni me komunitetin ton\u00eb dhe merrni bonusin tuaj t\u00eb mir\u00ebseardhjes sot!\" \/>\n<meta name=\"robots\" content=\"index, follow, max-snippet:-1, max-image-preview:large, max-video-preview:-1\" \/>\n<meta property=\"og:locale\" content=\"sq_AL\" \/>\n<meta property=\"og:type\" content=\"article\" \/>\n<meta property=\"og:title\" content=\"Kazinoja PlanBet \u1409 Loj\u00ebrat, Bonuset dhe Turnet\u00eb m\u00eb t\u00eb Mira\" \/>\n<meta property=\"og:description\" content=\"PlanBet Casino ofron nj\u00eb p\u00ebrzgjedhje t\u00eb gjer\u00eb arg\u00ebtimi n\u00eb kazino, duke p\u00ebrfshir\u00eb loj\u00ebra elektronike, loj\u00ebra tavoline, loj\u00ebra me krupier\u00eb live. Bashkohuni me komunitetin ton\u00eb dhe merrni bonusin tuaj t\u00eb mir\u00ebseardhjes sot!\" \/>\n<meta property=\"og:url\" content=\"https:\/\/planbet.cafe\/al\/casino\/\" \/>\n<meta property=\"og:site_name\" content=\"Planbet AL\" \/>\n<meta property=\"article:modified_time\" content=\"2025-09-28T14:22:28+00:00\" \/>\n<meta name=\"twitter:card\" content=\"summary_large_image\" \/>\n<script type=\"application\/ld+json\" class=\"yoast-schema-graph\">{\"@context\":\"https:\/\/schema.org\",\"@graph\":[{\"@type\":\"WebPage\",\"@id\":\"https:\/\/planbet.cafe\/al\/casino\/\",\"url\":\"https:\/\/planbet.cafe\/al\/casino\/\",\"name\":\"Kazinoja PlanBet \u1409 Loj\u00ebrat, Bonuset dhe Turnet\u00eb m\u00eb t\u00eb Mira\",\"isPartOf\":{\"@id\":\"https:\/\/planbet.cafe\/al\/#website\"},\"datePublished\":\"2025-05-08T16:48:00+00:00\",\"dateModified\":\"2025-09-28T14:22:28+00:00\",\"description\":\"PlanBet Casino ofron nj\u00eb p\u00ebrzgjedhje t\u00eb gjer\u00eb arg\u00ebtimi n\u00eb kazino, duke p\u00ebrfshir\u00eb loj\u00ebra elektronike, loj\u00ebra tavoline, loj\u00ebra me krupier\u00eb live. Bashkohuni me komunitetin ton\u00eb dhe merrni bonusin tuaj t\u00eb mir\u00ebseardhjes sot!\",\"breadcrumb\":{\"@id\":\"https:\/\/planbet.cafe\/al\/casino\/#breadcrumb\"},\"inLanguage\":\"sq\",\"potentialAction\":[{\"@type\":\"ReadAction\",\"target\":[\"https:\/\/planbet.cafe\/al\/casino\/\"]}]},{\"@type\":\"BreadcrumbList\",\"@id\":\"https:\/\/planbet.cafe\/al\/casino\/#breadcrumb\",\"itemListElement\":[{\"@type\":\"ListItem\",\"position\":1,\"name\":\"Home\",\"item\":\"https:\/\/planbet.cafe\/al\/\"},{\"@type\":\"ListItem\",\"position\":2,\"name\":\"Kazino\"}]},{\"@type\":\"WebSite\",\"@id\":\"https:\/\/planbet.cafe\/al\/#website\",\"url\":\"https:\/\/planbet.cafe\/al\/\",\"name\":\"Planbet AL\",\"description\":\"My WordPress Blog\",\"potentialAction\":[{\"@type\":\"SearchAction\",\"target\":{\"@type\":\"EntryPoint\",\"urlTemplate\":\"https:\/\/planbet.cafe\/al\/?s={search_term_string}\"},\"query-input\":{\"@type\":\"PropertyValueSpecification\",\"valueRequired\":true,\"valueName\":\"search_term_string\"}}],\"inLanguage\":\"sq\"}]}<\/script>\n<!-- \/ Yoast SEO plugin. -->","yoast_head_json":{"title":"Kazinoja PlanBet \u1409 Loj\u00ebrat, Bonuset dhe Turnet\u00eb m\u00eb t\u00eb Mira","description":"PlanBet Casino ofron nj\u00eb p\u00ebrzgjedhje t\u00eb gjer\u00eb arg\u00ebtimi n\u00eb kazino, duke p\u00ebrfshir\u00eb loj\u00ebra elektronike, loj\u00ebra tavoline, loj\u00ebra me krupier\u00eb live. Bashkohuni me komunitetin ton\u00eb dhe merrni bonusin tuaj t\u00eb mir\u00ebseardhjes sot!","robots":{"index":"index","follow":"follow","max-snippet":"max-snippet:-1","max-image-preview":"max-image-preview:large","max-video-preview":"max-video-preview:-1"},"og_locale":"sq_AL","og_type":"article","og_title":"Kazinoja PlanBet \u1409 Loj\u00ebrat, Bonuset dhe Turnet\u00eb m\u00eb t\u00eb Mira","og_description":"PlanBet Casino ofron nj\u00eb p\u00ebrzgjedhje t\u00eb gjer\u00eb arg\u00ebtimi n\u00eb kazino, duke p\u00ebrfshir\u00eb loj\u00ebra elektronike, loj\u00ebra tavoline, loj\u00ebra me krupier\u00eb live. Bashkohuni me komunitetin ton\u00eb dhe merrni bonusin tuaj t\u00eb mir\u00ebseardhjes sot!","og_url":"https:\/\/planbet.cafe\/al\/casino\/","og_site_name":"Planbet AL","article_modified_time":"2025-09-28T14:22:28+00:00","twitter_card":"summary_large_image","schema":{"@context":"https:\/\/schema.org","@graph":[{"@type":"WebPage","@id":"https:\/\/planbet.cafe\/al\/casino\/","url":"https:\/\/planbet.cafe\/al\/casino\/","name":"Kazinoja PlanBet \u1409 Loj\u00ebrat, Bonuset dhe Turnet\u00eb m\u00eb t\u00eb Mira","isPartOf":{"@id":"https:\/\/planbet.cafe\/al\/#website"},"datePublished":"2025-05-08T16:48:00+00:00","dateModified":"2025-09-28T14:22:28+00:00","description":"PlanBet Casino ofron nj\u00eb p\u00ebrzgjedhje t\u00eb gjer\u00eb arg\u00ebtimi n\u00eb kazino, duke p\u00ebrfshir\u00eb loj\u00ebra elektronike, loj\u00ebra tavoline, loj\u00ebra me krupier\u00eb live. Bashkohuni me komunitetin ton\u00eb dhe merrni bonusin tuaj t\u00eb mir\u00ebseardhjes sot!","breadcrumb":{"@id":"https:\/\/planbet.cafe\/al\/casino\/#breadcrumb"},"inLanguage":"sq","potentialAction":[{"@type":"ReadAction","target":["https:\/\/planbet.cafe\/al\/casino\/"]}]},{"@type":"BreadcrumbList","@id":"https:\/\/planbet.cafe\/al\/casino\/#breadcrumb","itemListElement":[{"@type":"ListItem","position":1,"name":"Home","item":"https:\/\/planbet.cafe\/al\/"},{"@type":"ListItem","position":2,"name":"Kazino"}]},{"@type":"WebSite","@id":"https:\/\/planbet.cafe\/al\/#website","url":"https:\/\/planbet.cafe\/al\/","name":"Planbet AL","description":"My WordPress Blog","potentialAction":[{"@type":"SearchAction","target":{"@type":"EntryPoint","urlTemplate":"https:\/\/planbet.cafe\/al\/?s={search_term_string}"},"query-input":{"@type":"PropertyValueSpecification","valueRequired":true,"valueName":"search_term_string"}}],"inLanguage":"sq"}]}},"_links":{"self":[{"href":"https:\/\/planbet.cafe\/al\/wp-json\/wp\/v2\/pages\/220","targetHints":{"allow":["GET"]}}],"collection":[{"href":"https:\/\/planbet.cafe\/al\/wp-json\/wp\/v2\/pages"}],"about":[{"href":"https:\/\/planbet.cafe\/al\/wp-json\/wp\/v2\/types\/page"}],"author":[{"embeddable":true,"href":"https:\/\/planbet.cafe\/al\/wp-json\/wp\/v2\/users\/1"}],"replies":[{"embeddable":true,"href":"https:\/\/planbet.cafe\/al\/wp-json\/wp\/v2\/comments?post=220"}],"version-history":[{"count":10,"href":"https:\/\/planbet.cafe\/al\/wp-json\/wp\/v2\/pages\/220\/revisions"}],"predecessor-version":[{"id":477,"href":"https:\/\/planbet.cafe\/al\/wp-json\/wp\/v2\/pages\/220\/revisions\/477"}],"wp:attachment":[{"href":"https:\/\/planbet.cafe\/al\/wp-json\/wp\/v2\/media?parent=220"}],"curies":[{"name":"wp","href":"https:\/\/api.w.org\/{rel}","templated":true}]}}