{"id":205,"date":"2025-05-08T06:05:53","date_gmt":"2025-05-08T06:05:53","guid":{"rendered":"https:\/\/planbet.cafe\/al\/?page_id=205"},"modified":"2025-09-28T14:21:44","modified_gmt":"2025-09-28T14:21:44","slug":"apk","status":"publish","type":"page","link":"https:\/\/planbet.cafe\/al\/apk\/","title":{"rendered":"Apk"},"content":{"rendered":"","protected":false},"excerpt":{"rendered":"","protected":false},"author":1,"featured_media":0,"parent":0,"menu_order":0,"comment_status":"closed","ping_status":"closed","template":"","meta":{"footnotes":""},"class_list":["post-205","page","type-page","status-publish","hentry"],"yoast_head":"<!-- This site is optimized with the Yoast SEO plugin v25.0 - https:\/\/yoast.com\/wordpress\/plugins\/seo\/ -->\n<title>Shkarko PlanBet APK | V\u00eb bast n\u00eb Sport dhe Luaj Kazino<\/title>\n<meta name=\"description\" content=\"Shkarkoni aplikacionin PlanBet p\u00ebr Android (APK) dhe shijoni loj\u00ebra bastesh dhe kazinoje n\u00eb celular, t\u00eb shpejta, t\u00eb sigurta dhe t\u00eb p\u00ebrshtatshme. Merrni versionin m\u00eb t\u00eb fundit dhe filloni t\u00eb luani sot!\" \/>\n<meta name=\"robots\" content=\"index, follow, max-snippet:-1, max-image-preview:large, max-video-preview:-1\" \/>\n<meta property=\"og:locale\" content=\"sq_AL\" \/>\n<meta property=\"og:type\" content=\"article\" \/>\n<meta property=\"og:title\" content=\"Shkarko PlanBet APK | V\u00eb bast n\u00eb Sport dhe Luaj Kazino\" \/>\n<meta property=\"og:description\" content=\"Shkarkoni aplikacionin PlanBet p\u00ebr Android (APK) dhe shijoni loj\u00ebra bastesh dhe kazinoje n\u00eb celular, t\u00eb shpejta, t\u00eb sigurta dhe t\u00eb p\u00ebrshtatshme. Merrni versionin m\u00eb t\u00eb fundit dhe filloni t\u00eb luani sot!\" \/>\n<meta property=\"og:url\" content=\"https:\/\/planbet.cafe\/al\/apk\/\" \/>\n<meta property=\"og:site_name\" content=\"Planbet AL\" \/>\n<meta property=\"article:modified_time\" content=\"2025-09-28T14:21:44+00:00\" \/>\n<meta name=\"twitter:card\" content=\"summary_large_image\" \/>\n<script type=\"application\/ld+json\" class=\"yoast-schema-graph\">{\"@context\":\"https:\/\/schema.org\",\"@graph\":[{\"@type\":\"WebPage\",\"@id\":\"https:\/\/planbet.cafe\/al\/apk\/\",\"url\":\"https:\/\/planbet.cafe\/al\/apk\/\",\"name\":\"Shkarko PlanBet APK | V\u00eb bast n\u00eb Sport dhe Luaj Kazino\",\"isPartOf\":{\"@id\":\"https:\/\/planbet.cafe\/al\/#website\"},\"datePublished\":\"2025-05-08T06:05:53+00:00\",\"dateModified\":\"2025-09-28T14:21:44+00:00\",\"description\":\"Shkarkoni aplikacionin PlanBet p\u00ebr Android (APK) dhe shijoni loj\u00ebra bastesh dhe kazinoje n\u00eb celular, t\u00eb shpejta, t\u00eb sigurta dhe t\u00eb p\u00ebrshtatshme. Merrni versionin m\u00eb t\u00eb fundit dhe filloni t\u00eb luani sot!\",\"breadcrumb\":{\"@id\":\"https:\/\/planbet.cafe\/al\/apk\/#breadcrumb\"},\"inLanguage\":\"sq\",\"potentialAction\":[{\"@type\":\"ReadAction\",\"target\":[\"https:\/\/planbet.cafe\/al\/apk\/\"]}]},{\"@type\":\"BreadcrumbList\",\"@id\":\"https:\/\/planbet.cafe\/al\/apk\/#breadcrumb\",\"itemListElement\":[{\"@type\":\"ListItem\",\"position\":1,\"name\":\"Home\",\"item\":\"https:\/\/planbet.cafe\/al\/\"},{\"@type\":\"ListItem\",\"position\":2,\"name\":\"Apk\"}]},{\"@type\":\"WebSite\",\"@id\":\"https:\/\/planbet.cafe\/al\/#website\",\"url\":\"https:\/\/planbet.cafe\/al\/\",\"name\":\"Planbet AL\",\"description\":\"My WordPress Blog\",\"potentialAction\":[{\"@type\":\"SearchAction\",\"target\":{\"@type\":\"EntryPoint\",\"urlTemplate\":\"https:\/\/planbet.cafe\/al\/?s={search_term_string}\"},\"query-input\":{\"@type\":\"PropertyValueSpecification\",\"valueRequired\":true,\"valueName\":\"search_term_string\"}}],\"inLanguage\":\"sq\"}]}<\/script>\n<!-- \/ Yoast SEO plugin. -->","yoast_head_json":{"title":"Shkarko PlanBet APK | V\u00eb bast n\u00eb Sport dhe Luaj Kazino","description":"Shkarkoni aplikacionin PlanBet p\u00ebr Android (APK) dhe shijoni loj\u00ebra bastesh dhe kazinoje n\u00eb celular, t\u00eb shpejta, t\u00eb sigurta dhe t\u00eb p\u00ebrshtatshme. Merrni versionin m\u00eb t\u00eb fundit dhe filloni t\u00eb luani sot!","robots":{"index":"index","follow":"follow","max-snippet":"max-snippet:-1","max-image-preview":"max-image-preview:large","max-video-preview":"max-video-preview:-1"},"og_locale":"sq_AL","og_type":"article","og_title":"Shkarko PlanBet APK | V\u00eb bast n\u00eb Sport dhe Luaj Kazino","og_description":"Shkarkoni aplikacionin PlanBet p\u00ebr Android (APK) dhe shijoni loj\u00ebra bastesh dhe kazinoje n\u00eb celular, t\u00eb shpejta, t\u00eb sigurta dhe t\u00eb p\u00ebrshtatshme. Merrni versionin m\u00eb t\u00eb fundit dhe filloni t\u00eb luani sot!","og_url":"https:\/\/planbet.cafe\/al\/apk\/","og_site_name":"Planbet AL","article_modified_time":"2025-09-28T14:21:44+00:00","twitter_card":"summary_large_image","schema":{"@context":"https:\/\/schema.org","@graph":[{"@type":"WebPage","@id":"https:\/\/planbet.cafe\/al\/apk\/","url":"https:\/\/planbet.cafe\/al\/apk\/","name":"Shkarko PlanBet APK | V\u00eb bast n\u00eb Sport dhe Luaj Kazino","isPartOf":{"@id":"https:\/\/planbet.cafe\/al\/#website"},"datePublished":"2025-05-08T06:05:53+00:00","dateModified":"2025-09-28T14:21:44+00:00","description":"Shkarkoni aplikacionin PlanBet p\u00ebr Android (APK) dhe shijoni loj\u00ebra bastesh dhe kazinoje n\u00eb celular, t\u00eb shpejta, t\u00eb sigurta dhe t\u00eb p\u00ebrshtatshme. Merrni versionin m\u00eb t\u00eb fundit dhe filloni t\u00eb luani sot!","breadcrumb":{"@id":"https:\/\/planbet.cafe\/al\/apk\/#breadcrumb"},"inLanguage":"sq","potentialAction":[{"@type":"ReadAction","target":["https:\/\/planbet.cafe\/al\/apk\/"]}]},{"@type":"BreadcrumbList","@id":"https:\/\/planbet.cafe\/al\/apk\/#breadcrumb","itemListElement":[{"@type":"ListItem","position":1,"name":"Home","item":"https:\/\/planbet.cafe\/al\/"},{"@type":"ListItem","position":2,"name":"Apk"}]},{"@type":"WebSite","@id":"https:\/\/planbet.cafe\/al\/#website","url":"https:\/\/planbet.cafe\/al\/","name":"Planbet AL","description":"My WordPress Blog","potentialAction":[{"@type":"SearchAction","target":{"@type":"EntryPoint","urlTemplate":"https:\/\/planbet.cafe\/al\/?s={search_term_string}"},"query-input":{"@type":"PropertyValueSpecification","valueRequired":true,"valueName":"search_term_string"}}],"inLanguage":"sq"}]}},"_links":{"self":[{"href":"https:\/\/planbet.cafe\/al\/wp-json\/wp\/v2\/pages\/205","targetHints":{"allow":["GET"]}}],"collection":[{"href":"https:\/\/planbet.cafe\/al\/wp-json\/wp\/v2\/pages"}],"about":[{"href":"https:\/\/planbet.cafe\/al\/wp-json\/wp\/v2\/types\/page"}],"author":[{"embeddable":true,"href":"https:\/\/planbet.cafe\/al\/wp-json\/wp\/v2\/users\/1"}],"replies":[{"embeddable":true,"href":"https:\/\/planbet.cafe\/al\/wp-json\/wp\/v2\/comments?post=205"}],"version-history":[{"count":9,"href":"https:\/\/planbet.cafe\/al\/wp-json\/wp\/v2\/pages\/205\/revisions"}],"predecessor-version":[{"id":476,"href":"https:\/\/planbet.cafe\/al\/wp-json\/wp\/v2\/pages\/205\/revisions\/476"}],"wp:attachment":[{"href":"https:\/\/planbet.cafe\/al\/wp-json\/wp\/v2\/media?parent=205"}],"curies":[{"name":"wp","href":"https:\/\/api.w.org\/{rel}","templated":true}]}}