{"id":2,"date":"2023-05-18T17:18:34","date_gmt":"2023-05-18T17:18:34","guid":{"rendered":"http:\/\/planbet.cafe\/al\/?page_id=2"},"modified":"2025-09-28T14:19:49","modified_gmt":"2025-09-28T14:19:49","slug":"sample-page","status":"publish","type":"page","link":"https:\/\/planbet.cafe\/al\/","title":{"rendered":"Sht\u00ebpi"},"content":{"rendered":"","protected":false},"excerpt":{"rendered":"","protected":false},"author":1,"featured_media":0,"parent":0,"menu_order":0,"comment_status":"closed","ping_status":"open","template":"","meta":{"footnotes":""},"class_list":["post-2","page","type-page","status-publish","hentry"],"yoast_head":"<!-- This site is optimized with the Yoast SEO plugin v25.0 - https:\/\/yoast.com\/wordpress\/plugins\/seo\/ -->\n<title>PlanBet 2025 | Platform\u00eb e re p\u00ebr baste sportive dhe loj\u00ebra kazinoje<\/title>\n<meta name=\"description\" content=\"PlanBet (2025) \u00ebsht\u00eb destinacioni i ri i loj\u00ebrave t\u00eb fatit online p\u00ebr bastet sportive dhe loj\u00ebrat e kazinos\u00eb. Bashkohuni me 150,000 lojtar\u00eb t\u00eb k\u00ebnaqur dhe zbuloni sh\u00ebrbim premium dhe bonuse bujare.\" \/>\n<meta name=\"robots\" content=\"index, follow, max-snippet:-1, max-image-preview:large, max-video-preview:-1\" \/>\n<meta property=\"og:locale\" content=\"sq_AL\" \/>\n<meta property=\"og:type\" content=\"article\" \/>\n<meta property=\"og:title\" content=\"PlanBet 2025 | Platform\u00eb e re p\u00ebr baste sportive dhe loj\u00ebra kazinoje\" \/>\n<meta property=\"og:description\" content=\"PlanBet (2025) \u00ebsht\u00eb destinacioni i ri i loj\u00ebrave t\u00eb fatit online p\u00ebr bastet sportive dhe loj\u00ebrat e kazinos\u00eb. Bashkohuni me 150,000 lojtar\u00eb t\u00eb k\u00ebnaqur dhe zbuloni sh\u00ebrbim premium dhe bonuse bujare.\" \/>\n<meta property=\"og:url\" content=\"https:\/\/planbet.cafe\/al\/\" \/>\n<meta property=\"og:site_name\" content=\"Planbet AL\" \/>\n<meta property=\"article:modified_time\" content=\"2025-09-28T14:19:49+00:00\" \/>\n<meta name=\"twitter:card\" content=\"summary_large_image\" \/>\n<script type=\"application\/ld+json\" class=\"yoast-schema-graph\">{\"@context\":\"https:\/\/schema.org\",\"@graph\":[{\"@type\":\"WebPage\",\"@id\":\"https:\/\/planbet.cafe\/al\/\",\"url\":\"https:\/\/planbet.cafe\/al\/\",\"name\":\"PlanBet 2025 | Platform\u00eb e re p\u00ebr baste sportive dhe loj\u00ebra kazinoje\",\"isPartOf\":{\"@id\":\"https:\/\/planbet.cafe\/al\/#website\"},\"datePublished\":\"2023-05-18T17:18:34+00:00\",\"dateModified\":\"2025-09-28T14:19:49+00:00\",\"description\":\"PlanBet (2025) \u00ebsht\u00eb destinacioni i ri i loj\u00ebrave t\u00eb fatit online p\u00ebr bastet sportive dhe loj\u00ebrat e kazinos\u00eb. Bashkohuni me 150,000 lojtar\u00eb t\u00eb k\u00ebnaqur dhe zbuloni sh\u00ebrbim premium dhe bonuse bujare.\",\"breadcrumb\":{\"@id\":\"https:\/\/planbet.cafe\/al\/#breadcrumb\"},\"inLanguage\":\"sq\",\"potentialAction\":[{\"@type\":\"ReadAction\",\"target\":[\"https:\/\/planbet.cafe\/al\/\"]}]},{\"@type\":\"BreadcrumbList\",\"@id\":\"https:\/\/planbet.cafe\/al\/#breadcrumb\",\"itemListElement\":[{\"@type\":\"ListItem\",\"position\":1,\"name\":\"Home\",\"item\":\"https:\/\/planbet.cafe\/al\/\"},{\"@type\":\"ListItem\",\"position\":2,\"name\":\"Sht\u00ebpi\"}]},{\"@type\":\"WebSite\",\"@id\":\"https:\/\/planbet.cafe\/al\/#website\",\"url\":\"https:\/\/planbet.cafe\/al\/\",\"name\":\"Planbet AL\",\"description\":\"My WordPress Blog\",\"potentialAction\":[{\"@type\":\"SearchAction\",\"target\":{\"@type\":\"EntryPoint\",\"urlTemplate\":\"https:\/\/planbet.cafe\/al\/?s={search_term_string}\"},\"query-input\":{\"@type\":\"PropertyValueSpecification\",\"valueRequired\":true,\"valueName\":\"search_term_string\"}}],\"inLanguage\":\"sq\"}]}<\/script>\n<!-- \/ Yoast SEO plugin. -->","yoast_head_json":{"title":"PlanBet 2025 | Platform\u00eb e re p\u00ebr baste sportive dhe loj\u00ebra kazinoje","description":"PlanBet (2025) \u00ebsht\u00eb destinacioni i ri i loj\u00ebrave t\u00eb fatit online p\u00ebr bastet sportive dhe loj\u00ebrat e kazinos\u00eb. Bashkohuni me 150,000 lojtar\u00eb t\u00eb k\u00ebnaqur dhe zbuloni sh\u00ebrbim premium dhe bonuse bujare.","robots":{"index":"index","follow":"follow","max-snippet":"max-snippet:-1","max-image-preview":"max-image-preview:large","max-video-preview":"max-video-preview:-1"},"og_locale":"sq_AL","og_type":"article","og_title":"PlanBet 2025 | Platform\u00eb e re p\u00ebr baste sportive dhe loj\u00ebra kazinoje","og_description":"PlanBet (2025) \u00ebsht\u00eb destinacioni i ri i loj\u00ebrave t\u00eb fatit online p\u00ebr bastet sportive dhe loj\u00ebrat e kazinos\u00eb. Bashkohuni me 150,000 lojtar\u00eb t\u00eb k\u00ebnaqur dhe zbuloni sh\u00ebrbim premium dhe bonuse bujare.","og_url":"https:\/\/planbet.cafe\/al\/","og_site_name":"Planbet AL","article_modified_time":"2025-09-28T14:19:49+00:00","twitter_card":"summary_large_image","schema":{"@context":"https:\/\/schema.org","@graph":[{"@type":"WebPage","@id":"https:\/\/planbet.cafe\/al\/","url":"https:\/\/planbet.cafe\/al\/","name":"PlanBet 2025 | Platform\u00eb e re p\u00ebr baste sportive dhe loj\u00ebra kazinoje","isPartOf":{"@id":"https:\/\/planbet.cafe\/al\/#website"},"datePublished":"2023-05-18T17:18:34+00:00","dateModified":"2025-09-28T14:19:49+00:00","description":"PlanBet (2025) \u00ebsht\u00eb destinacioni i ri i loj\u00ebrave t\u00eb fatit online p\u00ebr bastet sportive dhe loj\u00ebrat e kazinos\u00eb. Bashkohuni me 150,000 lojtar\u00eb t\u00eb k\u00ebnaqur dhe zbuloni sh\u00ebrbim premium dhe bonuse bujare.","breadcrumb":{"@id":"https:\/\/planbet.cafe\/al\/#breadcrumb"},"inLanguage":"sq","potentialAction":[{"@type":"ReadAction","target":["https:\/\/planbet.cafe\/al\/"]}]},{"@type":"BreadcrumbList","@id":"https:\/\/planbet.cafe\/al\/#breadcrumb","itemListElement":[{"@type":"ListItem","position":1,"name":"Home","item":"https:\/\/planbet.cafe\/al\/"},{"@type":"ListItem","position":2,"name":"Sht\u00ebpi"}]},{"@type":"WebSite","@id":"https:\/\/planbet.cafe\/al\/#website","url":"https:\/\/planbet.cafe\/al\/","name":"Planbet AL","description":"My WordPress Blog","potentialAction":[{"@type":"SearchAction","target":{"@type":"EntryPoint","urlTemplate":"https:\/\/planbet.cafe\/al\/?s={search_term_string}"},"query-input":{"@type":"PropertyValueSpecification","valueRequired":true,"valueName":"search_term_string"}}],"inLanguage":"sq"}]}},"_links":{"self":[{"href":"https:\/\/planbet.cafe\/al\/wp-json\/wp\/v2\/pages\/2","targetHints":{"allow":["GET"]}}],"collection":[{"href":"https:\/\/planbet.cafe\/al\/wp-json\/wp\/v2\/pages"}],"about":[{"href":"https:\/\/planbet.cafe\/al\/wp-json\/wp\/v2\/types\/page"}],"author":[{"embeddable":true,"href":"https:\/\/planbet.cafe\/al\/wp-json\/wp\/v2\/users\/1"}],"replies":[{"embeddable":true,"href":"https:\/\/planbet.cafe\/al\/wp-json\/wp\/v2\/comments?post=2"}],"version-history":[{"count":33,"href":"https:\/\/planbet.cafe\/al\/wp-json\/wp\/v2\/pages\/2\/revisions"}],"predecessor-version":[{"id":473,"href":"https:\/\/planbet.cafe\/al\/wp-json\/wp\/v2\/pages\/2\/revisions\/473"}],"wp:attachment":[{"href":"https:\/\/planbet.cafe\/al\/wp-json\/wp\/v2\/media?parent=2"}],"curies":[{"name":"wp","href":"https:\/\/api.w.org\/{rel}","templated":true}]}}