{"id":188,"date":"2025-05-07T08:10:05","date_gmt":"2025-05-07T08:10:05","guid":{"rendered":"https:\/\/planbet.cafe\/al\/?page_id=188"},"modified":"2025-09-28T14:21:30","modified_gmt":"2025-09-28T14:21:30","slug":"app","status":"publish","type":"page","link":"https:\/\/planbet.cafe\/al\/app\/","title":{"rendered":"Aplikacion"},"content":{"rendered":"","protected":false},"excerpt":{"rendered":"","protected":false},"author":1,"featured_media":0,"parent":0,"menu_order":0,"comment_status":"closed","ping_status":"closed","template":"","meta":{"footnotes":""},"class_list":["post-188","page","type-page","status-publish","hentry"],"yoast_head":"<!-- This site is optimized with the Yoast SEO plugin v25.0 - https:\/\/yoast.com\/wordpress\/plugins\/seo\/ -->\n<title>Aplikacioni PlanBet p\u00ebr Android dhe iOS | Shkarkoni aplikacionin<\/title>\n<meta name=\"description\" content=\"Aplikacioni PlanBet p\u00ebr Android dhe iOS: shkarkoni dhe instaloni. Luani loj\u00ebrat tuaja t\u00eb preferuara t\u00eb kazinos\u00eb dhe vendosni baste n\u00eb sporte n\u00eb \u00e7do koh\u00eb, kudo!\" \/>\n<meta name=\"robots\" content=\"index, follow, max-snippet:-1, max-image-preview:large, max-video-preview:-1\" \/>\n<meta property=\"og:locale\" content=\"sq_AL\" \/>\n<meta property=\"og:type\" content=\"article\" \/>\n<meta property=\"og:title\" content=\"Aplikacioni PlanBet p\u00ebr Android dhe iOS | Shkarkoni aplikacionin\" \/>\n<meta property=\"og:description\" content=\"Aplikacioni PlanBet p\u00ebr Android dhe iOS: shkarkoni dhe instaloni. Luani loj\u00ebrat tuaja t\u00eb preferuara t\u00eb kazinos\u00eb dhe vendosni baste n\u00eb sporte n\u00eb \u00e7do koh\u00eb, kudo!\" \/>\n<meta property=\"og:url\" content=\"https:\/\/planbet.cafe\/al\/app\/\" \/>\n<meta property=\"og:site_name\" content=\"Planbet AL\" \/>\n<meta property=\"article:modified_time\" content=\"2025-09-28T14:21:30+00:00\" \/>\n<meta name=\"twitter:card\" content=\"summary_large_image\" \/>\n<script type=\"application\/ld+json\" class=\"yoast-schema-graph\">{\"@context\":\"https:\/\/schema.org\",\"@graph\":[{\"@type\":\"WebPage\",\"@id\":\"https:\/\/planbet.cafe\/al\/app\/\",\"url\":\"https:\/\/planbet.cafe\/al\/app\/\",\"name\":\"Aplikacioni PlanBet p\u00ebr Android dhe iOS | Shkarkoni aplikacionin\",\"isPartOf\":{\"@id\":\"https:\/\/planbet.cafe\/al\/#website\"},\"datePublished\":\"2025-05-07T08:10:05+00:00\",\"dateModified\":\"2025-09-28T14:21:30+00:00\",\"description\":\"Aplikacioni PlanBet p\u00ebr Android dhe iOS: shkarkoni dhe instaloni. Luani loj\u00ebrat tuaja t\u00eb preferuara t\u00eb kazinos\u00eb dhe vendosni baste n\u00eb sporte n\u00eb \u00e7do koh\u00eb, kudo!\",\"breadcrumb\":{\"@id\":\"https:\/\/planbet.cafe\/al\/app\/#breadcrumb\"},\"inLanguage\":\"sq\",\"potentialAction\":[{\"@type\":\"ReadAction\",\"target\":[\"https:\/\/planbet.cafe\/al\/app\/\"]}]},{\"@type\":\"BreadcrumbList\",\"@id\":\"https:\/\/planbet.cafe\/al\/app\/#breadcrumb\",\"itemListElement\":[{\"@type\":\"ListItem\",\"position\":1,\"name\":\"Home\",\"item\":\"https:\/\/planbet.cafe\/al\/\"},{\"@type\":\"ListItem\",\"position\":2,\"name\":\"Aplikacion\"}]},{\"@type\":\"WebSite\",\"@id\":\"https:\/\/planbet.cafe\/al\/#website\",\"url\":\"https:\/\/planbet.cafe\/al\/\",\"name\":\"Planbet AL\",\"description\":\"My WordPress Blog\",\"potentialAction\":[{\"@type\":\"SearchAction\",\"target\":{\"@type\":\"EntryPoint\",\"urlTemplate\":\"https:\/\/planbet.cafe\/al\/?s={search_term_string}\"},\"query-input\":{\"@type\":\"PropertyValueSpecification\",\"valueRequired\":true,\"valueName\":\"search_term_string\"}}],\"inLanguage\":\"sq\"}]}<\/script>\n<!-- \/ Yoast SEO plugin. -->","yoast_head_json":{"title":"Aplikacioni PlanBet p\u00ebr Android dhe iOS | Shkarkoni aplikacionin","description":"Aplikacioni PlanBet p\u00ebr Android dhe iOS: shkarkoni dhe instaloni. Luani loj\u00ebrat tuaja t\u00eb preferuara t\u00eb kazinos\u00eb dhe vendosni baste n\u00eb sporte n\u00eb \u00e7do koh\u00eb, kudo!","robots":{"index":"index","follow":"follow","max-snippet":"max-snippet:-1","max-image-preview":"max-image-preview:large","max-video-preview":"max-video-preview:-1"},"og_locale":"sq_AL","og_type":"article","og_title":"Aplikacioni PlanBet p\u00ebr Android dhe iOS | Shkarkoni aplikacionin","og_description":"Aplikacioni PlanBet p\u00ebr Android dhe iOS: shkarkoni dhe instaloni. Luani loj\u00ebrat tuaja t\u00eb preferuara t\u00eb kazinos\u00eb dhe vendosni baste n\u00eb sporte n\u00eb \u00e7do koh\u00eb, kudo!","og_url":"https:\/\/planbet.cafe\/al\/app\/","og_site_name":"Planbet AL","article_modified_time":"2025-09-28T14:21:30+00:00","twitter_card":"summary_large_image","schema":{"@context":"https:\/\/schema.org","@graph":[{"@type":"WebPage","@id":"https:\/\/planbet.cafe\/al\/app\/","url":"https:\/\/planbet.cafe\/al\/app\/","name":"Aplikacioni PlanBet p\u00ebr Android dhe iOS | Shkarkoni aplikacionin","isPartOf":{"@id":"https:\/\/planbet.cafe\/al\/#website"},"datePublished":"2025-05-07T08:10:05+00:00","dateModified":"2025-09-28T14:21:30+00:00","description":"Aplikacioni PlanBet p\u00ebr Android dhe iOS: shkarkoni dhe instaloni. Luani loj\u00ebrat tuaja t\u00eb preferuara t\u00eb kazinos\u00eb dhe vendosni baste n\u00eb sporte n\u00eb \u00e7do koh\u00eb, kudo!","breadcrumb":{"@id":"https:\/\/planbet.cafe\/al\/app\/#breadcrumb"},"inLanguage":"sq","potentialAction":[{"@type":"ReadAction","target":["https:\/\/planbet.cafe\/al\/app\/"]}]},{"@type":"BreadcrumbList","@id":"https:\/\/planbet.cafe\/al\/app\/#breadcrumb","itemListElement":[{"@type":"ListItem","position":1,"name":"Home","item":"https:\/\/planbet.cafe\/al\/"},{"@type":"ListItem","position":2,"name":"Aplikacion"}]},{"@type":"WebSite","@id":"https:\/\/planbet.cafe\/al\/#website","url":"https:\/\/planbet.cafe\/al\/","name":"Planbet AL","description":"My WordPress Blog","potentialAction":[{"@type":"SearchAction","target":{"@type":"EntryPoint","urlTemplate":"https:\/\/planbet.cafe\/al\/?s={search_term_string}"},"query-input":{"@type":"PropertyValueSpecification","valueRequired":true,"valueName":"search_term_string"}}],"inLanguage":"sq"}]}},"_links":{"self":[{"href":"https:\/\/planbet.cafe\/al\/wp-json\/wp\/v2\/pages\/188","targetHints":{"allow":["GET"]}}],"collection":[{"href":"https:\/\/planbet.cafe\/al\/wp-json\/wp\/v2\/pages"}],"about":[{"href":"https:\/\/planbet.cafe\/al\/wp-json\/wp\/v2\/types\/page"}],"author":[{"embeddable":true,"href":"https:\/\/planbet.cafe\/al\/wp-json\/wp\/v2\/users\/1"}],"replies":[{"embeddable":true,"href":"https:\/\/planbet.cafe\/al\/wp-json\/wp\/v2\/comments?post=188"}],"version-history":[{"count":10,"href":"https:\/\/planbet.cafe\/al\/wp-json\/wp\/v2\/pages\/188\/revisions"}],"predecessor-version":[{"id":474,"href":"https:\/\/planbet.cafe\/al\/wp-json\/wp\/v2\/pages\/188\/revisions\/474"}],"wp:attachment":[{"href":"https:\/\/planbet.cafe\/al\/wp-json\/wp\/v2\/media?parent=188"}],"curies":[{"name":"wp","href":"https:\/\/api.w.org\/{rel}","templated":true}]}}