{"id":321,"date":"2025-06-08T13:29:34","date_gmt":"2025-06-08T13:29:34","guid":{"rendered":"https:\/\/planbet.cafe\/ad\/?page_id=321"},"modified":"2025-11-02T15:21:49","modified_gmt":"2025-11-02T15:21:49","slug":"100-first-deposit","status":"publish","type":"page","link":"https:\/\/planbet.cafe\/ad\/bonus\/100-first-deposit\/","title":{"rendered":"100% en el primer dip\u00f2sit"},"content":{"rendered":"","protected":false},"excerpt":{"rendered":"","protected":false},"author":1,"featured_media":0,"parent":237,"menu_order":0,"comment_status":"closed","ping_status":"closed","template":"","meta":{"footnotes":""},"class_list":["post-321","page","type-page","status-publish","hentry"],"yoast_head":"<!-- This site is optimized with the Yoast SEO plugin v25.0 - https:\/\/yoast.com\/wordpress\/plugins\/seo\/ -->\n<title>PlanBet Aconsegueix el 100% en el teu primer dip\u00f2sit \u1409 113\u20ac<\/title>\n<meta name=\"description\" content=\"Dobla el teu primer dip\u00f2sit: aconsegueix fins a 113 \u20ac al teu compte. Registre r\u00e0pid, proc\u00e9s senzill i oportunitats incre\u00efbles per guanyar! No perdis l&#039;oportunitat: el bo nom\u00e9s est\u00e0 disponible una vegada!\" \/>\n<meta name=\"robots\" content=\"index, follow, max-snippet:-1, max-image-preview:large, max-video-preview:-1\" \/>\n<meta property=\"og:locale\" content=\"en_US\" \/>\n<meta property=\"og:type\" content=\"article\" \/>\n<meta property=\"og:title\" content=\"PlanBet Aconsegueix el 100% en el teu primer dip\u00f2sit \u1409 113\u20ac\" \/>\n<meta property=\"og:description\" content=\"Dobla el teu primer dip\u00f2sit: aconsegueix fins a 113 \u20ac al teu compte. Registre r\u00e0pid, proc\u00e9s senzill i oportunitats incre\u00efbles per guanyar! No perdis l&#039;oportunitat: el bo nom\u00e9s est\u00e0 disponible una vegada!\" \/>\n<meta property=\"og:url\" content=\"https:\/\/planbet.cafe\/ad\/bonus\/100-first-deposit\/\" \/>\n<meta property=\"og:site_name\" content=\"Planbet AD\" \/>\n<meta property=\"article:modified_time\" content=\"2025-11-02T15:21:49+00:00\" \/>\n<meta name=\"twitter:card\" content=\"summary_large_image\" \/>\n<script type=\"application\/ld+json\" class=\"yoast-schema-graph\">{\"@context\":\"https:\/\/schema.org\",\"@graph\":[{\"@type\":\"WebPage\",\"@id\":\"https:\/\/planbet.cafe\/ad\/bonus\/100-first-deposit\/\",\"url\":\"https:\/\/planbet.cafe\/ad\/bonus\/100-first-deposit\/\",\"name\":\"PlanBet Aconsegueix el 100% en el teu primer dip\u00f2sit \u1409 113\u20ac\",\"isPartOf\":{\"@id\":\"https:\/\/planbet.cafe\/ad\/#website\"},\"datePublished\":\"2025-06-08T13:29:34+00:00\",\"dateModified\":\"2025-11-02T15:21:49+00:00\",\"description\":\"Dobla el teu primer dip\u00f2sit: aconsegueix fins a 113 \u20ac al teu compte. Registre r\u00e0pid, proc\u00e9s senzill i oportunitats incre\u00efbles per guanyar! No perdis l'oportunitat: el bo nom\u00e9s est\u00e0 disponible una vegada!\",\"breadcrumb\":{\"@id\":\"https:\/\/planbet.cafe\/ad\/bonus\/100-first-deposit\/#breadcrumb\"},\"inLanguage\":\"ca-AD\",\"potentialAction\":[{\"@type\":\"ReadAction\",\"target\":[\"https:\/\/planbet.cafe\/ad\/bonus\/100-first-deposit\/\"]}]},{\"@type\":\"BreadcrumbList\",\"@id\":\"https:\/\/planbet.cafe\/ad\/bonus\/100-first-deposit\/#breadcrumb\",\"itemListElement\":[{\"@type\":\"ListItem\",\"position\":1,\"name\":\"Home\",\"item\":\"https:\/\/planbet.cafe\/ad\/\"},{\"@type\":\"ListItem\",\"position\":2,\"name\":\"Bonificaci\u00f3\",\"item\":\"https:\/\/planbet.cafe\/ad\/bonus\/\"},{\"@type\":\"ListItem\",\"position\":3,\"name\":\"100% en el primer dip\u00f2sit\"}]},{\"@type\":\"WebSite\",\"@id\":\"https:\/\/planbet.cafe\/ad\/#website\",\"url\":\"https:\/\/planbet.cafe\/ad\/\",\"name\":\"Planbet AD\",\"description\":\"My WordPress Blog\",\"potentialAction\":[{\"@type\":\"SearchAction\",\"target\":{\"@type\":\"EntryPoint\",\"urlTemplate\":\"https:\/\/planbet.cafe\/ad\/?s={search_term_string}\"},\"query-input\":{\"@type\":\"PropertyValueSpecification\",\"valueRequired\":true,\"valueName\":\"search_term_string\"}}],\"inLanguage\":\"ca-AD\"}]}<\/script>\n<!-- \/ Yoast SEO plugin. -->","yoast_head_json":{"title":"PlanBet Aconsegueix el 100% en el teu primer dip\u00f2sit \u1409 113\u20ac","description":"Dobla el teu primer dip\u00f2sit: aconsegueix fins a 113 \u20ac al teu compte. Registre r\u00e0pid, proc\u00e9s senzill i oportunitats incre\u00efbles per guanyar! No perdis l'oportunitat: el bo nom\u00e9s est\u00e0 disponible una vegada!","robots":{"index":"index","follow":"follow","max-snippet":"max-snippet:-1","max-image-preview":"max-image-preview:large","max-video-preview":"max-video-preview:-1"},"og_locale":"en_US","og_type":"article","og_title":"PlanBet Aconsegueix el 100% en el teu primer dip\u00f2sit \u1409 113\u20ac","og_description":"Dobla el teu primer dip\u00f2sit: aconsegueix fins a 113 \u20ac al teu compte. Registre r\u00e0pid, proc\u00e9s senzill i oportunitats incre\u00efbles per guanyar! No perdis l'oportunitat: el bo nom\u00e9s est\u00e0 disponible una vegada!","og_url":"https:\/\/planbet.cafe\/ad\/bonus\/100-first-deposit\/","og_site_name":"Planbet AD","article_modified_time":"2025-11-02T15:21:49+00:00","twitter_card":"summary_large_image","schema":{"@context":"https:\/\/schema.org","@graph":[{"@type":"WebPage","@id":"https:\/\/planbet.cafe\/ad\/bonus\/100-first-deposit\/","url":"https:\/\/planbet.cafe\/ad\/bonus\/100-first-deposit\/","name":"PlanBet Aconsegueix el 100% en el teu primer dip\u00f2sit \u1409 113\u20ac","isPartOf":{"@id":"https:\/\/planbet.cafe\/ad\/#website"},"datePublished":"2025-06-08T13:29:34+00:00","dateModified":"2025-11-02T15:21:49+00:00","description":"Dobla el teu primer dip\u00f2sit: aconsegueix fins a 113 \u20ac al teu compte. Registre r\u00e0pid, proc\u00e9s senzill i oportunitats incre\u00efbles per guanyar! No perdis l'oportunitat: el bo nom\u00e9s est\u00e0 disponible una vegada!","breadcrumb":{"@id":"https:\/\/planbet.cafe\/ad\/bonus\/100-first-deposit\/#breadcrumb"},"inLanguage":"ca-AD","potentialAction":[{"@type":"ReadAction","target":["https:\/\/planbet.cafe\/ad\/bonus\/100-first-deposit\/"]}]},{"@type":"BreadcrumbList","@id":"https:\/\/planbet.cafe\/ad\/bonus\/100-first-deposit\/#breadcrumb","itemListElement":[{"@type":"ListItem","position":1,"name":"Home","item":"https:\/\/planbet.cafe\/ad\/"},{"@type":"ListItem","position":2,"name":"Bonificaci\u00f3","item":"https:\/\/planbet.cafe\/ad\/bonus\/"},{"@type":"ListItem","position":3,"name":"100% en el primer dip\u00f2sit"}]},{"@type":"WebSite","@id":"https:\/\/planbet.cafe\/ad\/#website","url":"https:\/\/planbet.cafe\/ad\/","name":"Planbet AD","description":"My WordPress Blog","potentialAction":[{"@type":"SearchAction","target":{"@type":"EntryPoint","urlTemplate":"https:\/\/planbet.cafe\/ad\/?s={search_term_string}"},"query-input":{"@type":"PropertyValueSpecification","valueRequired":true,"valueName":"search_term_string"}}],"inLanguage":"ca-AD"}]}},"_links":{"self":[{"href":"https:\/\/planbet.cafe\/ad\/wp-json\/wp\/v2\/pages\/321","targetHints":{"allow":["GET"]}}],"collection":[{"href":"https:\/\/planbet.cafe\/ad\/wp-json\/wp\/v2\/pages"}],"about":[{"href":"https:\/\/planbet.cafe\/ad\/wp-json\/wp\/v2\/types\/page"}],"author":[{"embeddable":true,"href":"https:\/\/planbet.cafe\/ad\/wp-json\/wp\/v2\/users\/1"}],"replies":[{"embeddable":true,"href":"https:\/\/planbet.cafe\/ad\/wp-json\/wp\/v2\/comments?post=321"}],"version-history":[{"count":6,"href":"https:\/\/planbet.cafe\/ad\/wp-json\/wp\/v2\/pages\/321\/revisions"}],"predecessor-version":[{"id":474,"href":"https:\/\/planbet.cafe\/ad\/wp-json\/wp\/v2\/pages\/321\/revisions\/474"}],"up":[{"embeddable":true,"href":"https:\/\/planbet.cafe\/ad\/wp-json\/wp\/v2\/pages\/237"}],"wp:attachment":[{"href":"https:\/\/planbet.cafe\/ad\/wp-json\/wp\/v2\/media?parent=321"}],"curies":[{"name":"wp","href":"https:\/\/api.w.org\/{rel}","templated":true}]}}