{"id":263,"date":"2025-05-11T18:22:24","date_gmt":"2025-05-11T18:22:24","guid":{"rendered":"https:\/\/planbet.cafe\/ad\/?page_id=263"},"modified":"2025-11-02T15:32:55","modified_gmt":"2025-11-02T15:32:55","slug":"login","status":"publish","type":"page","link":"https:\/\/planbet.cafe\/ad\/login\/","title":{"rendered":"Inicia la sessi\u00f3"},"content":{"rendered":"","protected":false},"excerpt":{"rendered":"","protected":false},"author":1,"featured_media":0,"parent":0,"menu_order":0,"comment_status":"closed","ping_status":"closed","template":"","meta":{"footnotes":""},"class_list":["post-263","page","type-page","status-publish","hentry"],"yoast_head":"<!-- This site is optimized with the Yoast SEO plugin v25.0 - https:\/\/yoast.com\/wordpress\/plugins\/seo\/ -->\n<title>Inici de sessi\u00f3 a PlanBet \u1409 Accedeix r\u00e0pidament al teu compte<\/title>\n<meta name=\"description\" content=\"Accedeix al teu compte de PlanBet f\u00e0cilment! La guia proporciona instruccions pas a pas. Obt\u00e9n ajuda per iniciar sessi\u00f3, apr\u00e8n sobre la seguretat del compte i comen\u00e7a a jugar!\" \/>\n<meta name=\"robots\" content=\"index, follow, max-snippet:-1, max-image-preview:large, max-video-preview:-1\" \/>\n<meta property=\"og:locale\" content=\"en_US\" \/>\n<meta property=\"og:type\" content=\"article\" \/>\n<meta property=\"og:title\" content=\"Inici de sessi\u00f3 a PlanBet \u1409 Accedeix r\u00e0pidament al teu compte\" \/>\n<meta property=\"og:description\" content=\"Accedeix al teu compte de PlanBet f\u00e0cilment! La guia proporciona instruccions pas a pas. Obt\u00e9n ajuda per iniciar sessi\u00f3, apr\u00e8n sobre la seguretat del compte i comen\u00e7a a jugar!\" \/>\n<meta property=\"og:url\" content=\"https:\/\/planbet.cafe\/ad\/login\/\" \/>\n<meta property=\"og:site_name\" content=\"Planbet AD\" \/>\n<meta property=\"article:modified_time\" content=\"2025-11-02T15:32:55+00:00\" \/>\n<meta name=\"twitter:card\" content=\"summary_large_image\" \/>\n<script type=\"application\/ld+json\" class=\"yoast-schema-graph\">{\"@context\":\"https:\/\/schema.org\",\"@graph\":[{\"@type\":\"WebPage\",\"@id\":\"https:\/\/planbet.cafe\/ad\/login\/\",\"url\":\"https:\/\/planbet.cafe\/ad\/login\/\",\"name\":\"Inici de sessi\u00f3 a PlanBet \u1409 Accedeix r\u00e0pidament al teu compte\",\"isPartOf\":{\"@id\":\"https:\/\/planbet.cafe\/ad\/#website\"},\"datePublished\":\"2025-05-11T18:22:24+00:00\",\"dateModified\":\"2025-11-02T15:32:55+00:00\",\"description\":\"Accedeix al teu compte de PlanBet f\u00e0cilment! La guia proporciona instruccions pas a pas. Obt\u00e9n ajuda per iniciar sessi\u00f3, apr\u00e8n sobre la seguretat del compte i comen\u00e7a a jugar!\",\"breadcrumb\":{\"@id\":\"https:\/\/planbet.cafe\/ad\/login\/#breadcrumb\"},\"inLanguage\":\"ca-AD\",\"potentialAction\":[{\"@type\":\"ReadAction\",\"target\":[\"https:\/\/planbet.cafe\/ad\/login\/\"]}]},{\"@type\":\"BreadcrumbList\",\"@id\":\"https:\/\/planbet.cafe\/ad\/login\/#breadcrumb\",\"itemListElement\":[{\"@type\":\"ListItem\",\"position\":1,\"name\":\"Home\",\"item\":\"https:\/\/planbet.cafe\/ad\/\"},{\"@type\":\"ListItem\",\"position\":2,\"name\":\"Inicia la sessi\u00f3\"}]},{\"@type\":\"WebSite\",\"@id\":\"https:\/\/planbet.cafe\/ad\/#website\",\"url\":\"https:\/\/planbet.cafe\/ad\/\",\"name\":\"Planbet AD\",\"description\":\"My WordPress Blog\",\"potentialAction\":[{\"@type\":\"SearchAction\",\"target\":{\"@type\":\"EntryPoint\",\"urlTemplate\":\"https:\/\/planbet.cafe\/ad\/?s={search_term_string}\"},\"query-input\":{\"@type\":\"PropertyValueSpecification\",\"valueRequired\":true,\"valueName\":\"search_term_string\"}}],\"inLanguage\":\"ca-AD\"}]}<\/script>\n<!-- \/ Yoast SEO plugin. -->","yoast_head_json":{"title":"Inici de sessi\u00f3 a PlanBet \u1409 Accedeix r\u00e0pidament al teu compte","description":"Accedeix al teu compte de PlanBet f\u00e0cilment! La guia proporciona instruccions pas a pas. Obt\u00e9n ajuda per iniciar sessi\u00f3, apr\u00e8n sobre la seguretat del compte i comen\u00e7a a jugar!","robots":{"index":"index","follow":"follow","max-snippet":"max-snippet:-1","max-image-preview":"max-image-preview:large","max-video-preview":"max-video-preview:-1"},"og_locale":"en_US","og_type":"article","og_title":"Inici de sessi\u00f3 a PlanBet \u1409 Accedeix r\u00e0pidament al teu compte","og_description":"Accedeix al teu compte de PlanBet f\u00e0cilment! La guia proporciona instruccions pas a pas. Obt\u00e9n ajuda per iniciar sessi\u00f3, apr\u00e8n sobre la seguretat del compte i comen\u00e7a a jugar!","og_url":"https:\/\/planbet.cafe\/ad\/login\/","og_site_name":"Planbet AD","article_modified_time":"2025-11-02T15:32:55+00:00","twitter_card":"summary_large_image","schema":{"@context":"https:\/\/schema.org","@graph":[{"@type":"WebPage","@id":"https:\/\/planbet.cafe\/ad\/login\/","url":"https:\/\/planbet.cafe\/ad\/login\/","name":"Inici de sessi\u00f3 a PlanBet \u1409 Accedeix r\u00e0pidament al teu compte","isPartOf":{"@id":"https:\/\/planbet.cafe\/ad\/#website"},"datePublished":"2025-05-11T18:22:24+00:00","dateModified":"2025-11-02T15:32:55+00:00","description":"Accedeix al teu compte de PlanBet f\u00e0cilment! La guia proporciona instruccions pas a pas. Obt\u00e9n ajuda per iniciar sessi\u00f3, apr\u00e8n sobre la seguretat del compte i comen\u00e7a a jugar!","breadcrumb":{"@id":"https:\/\/planbet.cafe\/ad\/login\/#breadcrumb"},"inLanguage":"ca-AD","potentialAction":[{"@type":"ReadAction","target":["https:\/\/planbet.cafe\/ad\/login\/"]}]},{"@type":"BreadcrumbList","@id":"https:\/\/planbet.cafe\/ad\/login\/#breadcrumb","itemListElement":[{"@type":"ListItem","position":1,"name":"Home","item":"https:\/\/planbet.cafe\/ad\/"},{"@type":"ListItem","position":2,"name":"Inicia la sessi\u00f3"}]},{"@type":"WebSite","@id":"https:\/\/planbet.cafe\/ad\/#website","url":"https:\/\/planbet.cafe\/ad\/","name":"Planbet AD","description":"My WordPress Blog","potentialAction":[{"@type":"SearchAction","target":{"@type":"EntryPoint","urlTemplate":"https:\/\/planbet.cafe\/ad\/?s={search_term_string}"},"query-input":{"@type":"PropertyValueSpecification","valueRequired":true,"valueName":"search_term_string"}}],"inLanguage":"ca-AD"}]}},"_links":{"self":[{"href":"https:\/\/planbet.cafe\/ad\/wp-json\/wp\/v2\/pages\/263","targetHints":{"allow":["GET"]}}],"collection":[{"href":"https:\/\/planbet.cafe\/ad\/wp-json\/wp\/v2\/pages"}],"about":[{"href":"https:\/\/planbet.cafe\/ad\/wp-json\/wp\/v2\/types\/page"}],"author":[{"embeddable":true,"href":"https:\/\/planbet.cafe\/ad\/wp-json\/wp\/v2\/users\/1"}],"replies":[{"embeddable":true,"href":"https:\/\/planbet.cafe\/ad\/wp-json\/wp\/v2\/comments?post=263"}],"version-history":[{"count":8,"href":"https:\/\/planbet.cafe\/ad\/wp-json\/wp\/v2\/pages\/263\/revisions"}],"predecessor-version":[{"id":484,"href":"https:\/\/planbet.cafe\/ad\/wp-json\/wp\/v2\/pages\/263\/revisions\/484"}],"wp:attachment":[{"href":"https:\/\/planbet.cafe\/ad\/wp-json\/wp\/v2\/media?parent=263"}],"curies":[{"name":"wp","href":"https:\/\/api.w.org\/{rel}","templated":true}]}}